{"id":6945,"date":"2025-12-16T12:24:44","date_gmt":"2025-12-16T11:24:44","guid":{"rendered":"https:\/\/www.editorialminuscula.com\/?post_type=product&#038;p=6945"},"modified":"2026-05-04T16:30:53","modified_gmt":"2026-05-04T14:30:53","slug":"la-edad-ridicula","status":"publish","type":"product","link":"https:\/\/www.editorialminuscula.com\/en\/libro\/la-edad-ridicula\/","title":{"rendered":"La edad rid\u00edcula"},"content":{"rendered":"<p>En un municipio situado en la <em>banlieue<\/em> de Par\u00eds, una adolescente de origen iran\u00ed se enfrenta a las dudas y complejos derivados de la imposibilidad de parecerse a las modelos de melena sedosa de los anuncios de champ\u00fa, en el instituto es v\u00edctima de acoso escolar y sus padres son exiliados pol\u00edticos con pocos recursos. Su sue\u00f1o es alejarse de la periferia en la que vive, llegar a Par\u00eds, y para conseguirlo el \u00fanico medio que tiene a su alcance es el estudio. \u00bfFuncionar\u00e1 todav\u00eda el famoso ascensor social de Occidente? <em>La edad rid\u00edcula <\/em>es en parte un texto de denuncia de un sistema educativo que se revela discriminatorio: \u00abLlega un momento en que hay que dejarse de historias y denunciar el mito de la igualdad de oportunidades en Francia\u00bb, dice Maryam Madjidi. Sin embargo, el libro es, sobre todo, una aguda y nada complaciente forma de reconciliaci\u00f3n de la narradora con su pasado y consigo misma.<\/p>\n<p>&nbsp;<\/p>\n","protected":false},"excerpt":{"rendered":"<p>Maryam Madjidi<br \/>979-13-990040-6-9<br \/>9791399004069<\/p>\n","protected":false},"featured_media":6946,"template":"","meta":{"_acf_changed":false,"_monsterinsights_skip_tracking":false,"_monsterinsights_sitenote_active":false,"_monsterinsights_sitenote_note":"","_monsterinsights_sitenote_category":0},"product_brand":[],"product_cat":[15],"product_tag":[],"class_list":{"0":"post-6945","1":"product","2":"type-product","3":"status-publish","4":"has-post-thumbnail","6":"coleccion-tour-de-force","7":"product_cat-sin-categorizar","9":"first","10":"instock","11":"taxable","12":"shipping-taxable","13":"purchasable","14":"product-type-simple"},"acf":{"subtitulo":"","isbn":"979-13-990040-6-9","paginas":192,"coleccion-num":58,"idioma":["fr"],"primera_edicion":2026,"reimpresion_texto":"","reimpresion_ano":"","ultima_edicion_es":"","ultima_edicion_ca":"","ultima_edicion_en":"","ultima_edicion_ano":"","agotado":false,"descatalogado":false,"encuadernacion":"rsl","formato":"14 x 21 cm","premios":"","aparador":true,"destacado":false,"aparador_orden":-5,"destacado_orden":"","autor":[2225],"traductor":[3030],"editor":"","presentador":"","prologuista":"","posfacio":"","notas":"","fragmento":7243,"resenas":"Para buena parte de la cr\u00edtica 'La edad rid\u00edcula' quedar\u00e1 relegada \u00fanicamente a la estanter\u00eda de las narrativas perif\u00e9ricas. Se equivocan.\r\nNoelia Ram\u00edrez, <em>Babelia<\/em>\r\n\r\nDos voces comparten la narraci\u00f3n de <em>La edad rid\u00edcula<\/em>, y de su yuxtaposici\u00f3n, de su di\u00e1logo, nace el precioso equilibrio entre vitalidad y melancol\u00eda, humor y gravedad, en el que se sostiene esta apasionante novela de transici\u00f3n a la edad adulta.\r\nNathalie Crom, <em>T\u00e9l\u00e9rama<\/em>\r\n\r\nProbablemente es esta lucidez, te\u00f1ida de una fuerte tendencia a la autoiron\u00eda, lo que hace que la lectura de este libro sea tan gratificante. [...] El paisaje urbano se entrelaza con emociones \u00edntimas, amistades y amores juveniles. En <em>La edad rid\u00edcula<\/em> casi todas las emociones est\u00e1n vinculadas a un lugar, a una perspectiva.\r\nGabrielle Napoli, <em>En attendant Nadeau<\/em>\r\n\r\nMuchos ensayos pol\u00edticos podr\u00edan tomar ejemplo.\r\n<em>Correspondance Manosque<\/em>\r\n\r\nLleno de humor.\r\n<em>Les Inrocks<\/em>\r\n\r\n<a href=\"https:\/\/www.lavanguardia.com\/cultura\/20260426\/11522532\/maryam-madjidi-situacion-iran-facil-ultimos-meses-intensidad-multiplicado-la-edad-ridicula.html\">Lara G\u00f3mez entrevista Maryam Madjidi en <em>La Vanguardia<\/em><\/a> (26 abril 2026)","tienda_compra_1":"Todos tus libros","enlace_compra_1":"https:\/\/www.todostuslibros.com\/isbn\/9791399004069","tienda_compra_2":"","enlace_compra_2":"","tienda_compra_3":"","enlace_compra_3":"","tienda_compra_4":"","enlace_compra_4":"","tienda_compra_5":"","enlace_compra_5":""},"yoast_head":"<!-- This site is optimized with the Yoast SEO plugin v27.5 - https:\/\/yoast.com\/product\/yoast-seo-wordpress\/ -->\n<title>La edad rid\u00edcula - editorial min\u00fascula<\/title>\n<meta name=\"robots\" content=\"index, follow, max-snippet:-1, max-image-preview:large, max-video-preview:-1\" \/>\n<link rel=\"canonical\" href=\"https:\/\/www.editorialminuscula.com\/libro\/la-edad-ridicula\/\" \/>\n<meta property=\"og:locale\" content=\"en_US\" \/>\n<meta property=\"og:type\" content=\"article\" \/>\n<meta property=\"og:title\" content=\"La edad rid\u00edcula - editorial min\u00fascula\" \/>\n<meta property=\"og:description\" content=\"Maryam Madjidi979-13-990040-6-99791399004069\" \/>\n<meta property=\"og:url\" content=\"https:\/\/www.editorialminuscula.com\/libro\/la-edad-ridicula\/\" \/>\n<meta property=\"og:site_name\" content=\"editorial min\u00fascula\" \/>\n<meta property=\"article:modified_time\" content=\"2026-05-04T14:30:53+00:00\" \/>\n<meta property=\"og:image\" content=\"https:\/\/www.editorialminuscula.com\/wp-content\/uploads\/La-edad-ridiculaALTA.jpg\" \/>\n\t<meta property=\"og:image:width\" content=\"1651\" \/>\n\t<meta property=\"og:image:height\" content=\"2480\" \/>\n\t<meta property=\"og:image:type\" content=\"image\/jpeg\" \/>\n<meta name=\"twitter:card\" content=\"summary_large_image\" \/>\n<meta name=\"twitter:label1\" content=\"Est. reading time\" \/>\n\t<meta name=\"twitter:data1\" content=\"2 minutes\" \/>\n<script type=\"application\/ld+json\" class=\"yoast-schema-graph\">{\"@context\":\"https:\\\/\\\/schema.org\",\"@graph\":[{\"@type\":\"WebPage\",\"@id\":\"https:\\\/\\\/www.editorialminuscula.com\\\/libro\\\/la-edad-ridicula\\\/\",\"url\":\"https:\\\/\\\/www.editorialminuscula.com\\\/libro\\\/la-edad-ridicula\\\/\",\"name\":\"La edad rid\u00edcula - editorial min\u00fascula\",\"isPartOf\":{\"@id\":\"https:\\\/\\\/www.editorialminuscula.com\\\/#website\"},\"primaryImageOfPage\":{\"@id\":\"https:\\\/\\\/www.editorialminuscula.com\\\/libro\\\/la-edad-ridicula\\\/#primaryimage\"},\"image\":{\"@id\":\"https:\\\/\\\/www.editorialminuscula.com\\\/libro\\\/la-edad-ridicula\\\/#primaryimage\"},\"thumbnailUrl\":\"https:\\\/\\\/www.editorialminuscula.com\\\/wp-content\\\/uploads\\\/La-edad-ridiculaALTA.jpg\",\"datePublished\":\"2025-12-16T11:24:44+00:00\",\"dateModified\":\"2026-05-04T14:30:53+00:00\",\"breadcrumb\":{\"@id\":\"https:\\\/\\\/www.editorialminuscula.com\\\/libro\\\/la-edad-ridicula\\\/#breadcrumb\"},\"inLanguage\":\"en-US\",\"potentialAction\":[{\"@type\":\"ReadAction\",\"target\":[\"https:\\\/\\\/www.editorialminuscula.com\\\/libro\\\/la-edad-ridicula\\\/\"]}]},{\"@type\":\"ImageObject\",\"inLanguage\":\"en-US\",\"@id\":\"https:\\\/\\\/www.editorialminuscula.com\\\/libro\\\/la-edad-ridicula\\\/#primaryimage\",\"url\":\"https:\\\/\\\/www.editorialminuscula.com\\\/wp-content\\\/uploads\\\/La-edad-ridiculaALTA.jpg\",\"contentUrl\":\"https:\\\/\\\/www.editorialminuscula.com\\\/wp-content\\\/uploads\\\/La-edad-ridiculaALTA.jpg\",\"width\":1651,\"height\":2480},{\"@type\":\"BreadcrumbList\",\"@id\":\"https:\\\/\\\/www.editorialminuscula.com\\\/libro\\\/la-edad-ridicula\\\/#breadcrumb\",\"itemListElement\":[{\"@type\":\"ListItem\",\"position\":1,\"name\":\"Portada\",\"item\":\"https:\\\/\\\/www.editorialminuscula.com\\\/en\\\/\"},{\"@type\":\"ListItem\",\"position\":2,\"name\":\"Catalogue\",\"item\":\"https:\\\/\\\/www.editorialminuscula.com\\\/en\\\/catalog\\\/\"},{\"@type\":\"ListItem\",\"position\":3,\"name\":\"La edad rid\u00edcula\"}]},{\"@type\":\"WebSite\",\"@id\":\"https:\\\/\\\/www.editorialminuscula.com\\\/#website\",\"url\":\"https:\\\/\\\/www.editorialminuscula.com\\\/\",\"name\":\"editorial min\u00fascula\",\"description\":\"\",\"publisher\":{\"@id\":\"https:\\\/\\\/www.editorialminuscula.com\\\/#organization\"},\"alternateName\":\"Velas naturales\",\"potentialAction\":[{\"@type\":\"SearchAction\",\"target\":{\"@type\":\"EntryPoint\",\"urlTemplate\":\"https:\\\/\\\/www.editorialminuscula.com\\\/?s={search_term_string}\"},\"query-input\":{\"@type\":\"PropertyValueSpecification\",\"valueRequired\":true,\"valueName\":\"search_term_string\"}}],\"inLanguage\":\"en-US\"},{\"@type\":\"Organization\",\"@id\":\"https:\\\/\\\/www.editorialminuscula.com\\\/#organization\",\"name\":\"Editorial min\u00fascula\",\"alternateName\":\"Editorial min\u00fascula\",\"url\":\"https:\\\/\\\/www.editorialminuscula.com\\\/\",\"logo\":{\"@type\":\"ImageObject\",\"inLanguage\":\"en-US\",\"@id\":\"https:\\\/\\\/www.editorialminuscula.com\\\/#\\\/schema\\\/logo\\\/image\\\/\",\"url\":\"\",\"contentUrl\":\"\",\"caption\":\"Editorial min\u00fascula\"},\"image\":{\"@id\":\"https:\\\/\\\/www.editorialminuscula.com\\\/#\\\/schema\\\/logo\\\/image\\\/\"},\"sameAs\":[\"https:\\\/\\\/www.instagram.com\\\/reemocioart\\\/\"]}]}<\/script>\n<!-- \/ Yoast SEO plugin. -->","yoast_head_json":{"title":"La edad rid\u00edcula - editorial min\u00fascula","robots":{"index":"index","follow":"follow","max-snippet":"max-snippet:-1","max-image-preview":"max-image-preview:large","max-video-preview":"max-video-preview:-1"},"canonical":"https:\/\/www.editorialminuscula.com\/libro\/la-edad-ridicula\/","og_locale":"en_US","og_type":"article","og_title":"La edad rid\u00edcula - editorial min\u00fascula","og_description":"Maryam Madjidi979-13-990040-6-99791399004069","og_url":"https:\/\/www.editorialminuscula.com\/libro\/la-edad-ridicula\/","og_site_name":"editorial min\u00fascula","article_modified_time":"2026-05-04T14:30:53+00:00","og_image":[{"width":1651,"height":2480,"url":"https:\/\/www.editorialminuscula.com\/wp-content\/uploads\/La-edad-ridiculaALTA.jpg","type":"image\/jpeg"}],"twitter_card":"summary_large_image","twitter_misc":{"Est. reading time":"2 minutes"},"schema":{"@context":"https:\/\/schema.org","@graph":[{"@type":"WebPage","@id":"https:\/\/www.editorialminuscula.com\/libro\/la-edad-ridicula\/","url":"https:\/\/www.editorialminuscula.com\/libro\/la-edad-ridicula\/","name":"La edad rid\u00edcula - editorial min\u00fascula","isPartOf":{"@id":"https:\/\/www.editorialminuscula.com\/#website"},"primaryImageOfPage":{"@id":"https:\/\/www.editorialminuscula.com\/libro\/la-edad-ridicula\/#primaryimage"},"image":{"@id":"https:\/\/www.editorialminuscula.com\/libro\/la-edad-ridicula\/#primaryimage"},"thumbnailUrl":"https:\/\/www.editorialminuscula.com\/wp-content\/uploads\/La-edad-ridiculaALTA.jpg","datePublished":"2025-12-16T11:24:44+00:00","dateModified":"2026-05-04T14:30:53+00:00","breadcrumb":{"@id":"https:\/\/www.editorialminuscula.com\/libro\/la-edad-ridicula\/#breadcrumb"},"inLanguage":"en-US","potentialAction":[{"@type":"ReadAction","target":["https:\/\/www.editorialminuscula.com\/libro\/la-edad-ridicula\/"]}]},{"@type":"ImageObject","inLanguage":"en-US","@id":"https:\/\/www.editorialminuscula.com\/libro\/la-edad-ridicula\/#primaryimage","url":"https:\/\/www.editorialminuscula.com\/wp-content\/uploads\/La-edad-ridiculaALTA.jpg","contentUrl":"https:\/\/www.editorialminuscula.com\/wp-content\/uploads\/La-edad-ridiculaALTA.jpg","width":1651,"height":2480},{"@type":"BreadcrumbList","@id":"https:\/\/www.editorialminuscula.com\/libro\/la-edad-ridicula\/#breadcrumb","itemListElement":[{"@type":"ListItem","position":1,"name":"Portada","item":"https:\/\/www.editorialminuscula.com\/en\/"},{"@type":"ListItem","position":2,"name":"Catalogue","item":"https:\/\/www.editorialminuscula.com\/en\/catalog\/"},{"@type":"ListItem","position":3,"name":"La edad rid\u00edcula"}]},{"@type":"WebSite","@id":"https:\/\/www.editorialminuscula.com\/#website","url":"https:\/\/www.editorialminuscula.com\/","name":"editorial min\u00fascula","description":"","publisher":{"@id":"https:\/\/www.editorialminuscula.com\/#organization"},"alternateName":"Velas naturales","potentialAction":[{"@type":"SearchAction","target":{"@type":"EntryPoint","urlTemplate":"https:\/\/www.editorialminuscula.com\/?s={search_term_string}"},"query-input":{"@type":"PropertyValueSpecification","valueRequired":true,"valueName":"search_term_string"}}],"inLanguage":"en-US"},{"@type":"Organization","@id":"https:\/\/www.editorialminuscula.com\/#organization","name":"Editorial min\u00fascula","alternateName":"Editorial min\u00fascula","url":"https:\/\/www.editorialminuscula.com\/","logo":{"@type":"ImageObject","inLanguage":"en-US","@id":"https:\/\/www.editorialminuscula.com\/#\/schema\/logo\/image\/","url":"","contentUrl":"","caption":"Editorial min\u00fascula"},"image":{"@id":"https:\/\/www.editorialminuscula.com\/#\/schema\/logo\/image\/"},"sameAs":["https:\/\/www.instagram.com\/reemocioart\/"]}]}},"_links":{"self":[{"href":"https:\/\/www.editorialminuscula.com\/en\/wp-json\/wp\/v2\/product\/6945","targetHints":{"allow":["GET"]}}],"collection":[{"href":"https:\/\/www.editorialminuscula.com\/en\/wp-json\/wp\/v2\/product"}],"about":[{"href":"https:\/\/www.editorialminuscula.com\/en\/wp-json\/wp\/v2\/types\/product"}],"acf:post":[{"embeddable":true,"href":"https:\/\/www.editorialminuscula.com\/en\/wp-json\/wp\/v2\/autor\/3030"},{"embeddable":true,"href":"https:\/\/www.editorialminuscula.com\/en\/wp-json\/wp\/v2\/autor\/2225"}],"wp:featuredmedia":[{"embeddable":true,"href":"https:\/\/www.editorialminuscula.com\/en\/wp-json\/wp\/v2\/media\/6946"}],"wp:attachment":[{"href":"https:\/\/www.editorialminuscula.com\/en\/wp-json\/wp\/v2\/media?parent=6945"}],"wp:term":[{"taxonomy":"product_brand","embeddable":true,"href":"https:\/\/www.editorialminuscula.com\/en\/wp-json\/wp\/v2\/product_brand?post=6945"},{"taxonomy":"product_cat","embeddable":true,"href":"https:\/\/www.editorialminuscula.com\/en\/wp-json\/wp\/v2\/product_cat?post=6945"},{"taxonomy":"product_tag","embeddable":true,"href":"https:\/\/www.editorialminuscula.com\/en\/wp-json\/wp\/v2\/product_tag?post=6945"}],"curies":[{"name":"wp","href":"https:\/\/api.w.org\/{rel}","templated":true}]}}