{"id":6613,"date":"2025-07-09T13:18:06","date_gmt":"2025-07-09T11:18:06","guid":{"rendered":"https:\/\/www.editorialminuscula.com\/?post_type=product&#038;p=6613"},"modified":"2025-12-16T15:59:15","modified_gmt":"2025-12-16T14:59:15","slug":"el-safari-de-los-binstead","status":"publish","type":"product","link":"https:\/\/www.editorialminuscula.com\/en\/libro\/el-safari-de-los-binstead\/","title":{"rendered":"El safari de los Binstead"},"content":{"rendered":"<p>El profesor universitario Stan Binstead viaja desde Nueva Inglaterra a un pa\u00eds centroafricano para terminar la investigaci\u00f3n de un colega sobre los mitos locales y el culto a un dios le\u00f3n que tiene el poder de convertirse en hombre&#8230;, \u00bfo es al rev\u00e9s, un hombre que tiene el poder de convertirse en le\u00f3n? Aunque hab\u00eda previsto que a la expedici\u00f3n ir\u00eda \u00e9l solo, Millie, su mujer, insiste en acompa\u00f1arlo y finalmente puede permit\u00edrselo gracias a una herencia inesperada. El matrimonio pasa unas semanas en Londres antes de volar a \u00c1frica, y Millie al principio se siente dejada de lado por Stan y sus compromisos pretendidamente acad\u00e9micos. Sin embargo, la ciudad estimula a Millie a hacerse cargo de s\u00ed misma de una forma desacostumbrada. Cuando la pareja llega a \u00c1frica, la antigua esposa sumisa es una mujer renacida que atrae las simpat\u00edas y las miradas. Y un d\u00eda, por casualidad, conoce a alguien a quien la poblaci\u00f3n local adora&#8230; quiz\u00e1 no solo en sentido figurado.<\/p>\n","protected":false},"excerpt":{"rendered":"<p>Rachel Ingalls<br \/>978-84-128314-1-2<br \/>9788412831412<\/p>\n","protected":false},"featured_media":6615,"template":"","meta":{"_acf_changed":false,"_monsterinsights_skip_tracking":false,"_monsterinsights_sitenote_active":false,"_monsterinsights_sitenote_note":"","_monsterinsights_sitenote_category":0},"product_brand":[],"product_cat":[15],"product_tag":[],"class_list":{"0":"post-6613","1":"product","2":"type-product","3":"status-publish","4":"has-post-thumbnail","6":"coleccion-tour-de-force","7":"product_cat-sin-categorizar","9":"first","10":"instock","11":"taxable","12":"shipping-taxable","13":"purchasable","14":"product-type-simple"},"acf":{"subtitulo":"","isbn":"978-84-128314-1-2","paginas":248,"coleccion-num":56,"idioma":["en"],"primera_edicion":2025,"reimpresion_texto":"","reimpresion_ano":"","ultima_edicion_es":"","ultima_edicion_ca":"","ultima_edicion_en":"","ultima_edicion_ano":"","agotado":false,"descatalogado":false,"encuadernacion":"rsl","formato":"14 x 21 cm","premios":"","aparador":true,"destacado":false,"aparador_orden":-1,"destacado_orden":"","autor":[2202],"traductor":[3019],"editor":"","presentador":"","prologuista":"","posfacio":"","notas":"","fragmento":6976,"resenas":"\u00ab<em>El safari de los Binstead<\/em>\u00a0es el cumplimiento de la promesa que Rachel Ingalls hac\u00eda en\u00a0<em>La se\u00f1ora Caliban<\/em>. La historia de Millie es compleja y fascinante.\u00bb\r\nJessica Ferri,\u00a0<em>Los Angeles Times<\/em>\r\n\r\nIngalls es una escritora brillante de novelas y relatos, y la inmensa habilidad con la que plantea los conflictos recuerda los mejores thrillers cinematogr\u00e1ficos.\r\nUrsula K. LeGuin\r\n\r\n\u00abIngeniosa y elegante.\u00bb\r\n<em>Kirkus Reviews<\/em>\r\n\r\n\u00abExcepcional.\u00bb\r\nMichele Leber,\u00a0<em>Booklist<\/em>\r\n\r\n\u00ab<em>El safari de los Binstead<\/em>\u00a0es una extra\u00f1a obra maestra en la que el suspense y el horror se equilibran con la comedia teatral.\u00bb\r\nAnita Felicelli","tienda_compra_1":"Todos tus libros","enlace_compra_1":"https:\/\/www.todostuslibros.com\/isbn\/978-84-128314-1-2","tienda_compra_2":"","enlace_compra_2":"","tienda_compra_3":"","enlace_compra_3":"","tienda_compra_4":"","enlace_compra_4":"","tienda_compra_5":"","enlace_compra_5":""},"yoast_head":"<!-- This site is optimized with the Yoast SEO plugin v27.5 - https:\/\/yoast.com\/product\/yoast-seo-wordpress\/ -->\n<title>El safari de los Binstead - editorial min\u00fascula<\/title>\n<meta name=\"robots\" content=\"index, follow, max-snippet:-1, max-image-preview:large, max-video-preview:-1\" \/>\n<link rel=\"canonical\" href=\"https:\/\/www.editorialminuscula.com\/libro\/el-safari-de-los-binstead\/\" \/>\n<meta property=\"og:locale\" content=\"en_US\" \/>\n<meta property=\"og:type\" content=\"article\" \/>\n<meta property=\"og:title\" content=\"El safari de los Binstead - editorial min\u00fascula\" \/>\n<meta property=\"og:description\" content=\"Rachel Ingalls978-84-128314-1-29788412831412\" \/>\n<meta property=\"og:url\" content=\"https:\/\/www.editorialminuscula.com\/libro\/el-safari-de-los-binstead\/\" \/>\n<meta property=\"og:site_name\" content=\"editorial min\u00fascula\" \/>\n<meta property=\"article:modified_time\" content=\"2025-12-16T14:59:15+00:00\" \/>\n<meta property=\"og:image\" content=\"https:\/\/www.editorialminuscula.com\/wp-content\/uploads\/El-SafariNOVA.jpg\" \/>\n\t<meta property=\"og:image:width\" content=\"551\" \/>\n\t<meta property=\"og:image:height\" content=\"827\" \/>\n\t<meta property=\"og:image:type\" content=\"image\/jpeg\" \/>\n<meta name=\"twitter:card\" content=\"summary_large_image\" \/>\n<meta name=\"twitter:label1\" content=\"Est. reading time\" \/>\n\t<meta name=\"twitter:data1\" content=\"2 minutes\" \/>\n<script type=\"application\/ld+json\" class=\"yoast-schema-graph\">{\"@context\":\"https:\\\/\\\/schema.org\",\"@graph\":[{\"@type\":\"WebPage\",\"@id\":\"https:\\\/\\\/www.editorialminuscula.com\\\/libro\\\/el-safari-de-los-binstead\\\/\",\"url\":\"https:\\\/\\\/www.editorialminuscula.com\\\/libro\\\/el-safari-de-los-binstead\\\/\",\"name\":\"El safari de los Binstead - editorial min\u00fascula\",\"isPartOf\":{\"@id\":\"https:\\\/\\\/www.editorialminuscula.com\\\/#website\"},\"primaryImageOfPage\":{\"@id\":\"https:\\\/\\\/www.editorialminuscula.com\\\/libro\\\/el-safari-de-los-binstead\\\/#primaryimage\"},\"image\":{\"@id\":\"https:\\\/\\\/www.editorialminuscula.com\\\/libro\\\/el-safari-de-los-binstead\\\/#primaryimage\"},\"thumbnailUrl\":\"https:\\\/\\\/www.editorialminuscula.com\\\/wp-content\\\/uploads\\\/El-SafariNOVA.jpg\",\"datePublished\":\"2025-07-09T11:18:06+00:00\",\"dateModified\":\"2025-12-16T14:59:15+00:00\",\"breadcrumb\":{\"@id\":\"https:\\\/\\\/www.editorialminuscula.com\\\/libro\\\/el-safari-de-los-binstead\\\/#breadcrumb\"},\"inLanguage\":\"en-US\",\"potentialAction\":[{\"@type\":\"ReadAction\",\"target\":[\"https:\\\/\\\/www.editorialminuscula.com\\\/libro\\\/el-safari-de-los-binstead\\\/\"]}]},{\"@type\":\"ImageObject\",\"inLanguage\":\"en-US\",\"@id\":\"https:\\\/\\\/www.editorialminuscula.com\\\/libro\\\/el-safari-de-los-binstead\\\/#primaryimage\",\"url\":\"https:\\\/\\\/www.editorialminuscula.com\\\/wp-content\\\/uploads\\\/El-SafariNOVA.jpg\",\"contentUrl\":\"https:\\\/\\\/www.editorialminuscula.com\\\/wp-content\\\/uploads\\\/El-SafariNOVA.jpg\",\"width\":551,\"height\":827},{\"@type\":\"BreadcrumbList\",\"@id\":\"https:\\\/\\\/www.editorialminuscula.com\\\/libro\\\/el-safari-de-los-binstead\\\/#breadcrumb\",\"itemListElement\":[{\"@type\":\"ListItem\",\"position\":1,\"name\":\"Portada\",\"item\":\"https:\\\/\\\/www.editorialminuscula.com\\\/en\\\/\"},{\"@type\":\"ListItem\",\"position\":2,\"name\":\"Catalogue\",\"item\":\"https:\\\/\\\/www.editorialminuscula.com\\\/en\\\/catalog\\\/\"},{\"@type\":\"ListItem\",\"position\":3,\"name\":\"El safari de los Binstead\"}]},{\"@type\":\"WebSite\",\"@id\":\"https:\\\/\\\/www.editorialminuscula.com\\\/#website\",\"url\":\"https:\\\/\\\/www.editorialminuscula.com\\\/\",\"name\":\"editorial min\u00fascula\",\"description\":\"\",\"publisher\":{\"@id\":\"https:\\\/\\\/www.editorialminuscula.com\\\/#organization\"},\"alternateName\":\"Velas naturales\",\"potentialAction\":[{\"@type\":\"SearchAction\",\"target\":{\"@type\":\"EntryPoint\",\"urlTemplate\":\"https:\\\/\\\/www.editorialminuscula.com\\\/?s={search_term_string}\"},\"query-input\":{\"@type\":\"PropertyValueSpecification\",\"valueRequired\":true,\"valueName\":\"search_term_string\"}}],\"inLanguage\":\"en-US\"},{\"@type\":\"Organization\",\"@id\":\"https:\\\/\\\/www.editorialminuscula.com\\\/#organization\",\"name\":\"Editorial min\u00fascula\",\"alternateName\":\"Editorial min\u00fascula\",\"url\":\"https:\\\/\\\/www.editorialminuscula.com\\\/\",\"logo\":{\"@type\":\"ImageObject\",\"inLanguage\":\"en-US\",\"@id\":\"https:\\\/\\\/www.editorialminuscula.com\\\/#\\\/schema\\\/logo\\\/image\\\/\",\"url\":\"\",\"contentUrl\":\"\",\"caption\":\"Editorial min\u00fascula\"},\"image\":{\"@id\":\"https:\\\/\\\/www.editorialminuscula.com\\\/#\\\/schema\\\/logo\\\/image\\\/\"},\"sameAs\":[\"https:\\\/\\\/www.instagram.com\\\/reemocioart\\\/\"]}]}<\/script>\n<!-- \/ Yoast SEO plugin. -->","yoast_head_json":{"title":"El safari de los Binstead - editorial min\u00fascula","robots":{"index":"index","follow":"follow","max-snippet":"max-snippet:-1","max-image-preview":"max-image-preview:large","max-video-preview":"max-video-preview:-1"},"canonical":"https:\/\/www.editorialminuscula.com\/libro\/el-safari-de-los-binstead\/","og_locale":"en_US","og_type":"article","og_title":"El safari de los Binstead - editorial min\u00fascula","og_description":"Rachel Ingalls978-84-128314-1-29788412831412","og_url":"https:\/\/www.editorialminuscula.com\/libro\/el-safari-de-los-binstead\/","og_site_name":"editorial min\u00fascula","article_modified_time":"2025-12-16T14:59:15+00:00","og_image":[{"width":551,"height":827,"url":"https:\/\/www.editorialminuscula.com\/wp-content\/uploads\/El-SafariNOVA.jpg","type":"image\/jpeg"}],"twitter_card":"summary_large_image","twitter_misc":{"Est. reading time":"2 minutes"},"schema":{"@context":"https:\/\/schema.org","@graph":[{"@type":"WebPage","@id":"https:\/\/www.editorialminuscula.com\/libro\/el-safari-de-los-binstead\/","url":"https:\/\/www.editorialminuscula.com\/libro\/el-safari-de-los-binstead\/","name":"El safari de los Binstead - editorial min\u00fascula","isPartOf":{"@id":"https:\/\/www.editorialminuscula.com\/#website"},"primaryImageOfPage":{"@id":"https:\/\/www.editorialminuscula.com\/libro\/el-safari-de-los-binstead\/#primaryimage"},"image":{"@id":"https:\/\/www.editorialminuscula.com\/libro\/el-safari-de-los-binstead\/#primaryimage"},"thumbnailUrl":"https:\/\/www.editorialminuscula.com\/wp-content\/uploads\/El-SafariNOVA.jpg","datePublished":"2025-07-09T11:18:06+00:00","dateModified":"2025-12-16T14:59:15+00:00","breadcrumb":{"@id":"https:\/\/www.editorialminuscula.com\/libro\/el-safari-de-los-binstead\/#breadcrumb"},"inLanguage":"en-US","potentialAction":[{"@type":"ReadAction","target":["https:\/\/www.editorialminuscula.com\/libro\/el-safari-de-los-binstead\/"]}]},{"@type":"ImageObject","inLanguage":"en-US","@id":"https:\/\/www.editorialminuscula.com\/libro\/el-safari-de-los-binstead\/#primaryimage","url":"https:\/\/www.editorialminuscula.com\/wp-content\/uploads\/El-SafariNOVA.jpg","contentUrl":"https:\/\/www.editorialminuscula.com\/wp-content\/uploads\/El-SafariNOVA.jpg","width":551,"height":827},{"@type":"BreadcrumbList","@id":"https:\/\/www.editorialminuscula.com\/libro\/el-safari-de-los-binstead\/#breadcrumb","itemListElement":[{"@type":"ListItem","position":1,"name":"Portada","item":"https:\/\/www.editorialminuscula.com\/en\/"},{"@type":"ListItem","position":2,"name":"Catalogue","item":"https:\/\/www.editorialminuscula.com\/en\/catalog\/"},{"@type":"ListItem","position":3,"name":"El safari de los Binstead"}]},{"@type":"WebSite","@id":"https:\/\/www.editorialminuscula.com\/#website","url":"https:\/\/www.editorialminuscula.com\/","name":"editorial min\u00fascula","description":"","publisher":{"@id":"https:\/\/www.editorialminuscula.com\/#organization"},"alternateName":"Velas naturales","potentialAction":[{"@type":"SearchAction","target":{"@type":"EntryPoint","urlTemplate":"https:\/\/www.editorialminuscula.com\/?s={search_term_string}"},"query-input":{"@type":"PropertyValueSpecification","valueRequired":true,"valueName":"search_term_string"}}],"inLanguage":"en-US"},{"@type":"Organization","@id":"https:\/\/www.editorialminuscula.com\/#organization","name":"Editorial min\u00fascula","alternateName":"Editorial min\u00fascula","url":"https:\/\/www.editorialminuscula.com\/","logo":{"@type":"ImageObject","inLanguage":"en-US","@id":"https:\/\/www.editorialminuscula.com\/#\/schema\/logo\/image\/","url":"","contentUrl":"","caption":"Editorial min\u00fascula"},"image":{"@id":"https:\/\/www.editorialminuscula.com\/#\/schema\/logo\/image\/"},"sameAs":["https:\/\/www.instagram.com\/reemocioart\/"]}]}},"_links":{"self":[{"href":"https:\/\/www.editorialminuscula.com\/en\/wp-json\/wp\/v2\/product\/6613","targetHints":{"allow":["GET"]}}],"collection":[{"href":"https:\/\/www.editorialminuscula.com\/en\/wp-json\/wp\/v2\/product"}],"about":[{"href":"https:\/\/www.editorialminuscula.com\/en\/wp-json\/wp\/v2\/types\/product"}],"acf:post":[{"embeddable":true,"href":"https:\/\/www.editorialminuscula.com\/en\/wp-json\/wp\/v2\/autor\/3019"},{"embeddable":true,"href":"https:\/\/www.editorialminuscula.com\/en\/wp-json\/wp\/v2\/autor\/2202"}],"wp:featuredmedia":[{"embeddable":true,"href":"https:\/\/www.editorialminuscula.com\/en\/wp-json\/wp\/v2\/media\/6615"}],"wp:attachment":[{"href":"https:\/\/www.editorialminuscula.com\/en\/wp-json\/wp\/v2\/media?parent=6613"}],"wp:term":[{"taxonomy":"product_brand","embeddable":true,"href":"https:\/\/www.editorialminuscula.com\/en\/wp-json\/wp\/v2\/product_brand?post=6613"},{"taxonomy":"product_cat","embeddable":true,"href":"https:\/\/www.editorialminuscula.com\/en\/wp-json\/wp\/v2\/product_cat?post=6613"},{"taxonomy":"product_tag","embeddable":true,"href":"https:\/\/www.editorialminuscula.com\/en\/wp-json\/wp\/v2\/product_tag?post=6613"}],"curies":[{"name":"wp","href":"https:\/\/api.w.org\/{rel}","templated":true}]}}