{"id":7186,"date":"2026-04-20T17:50:35","date_gmt":"2026-04-20T15:50:35","guid":{"rendered":"https:\/\/www.editorialminuscula.com\/?post_type=product&#038;p=7186"},"modified":"2026-05-04T16:06:23","modified_gmt":"2026-05-04T14:06:23","slug":"adelaida","status":"publish","type":"product","link":"https:\/\/www.editorialminuscula.com\/ca\/libro\/adelaida\/","title":{"rendered":"Adelaida"},"content":{"rendered":"<p>Adelaida Gigli, una artista italiana que de peque\u00f1a se exili\u00f3 con su familia en Argentina a causa del fascismo, fue una figura destacada del ambiente cultural de ese pa\u00eds en el siglo pasado. Form\u00f3 parte del grupo que, a principios de la d\u00e9cada de los cincuenta, cre\u00f3 la revista literaria <em>Contorno<\/em>, que reun\u00eda a los intelectuales cr\u00edticos de la \u00e9poca. Dispuesta a burlarse del poder y a mostrarse siempre irreverente (sus fiestas, legendarias, se recuerdan como aut\u00e9nticas <em>performances<\/em> pol\u00edticas), Adelaida sufri\u00f3 en carne propia la brutalidad de la dictadura y el dolor de la p\u00e9rdida; la desaparici\u00f3n de sus dos hijos tras el golpe de Estado de 1976 la marcar\u00eda de forma indeleble. Muri\u00f3 en 2010 en su lugar de nacimiento, Recanati, al que hab\u00eda regresado como exiliada. Adri\u00e1n N. Bravi, argentino afincado en esa localidad y que ha adoptado el italiano como lengua literaria, traza un retrato apasionado y conmovedor de Adelaida, basado en su singular amistad con la artista, al tiempo que consigue introducirnos en una \u00e9poca convulsa, la de los a\u00f1os setenta en Argentina.<\/p>\n<p style=\"text-align: center;\">Premio Comisso 2024 \u2013 Secci\u00f3n Biograf\u00eda<\/p>\n<p style=\"text-align: center;\">Premio Literario Basilicata 2024<\/p>\n<p style=\"text-align: center;\">Premio Strega 2024, finalista<\/p>\n<p style=\"text-align: center;\">Premio Procida Isola di Arturo Elsa Morante, finalista<\/p>\n<p style=\"text-align: center;\">Premio FOPEA 2025 de Periodismo de Investigaci\u00f3n, menci\u00f3n especial<\/p>\n<p style=\"text-align: center;\"><strong>En librer\u00edas el 20 de mayo de 2026.<\/strong><\/p>\n<p style=\"text-align: center;\"><strong>El autor presentar\u00e1 <em>Adelaida<\/em> en Barcelona, en la LITERAL, el domingo 24 de mayo<\/strong><strong>.<\/strong><\/p>\n","protected":false},"excerpt":{"rendered":"<p>Adri\u00e1n N. Bravi<br \/>979-13-991731-1-6<br \/>9791399173116<\/p>\n","protected":false},"featured_media":7187,"template":"","meta":{"_acf_changed":false,"_monsterinsights_skip_tracking":false,"_monsterinsights_sitenote_active":false,"_monsterinsights_sitenote_note":"","_monsterinsights_sitenote_category":0},"product_brand":[],"product_cat":[15],"product_tag":[],"class_list":{"0":"post-7186","1":"product","2":"type-product","3":"status-publish","4":"has-post-thumbnail","6":"coleccion-tour-de-force","7":"product_cat-sin-categorizar","9":"first","10":"instock","11":"taxable","12":"shipping-taxable","13":"purchasable","14":"product-type-simple"},"acf":{"subtitulo":"","isbn":"979-13-991731-1-6","paginas":160,"coleccion-num":59,"idioma":["it"],"primera_edicion":2026,"reimpresion_texto":"","reimpresion_ano":"","ultima_edicion_es":"","ultima_edicion_ca":"","ultima_edicion_en":"","ultima_edicion_ano":"","agotado":false,"descatalogado":false,"encuadernacion":"rsl","formato":"14 x 21 cm","premios":"","aparador":false,"destacado":true,"aparador_orden":"","destacado_orden":-6,"autor":[7191],"traductor":[3029],"editor":"","presentador":"","prologuista":"","posfacio":"","notas":"","fragmento":"","resenas":"Una obra de una belleza extraordinaria (mucho m\u00e1s que una biograf\u00eda). Bravi, con <em>Adelaida<\/em>, nos regala la historia de una mujer \u00fanica que ning\u00fan lector olvidar\u00e1 jam\u00e1s.\r\nRomana Petri\r\n\r\nAl contarnos la vida de una mujer excepcional, Bravi ha sabido contar a quienes no las conocen o las han olvidado tambi\u00e9n las vicisitudes pol\u00edticas y culturales de todo un pa\u00eds.\r\n<em>Il manifesto<\/em>","tienda_compra_1":"","enlace_compra_1":"","tienda_compra_2":"","enlace_compra_2":"","tienda_compra_3":"","enlace_compra_3":"","tienda_compra_4":"","enlace_compra_4":"","tienda_compra_5":"","enlace_compra_5":""},"yoast_head":"<!-- This site is optimized with the Yoast SEO plugin v27.5 - https:\/\/yoast.com\/product\/yoast-seo-wordpress\/ -->\n<title>Adelaida - editorial min\u00fascula<\/title>\n<meta name=\"robots\" content=\"index, follow, max-snippet:-1, max-image-preview:large, max-video-preview:-1\" \/>\n<link rel=\"canonical\" href=\"https:\/\/www.editorialminuscula.com\/libro\/adelaida\/\" \/>\n<meta property=\"og:locale\" content=\"ca_ES\" \/>\n<meta property=\"og:type\" content=\"article\" \/>\n<meta property=\"og:title\" content=\"Adelaida - editorial min\u00fascula\" \/>\n<meta property=\"og:description\" content=\"Adri\u00e1n N. Bravi979-13-991731-1-69791399173116\" \/>\n<meta property=\"og:url\" content=\"https:\/\/www.editorialminuscula.com\/libro\/adelaida\/\" \/>\n<meta property=\"og:site_name\" content=\"editorial min\u00fascula\" \/>\n<meta property=\"article:modified_time\" content=\"2026-05-04T14:06:23+00:00\" \/>\n<meta property=\"og:image\" content=\"https:\/\/www.editorialminuscula.com\/wp-content\/uploads\/CobertaAdelaidaALTA.jpg\" \/>\n\t<meta property=\"og:image:width\" content=\"1646\" \/>\n\t<meta property=\"og:image:height\" content=\"2480\" \/>\n\t<meta property=\"og:image:type\" content=\"image\/jpeg\" \/>\n<meta name=\"twitter:card\" content=\"summary_large_image\" \/>\n<meta name=\"twitter:label1\" content=\"Temps estimat de lectura\" \/>\n\t<meta name=\"twitter:data1\" content=\"2 minuts\" \/>\n<script type=\"application\/ld+json\" class=\"yoast-schema-graph\">{\"@context\":\"https:\\\/\\\/schema.org\",\"@graph\":[{\"@type\":\"WebPage\",\"@id\":\"https:\\\/\\\/www.editorialminuscula.com\\\/libro\\\/adelaida\\\/\",\"url\":\"https:\\\/\\\/www.editorialminuscula.com\\\/libro\\\/adelaida\\\/\",\"name\":\"Adelaida - editorial min\u00fascula\",\"isPartOf\":{\"@id\":\"https:\\\/\\\/www.editorialminuscula.com\\\/#website\"},\"primaryImageOfPage\":{\"@id\":\"https:\\\/\\\/www.editorialminuscula.com\\\/libro\\\/adelaida\\\/#primaryimage\"},\"image\":{\"@id\":\"https:\\\/\\\/www.editorialminuscula.com\\\/libro\\\/adelaida\\\/#primaryimage\"},\"thumbnailUrl\":\"https:\\\/\\\/www.editorialminuscula.com\\\/wp-content\\\/uploads\\\/CobertaAdelaidaALTA.jpg\",\"datePublished\":\"2026-04-20T15:50:35+00:00\",\"dateModified\":\"2026-05-04T14:06:23+00:00\",\"breadcrumb\":{\"@id\":\"https:\\\/\\\/www.editorialminuscula.com\\\/libro\\\/adelaida\\\/#breadcrumb\"},\"inLanguage\":\"ca\",\"potentialAction\":[{\"@type\":\"ReadAction\",\"target\":[\"https:\\\/\\\/www.editorialminuscula.com\\\/libro\\\/adelaida\\\/\"]}]},{\"@type\":\"ImageObject\",\"inLanguage\":\"ca\",\"@id\":\"https:\\\/\\\/www.editorialminuscula.com\\\/libro\\\/adelaida\\\/#primaryimage\",\"url\":\"https:\\\/\\\/www.editorialminuscula.com\\\/wp-content\\\/uploads\\\/CobertaAdelaidaALTA.jpg\",\"contentUrl\":\"https:\\\/\\\/www.editorialminuscula.com\\\/wp-content\\\/uploads\\\/CobertaAdelaidaALTA.jpg\",\"width\":1646,\"height\":2480},{\"@type\":\"BreadcrumbList\",\"@id\":\"https:\\\/\\\/www.editorialminuscula.com\\\/libro\\\/adelaida\\\/#breadcrumb\",\"itemListElement\":[{\"@type\":\"ListItem\",\"position\":1,\"name\":\"Portada\",\"item\":\"https:\\\/\\\/www.editorialminuscula.com\\\/ca\\\/\"},{\"@type\":\"ListItem\",\"position\":2,\"name\":\"Cat\u00e0leg\",\"item\":\"https:\\\/\\\/www.editorialminuscula.com\\\/ca\\\/cataleg\\\/\"},{\"@type\":\"ListItem\",\"position\":3,\"name\":\"Adelaida\"}]},{\"@type\":\"WebSite\",\"@id\":\"https:\\\/\\\/www.editorialminuscula.com\\\/#website\",\"url\":\"https:\\\/\\\/www.editorialminuscula.com\\\/\",\"name\":\"editorial min\u00fascula\",\"description\":\"\",\"publisher\":{\"@id\":\"https:\\\/\\\/www.editorialminuscula.com\\\/#organization\"},\"alternateName\":\"Velas naturales\",\"potentialAction\":[{\"@type\":\"SearchAction\",\"target\":{\"@type\":\"EntryPoint\",\"urlTemplate\":\"https:\\\/\\\/www.editorialminuscula.com\\\/?s={search_term_string}\"},\"query-input\":{\"@type\":\"PropertyValueSpecification\",\"valueRequired\":true,\"valueName\":\"search_term_string\"}}],\"inLanguage\":\"ca\"},{\"@type\":\"Organization\",\"@id\":\"https:\\\/\\\/www.editorialminuscula.com\\\/#organization\",\"name\":\"Editorial min\u00fascula\",\"alternateName\":\"Editorial min\u00fascula\",\"url\":\"https:\\\/\\\/www.editorialminuscula.com\\\/\",\"logo\":{\"@type\":\"ImageObject\",\"inLanguage\":\"ca\",\"@id\":\"https:\\\/\\\/www.editorialminuscula.com\\\/#\\\/schema\\\/logo\\\/image\\\/\",\"url\":\"\",\"contentUrl\":\"\",\"caption\":\"Editorial min\u00fascula\"},\"image\":{\"@id\":\"https:\\\/\\\/www.editorialminuscula.com\\\/#\\\/schema\\\/logo\\\/image\\\/\"},\"sameAs\":[\"https:\\\/\\\/www.instagram.com\\\/reemocioart\\\/\"]}]}<\/script>\n<!-- \/ Yoast SEO plugin. -->","yoast_head_json":{"title":"Adelaida - editorial min\u00fascula","robots":{"index":"index","follow":"follow","max-snippet":"max-snippet:-1","max-image-preview":"max-image-preview:large","max-video-preview":"max-video-preview:-1"},"canonical":"https:\/\/www.editorialminuscula.com\/libro\/adelaida\/","og_locale":"ca_ES","og_type":"article","og_title":"Adelaida - editorial min\u00fascula","og_description":"Adri\u00e1n N. Bravi979-13-991731-1-69791399173116","og_url":"https:\/\/www.editorialminuscula.com\/libro\/adelaida\/","og_site_name":"editorial min\u00fascula","article_modified_time":"2026-05-04T14:06:23+00:00","og_image":[{"width":1646,"height":2480,"url":"https:\/\/www.editorialminuscula.com\/wp-content\/uploads\/CobertaAdelaidaALTA.jpg","type":"image\/jpeg"}],"twitter_card":"summary_large_image","twitter_misc":{"Temps estimat de lectura":"2 minuts"},"schema":{"@context":"https:\/\/schema.org","@graph":[{"@type":"WebPage","@id":"https:\/\/www.editorialminuscula.com\/libro\/adelaida\/","url":"https:\/\/www.editorialminuscula.com\/libro\/adelaida\/","name":"Adelaida - editorial min\u00fascula","isPartOf":{"@id":"https:\/\/www.editorialminuscula.com\/#website"},"primaryImageOfPage":{"@id":"https:\/\/www.editorialminuscula.com\/libro\/adelaida\/#primaryimage"},"image":{"@id":"https:\/\/www.editorialminuscula.com\/libro\/adelaida\/#primaryimage"},"thumbnailUrl":"https:\/\/www.editorialminuscula.com\/wp-content\/uploads\/CobertaAdelaidaALTA.jpg","datePublished":"2026-04-20T15:50:35+00:00","dateModified":"2026-05-04T14:06:23+00:00","breadcrumb":{"@id":"https:\/\/www.editorialminuscula.com\/libro\/adelaida\/#breadcrumb"},"inLanguage":"ca","potentialAction":[{"@type":"ReadAction","target":["https:\/\/www.editorialminuscula.com\/libro\/adelaida\/"]}]},{"@type":"ImageObject","inLanguage":"ca","@id":"https:\/\/www.editorialminuscula.com\/libro\/adelaida\/#primaryimage","url":"https:\/\/www.editorialminuscula.com\/wp-content\/uploads\/CobertaAdelaidaALTA.jpg","contentUrl":"https:\/\/www.editorialminuscula.com\/wp-content\/uploads\/CobertaAdelaidaALTA.jpg","width":1646,"height":2480},{"@type":"BreadcrumbList","@id":"https:\/\/www.editorialminuscula.com\/libro\/adelaida\/#breadcrumb","itemListElement":[{"@type":"ListItem","position":1,"name":"Portada","item":"https:\/\/www.editorialminuscula.com\/ca\/"},{"@type":"ListItem","position":2,"name":"Cat\u00e0leg","item":"https:\/\/www.editorialminuscula.com\/ca\/cataleg\/"},{"@type":"ListItem","position":3,"name":"Adelaida"}]},{"@type":"WebSite","@id":"https:\/\/www.editorialminuscula.com\/#website","url":"https:\/\/www.editorialminuscula.com\/","name":"editorial min\u00fascula","description":"","publisher":{"@id":"https:\/\/www.editorialminuscula.com\/#organization"},"alternateName":"Velas naturales","potentialAction":[{"@type":"SearchAction","target":{"@type":"EntryPoint","urlTemplate":"https:\/\/www.editorialminuscula.com\/?s={search_term_string}"},"query-input":{"@type":"PropertyValueSpecification","valueRequired":true,"valueName":"search_term_string"}}],"inLanguage":"ca"},{"@type":"Organization","@id":"https:\/\/www.editorialminuscula.com\/#organization","name":"Editorial min\u00fascula","alternateName":"Editorial min\u00fascula","url":"https:\/\/www.editorialminuscula.com\/","logo":{"@type":"ImageObject","inLanguage":"ca","@id":"https:\/\/www.editorialminuscula.com\/#\/schema\/logo\/image\/","url":"","contentUrl":"","caption":"Editorial min\u00fascula"},"image":{"@id":"https:\/\/www.editorialminuscula.com\/#\/schema\/logo\/image\/"},"sameAs":["https:\/\/www.instagram.com\/reemocioart\/"]}]}},"_links":{"self":[{"href":"https:\/\/www.editorialminuscula.com\/ca\/wp-json\/wp\/v2\/product\/7186","targetHints":{"allow":["GET"]}}],"collection":[{"href":"https:\/\/www.editorialminuscula.com\/ca\/wp-json\/wp\/v2\/product"}],"about":[{"href":"https:\/\/www.editorialminuscula.com\/ca\/wp-json\/wp\/v2\/types\/product"}],"acf:post":[{"embeddable":true,"href":"https:\/\/www.editorialminuscula.com\/ca\/wp-json\/wp\/v2\/autor\/3029"},{"embeddable":true,"href":"https:\/\/www.editorialminuscula.com\/ca\/wp-json\/wp\/v2\/autor\/7191"}],"wp:featuredmedia":[{"embeddable":true,"href":"https:\/\/www.editorialminuscula.com\/ca\/wp-json\/wp\/v2\/media\/7187"}],"wp:attachment":[{"href":"https:\/\/www.editorialminuscula.com\/ca\/wp-json\/wp\/v2\/media?parent=7186"}],"wp:term":[{"taxonomy":"product_brand","embeddable":true,"href":"https:\/\/www.editorialminuscula.com\/ca\/wp-json\/wp\/v2\/product_brand?post=7186"},{"taxonomy":"product_cat","embeddable":true,"href":"https:\/\/www.editorialminuscula.com\/ca\/wp-json\/wp\/v2\/product_cat?post=7186"},{"taxonomy":"product_tag","embeddable":true,"href":"https:\/\/www.editorialminuscula.com\/ca\/wp-json\/wp\/v2\/product_tag?post=7186"}],"curies":[{"name":"wp","href":"https:\/\/api.w.org\/{rel}","templated":true}]}}