{"id":7182,"date":"2026-04-20T17:45:36","date_gmt":"2026-04-20T15:45:36","guid":{"rendered":"https:\/\/www.editorialminuscula.com\/?post_type=product&#038;p=7182"},"modified":"2026-05-08T15:20:23","modified_gmt":"2026-05-08T13:20:23","slug":"el-libro-de-los-bolsillos-2","status":"publish","type":"product","link":"https:\/\/www.editorialminuscula.com\/ca\/libro\/el-libro-de-los-bolsillos-2\/","title":{"rendered":"El libro de los bolsillos"},"content":{"rendered":"<p style=\"text-align: center;\"><strong>Segunda edici\u00f3n revisada y ampliada<\/strong><\/p>\n<p>Este libro confirma algo que muchos intuyen: la vida, en realidad, se lleva en los bolsillos. Desde la billetera hasta las llaves de casa, pasando por servilletas olvidadas o una direcci\u00f3n escrita en un papel muy arrugado, los objetos que hay en los bolsillos tienen el poder de delatar incluso a los m\u00e1s reservados. Un inventario personal y caprichoso en el que se suceden sorprendentes postales cotidianas \u2014un aut\u00e9ntico gabinete de curiosidades\u2014 dedicadas a celebrar la vida privada de objetos comunes y corrientes que de tan cercanos se confunden con la propia biograf\u00eda. Esta nueva edici\u00f3n, una d\u00e9cada despu\u00e9s de la primera, confirma tambi\u00e9n que Gonzalo Maier no es un secreto para iniciados sino un escritor ineludible.<\/p>\n<p>Pr\u00f3ximamente en librer\u00edas.<\/p>\n","protected":false},"excerpt":{"rendered":"<p>Gonzalo Maier<br \/>979-13-991731-0-9<br \/>9791399173109<\/p>\n","protected":false},"featured_media":7183,"template":"","meta":{"_acf_changed":false,"_monsterinsights_skip_tracking":false,"_monsterinsights_sitenote_active":false,"_monsterinsights_sitenote_note":"","_monsterinsights_sitenote_category":0},"product_brand":[],"product_cat":[15],"product_tag":[],"class_list":{"0":"post-7182","1":"product","2":"type-product","3":"status-publish","4":"has-post-thumbnail","6":"coleccion-micra","7":"product_cat-sin-categorizar","9":"first","10":"instock","11":"taxable","12":"shipping-taxable","13":"product-type-simple"},"acf":{"subtitulo":"","isbn":"979-13-991731-0-9","paginas":192,"coleccion-num":23,"idioma":["es"],"primera_edicion":2016,"reimpresion_texto":"","reimpresion_ano":"","ultima_edicion_es":"Segunda edici\u00f3n revisada y ampliada","ultima_edicion_ca":"","ultima_edicion_en":"","ultima_edicion_ano":2026,"agotado":false,"descatalogado":false,"encuadernacion":"rus","formato":"10 x 15 cm","premios":"","aparador":false,"destacado":true,"aparador_orden":"","destacado_orden":-8,"autor":[2226],"traductor":"","editor":"","presentador":"","prologuista":"","posfacio":"","notas":"","fragmento":"","resenas":"Sobre este y otros libros de Gonzalo Maier en editorial min\u00fascula se ha dicho:\r\n\r\n\u00ab\u00bfC\u00f3mo se narra un pensamiento? Hay muchas maneras de encarar una empresa tan temeraria, y Maier lo hace con gracia y liviandad. (\u2026) Est\u00e1 en Maier la sensaci\u00f3n de que todo puede entrar en un libro. Alguna an\u00e9cdota propia, una idea dispersa, algo le\u00eddo o escuchado, una peque\u00f1a trama que luego se desvanece y de la que solo queda la estela. (\u2026) Es como si fuera un escritor que avanza lenta y sostenidamente desde una especie de lugar muy resguardado que \u00e9l mismo se invent\u00f3 para poder leer y escribir sin que nadie lo moleste.\u00bb\r\nMauro Libertella,\u00a0<em>La Agenda Revista<\/em>\r\n\r\n\u00abUna novela divertid\u00edsima, llena de ideas chispeantes, de ocurrencias luminosas, de observaciones particulares e inesperadas.\u00bb\r\nDiego Z\u00fa\u00f1iga,\u00a0<em>Qu\u00e9 Pasa<\/em>\r\n\r\n\u00abSigue expandi\u00e9ndose al t\u00e9rmino de la lectura como un itinerario sin fin. [\u2026] Reflexiones de apariencia liviana, pero muy refinadas, que conforman un esp\u00edritu muy apto para apreciar la sorpresa en la rutina.\u00bb\r\nFrancisco Solano,\u00a0<em>El Pa\u00eds<\/em>\r\n\r\n\u00abAltamente subrayable. [\u2026] Solo cabe desear que Maier siga escribiendo y que nunca se pase al avi\u00f3n.\u00bb\r\nBego\u00f1a G\u00f3mez Urzaiz,\u00a0<em>Cultura\/s<\/em>,\u00a0<em>La Vanguardia<\/em>\r\n\r\n\u00abEnorme flexibilidad narrativa [\u2026] Impecable destreza de manos que apuesta por socavar [\u2026] la pesada importancia de lo real.\u00bb\r\nPatricia Espinosa,\u00a0<em>Las \u00daltimas Noticias<\/em>\r\n\r\n\u00abGonzalo Maier ha escrito un libro divertido, ir\u00f3nico, profundo y muy entretenido. Un libro que funciona como un caj\u00f3n de sastre, repleto de digresiones maravillosas.\u00bb\r\nEnrique Mart\u00edn, Radio Euskadi\r\n\r\n\u00abUn libro h\u00edbrido que se compone de literatura \u2013el estilo y las citas\u2013, de cr\u00f3nica, de diarios, de aforismos incluso, perdidos en la extensi\u00f3n de p\u00e1rrafos que nunca se atascan o demoran.\u00bb\r\nRodrigo Pinto,\u00a0<em>El Mercurio<\/em>\r\n\r\n\u00abMaier ha inscrito su nombre en esa familia de finos creadores que combinan sin recato no-ficci\u00f3n y novela, que han hecho de la metaliteratura un g\u00e9nero mayor.\u00bb\r\nH\u00e9ctor J. Porto,\u00a0<em>La Voz de Galicia<\/em>\r\n\r\n\u00abComo esos magos de las fiestas infantiles que sacan cosas de sus sombreros hasta el punto de lo imposible, aqu\u00ed Maier juega con un procedimiento virtualmente infinito: p\u00e1rrafos, fragmentos, pedazos de textos que podr\u00edan caber en un bolsillo, suerte de dep\u00f3sito alocado donde se mezclan todo tipo de cosas.\u00bb\r\n\r\nMauro Libertella, <em>La Tercera<\/em>\r\n\r\n\u00abUn estilo pr\u00edstino y de una ligereza invariablemente amable, a menudo hilarante. Una gracia nada esforzada y la inteligencia de decir bien, de decir justo.\u00bb\r\n\r\nMat\u00edas Serra Bradford, <em>Revista \u00d1<\/em>","tienda_compra_1":"","enlace_compra_1":"","tienda_compra_2":"","enlace_compra_2":"","tienda_compra_3":"","enlace_compra_3":"","tienda_compra_4":"","enlace_compra_4":"","tienda_compra_5":"","enlace_compra_5":""},"yoast_head":"<!-- This site is optimized with the Yoast SEO plugin v27.5 - https:\/\/yoast.com\/product\/yoast-seo-wordpress\/ -->\n<title>El libro de los bolsillos - editorial min\u00fascula<\/title>\n<meta name=\"robots\" content=\"index, follow, max-snippet:-1, max-image-preview:large, max-video-preview:-1\" \/>\n<link rel=\"canonical\" href=\"https:\/\/www.editorialminuscula.com\/libro\/el-libro-de-los-bolsillos-2\/\" \/>\n<meta property=\"og:locale\" content=\"ca_ES\" \/>\n<meta property=\"og:type\" content=\"article\" \/>\n<meta property=\"og:title\" content=\"El libro de los bolsillos - editorial min\u00fascula\" \/>\n<meta property=\"og:description\" content=\"Gonzalo Maier979-13-991731-0-99791399173109\" \/>\n<meta property=\"og:url\" content=\"https:\/\/www.editorialminuscula.com\/libro\/el-libro-de-los-bolsillos-2\/\" \/>\n<meta property=\"og:site_name\" content=\"editorial min\u00fascula\" \/>\n<meta property=\"article:modified_time\" content=\"2026-05-08T13:20:23+00:00\" \/>\n<meta property=\"og:image\" content=\"https:\/\/www.editorialminuscula.com\/wp-content\/uploads\/El-libro-de-los-bolsillos2aALTA-1.jpg\" \/>\n\t<meta property=\"og:image:width\" content=\"1177\" \/>\n\t<meta property=\"og:image:height\" content=\"1772\" \/>\n\t<meta property=\"og:image:type\" content=\"image\/jpeg\" \/>\n<meta name=\"twitter:card\" content=\"summary_large_image\" \/>\n<meta name=\"twitter:label1\" content=\"Temps estimat de lectura\" \/>\n\t<meta name=\"twitter:data1\" content=\"1 minut\" \/>\n<script type=\"application\/ld+json\" class=\"yoast-schema-graph\">{\"@context\":\"https:\\\/\\\/schema.org\",\"@graph\":[{\"@type\":\"WebPage\",\"@id\":\"https:\\\/\\\/www.editorialminuscula.com\\\/libro\\\/el-libro-de-los-bolsillos-2\\\/\",\"url\":\"https:\\\/\\\/www.editorialminuscula.com\\\/libro\\\/el-libro-de-los-bolsillos-2\\\/\",\"name\":\"El libro de los bolsillos - editorial min\u00fascula\",\"isPartOf\":{\"@id\":\"https:\\\/\\\/www.editorialminuscula.com\\\/#website\"},\"primaryImageOfPage\":{\"@id\":\"https:\\\/\\\/www.editorialminuscula.com\\\/libro\\\/el-libro-de-los-bolsillos-2\\\/#primaryimage\"},\"image\":{\"@id\":\"https:\\\/\\\/www.editorialminuscula.com\\\/libro\\\/el-libro-de-los-bolsillos-2\\\/#primaryimage\"},\"thumbnailUrl\":\"https:\\\/\\\/www.editorialminuscula.com\\\/wp-content\\\/uploads\\\/El-libro-de-los-bolsillos2aALTA-1.jpg\",\"datePublished\":\"2026-04-20T15:45:36+00:00\",\"dateModified\":\"2026-05-08T13:20:23+00:00\",\"breadcrumb\":{\"@id\":\"https:\\\/\\\/www.editorialminuscula.com\\\/libro\\\/el-libro-de-los-bolsillos-2\\\/#breadcrumb\"},\"inLanguage\":\"ca\",\"potentialAction\":[{\"@type\":\"ReadAction\",\"target\":[\"https:\\\/\\\/www.editorialminuscula.com\\\/libro\\\/el-libro-de-los-bolsillos-2\\\/\"]}]},{\"@type\":\"ImageObject\",\"inLanguage\":\"ca\",\"@id\":\"https:\\\/\\\/www.editorialminuscula.com\\\/libro\\\/el-libro-de-los-bolsillos-2\\\/#primaryimage\",\"url\":\"https:\\\/\\\/www.editorialminuscula.com\\\/wp-content\\\/uploads\\\/El-libro-de-los-bolsillos2aALTA-1.jpg\",\"contentUrl\":\"https:\\\/\\\/www.editorialminuscula.com\\\/wp-content\\\/uploads\\\/El-libro-de-los-bolsillos2aALTA-1.jpg\",\"width\":1177,\"height\":1772},{\"@type\":\"BreadcrumbList\",\"@id\":\"https:\\\/\\\/www.editorialminuscula.com\\\/libro\\\/el-libro-de-los-bolsillos-2\\\/#breadcrumb\",\"itemListElement\":[{\"@type\":\"ListItem\",\"position\":1,\"name\":\"Portada\",\"item\":\"https:\\\/\\\/www.editorialminuscula.com\\\/ca\\\/\"},{\"@type\":\"ListItem\",\"position\":2,\"name\":\"Cat\u00e0leg\",\"item\":\"https:\\\/\\\/www.editorialminuscula.com\\\/ca\\\/cataleg\\\/\"},{\"@type\":\"ListItem\",\"position\":3,\"name\":\"El libro de los bolsillos\"}]},{\"@type\":\"WebSite\",\"@id\":\"https:\\\/\\\/www.editorialminuscula.com\\\/#website\",\"url\":\"https:\\\/\\\/www.editorialminuscula.com\\\/\",\"name\":\"editorial min\u00fascula\",\"description\":\"\",\"publisher\":{\"@id\":\"https:\\\/\\\/www.editorialminuscula.com\\\/#organization\"},\"alternateName\":\"Velas naturales\",\"potentialAction\":[{\"@type\":\"SearchAction\",\"target\":{\"@type\":\"EntryPoint\",\"urlTemplate\":\"https:\\\/\\\/www.editorialminuscula.com\\\/?s={search_term_string}\"},\"query-input\":{\"@type\":\"PropertyValueSpecification\",\"valueRequired\":true,\"valueName\":\"search_term_string\"}}],\"inLanguage\":\"ca\"},{\"@type\":\"Organization\",\"@id\":\"https:\\\/\\\/www.editorialminuscula.com\\\/#organization\",\"name\":\"Editorial min\u00fascula\",\"alternateName\":\"Editorial min\u00fascula\",\"url\":\"https:\\\/\\\/www.editorialminuscula.com\\\/\",\"logo\":{\"@type\":\"ImageObject\",\"inLanguage\":\"ca\",\"@id\":\"https:\\\/\\\/www.editorialminuscula.com\\\/#\\\/schema\\\/logo\\\/image\\\/\",\"url\":\"\",\"contentUrl\":\"\",\"caption\":\"Editorial min\u00fascula\"},\"image\":{\"@id\":\"https:\\\/\\\/www.editorialminuscula.com\\\/#\\\/schema\\\/logo\\\/image\\\/\"},\"sameAs\":[\"https:\\\/\\\/www.instagram.com\\\/reemocioart\\\/\"]}]}<\/script>\n<!-- \/ Yoast SEO plugin. -->","yoast_head_json":{"title":"El libro de los bolsillos - editorial min\u00fascula","robots":{"index":"index","follow":"follow","max-snippet":"max-snippet:-1","max-image-preview":"max-image-preview:large","max-video-preview":"max-video-preview:-1"},"canonical":"https:\/\/www.editorialminuscula.com\/libro\/el-libro-de-los-bolsillos-2\/","og_locale":"ca_ES","og_type":"article","og_title":"El libro de los bolsillos - editorial min\u00fascula","og_description":"Gonzalo Maier979-13-991731-0-99791399173109","og_url":"https:\/\/www.editorialminuscula.com\/libro\/el-libro-de-los-bolsillos-2\/","og_site_name":"editorial min\u00fascula","article_modified_time":"2026-05-08T13:20:23+00:00","og_image":[{"width":1177,"height":1772,"url":"https:\/\/www.editorialminuscula.com\/wp-content\/uploads\/El-libro-de-los-bolsillos2aALTA-1.jpg","type":"image\/jpeg"}],"twitter_card":"summary_large_image","twitter_misc":{"Temps estimat de lectura":"1 minut"},"schema":{"@context":"https:\/\/schema.org","@graph":[{"@type":"WebPage","@id":"https:\/\/www.editorialminuscula.com\/libro\/el-libro-de-los-bolsillos-2\/","url":"https:\/\/www.editorialminuscula.com\/libro\/el-libro-de-los-bolsillos-2\/","name":"El libro de los bolsillos - editorial min\u00fascula","isPartOf":{"@id":"https:\/\/www.editorialminuscula.com\/#website"},"primaryImageOfPage":{"@id":"https:\/\/www.editorialminuscula.com\/libro\/el-libro-de-los-bolsillos-2\/#primaryimage"},"image":{"@id":"https:\/\/www.editorialminuscula.com\/libro\/el-libro-de-los-bolsillos-2\/#primaryimage"},"thumbnailUrl":"https:\/\/www.editorialminuscula.com\/wp-content\/uploads\/El-libro-de-los-bolsillos2aALTA-1.jpg","datePublished":"2026-04-20T15:45:36+00:00","dateModified":"2026-05-08T13:20:23+00:00","breadcrumb":{"@id":"https:\/\/www.editorialminuscula.com\/libro\/el-libro-de-los-bolsillos-2\/#breadcrumb"},"inLanguage":"ca","potentialAction":[{"@type":"ReadAction","target":["https:\/\/www.editorialminuscula.com\/libro\/el-libro-de-los-bolsillos-2\/"]}]},{"@type":"ImageObject","inLanguage":"ca","@id":"https:\/\/www.editorialminuscula.com\/libro\/el-libro-de-los-bolsillos-2\/#primaryimage","url":"https:\/\/www.editorialminuscula.com\/wp-content\/uploads\/El-libro-de-los-bolsillos2aALTA-1.jpg","contentUrl":"https:\/\/www.editorialminuscula.com\/wp-content\/uploads\/El-libro-de-los-bolsillos2aALTA-1.jpg","width":1177,"height":1772},{"@type":"BreadcrumbList","@id":"https:\/\/www.editorialminuscula.com\/libro\/el-libro-de-los-bolsillos-2\/#breadcrumb","itemListElement":[{"@type":"ListItem","position":1,"name":"Portada","item":"https:\/\/www.editorialminuscula.com\/ca\/"},{"@type":"ListItem","position":2,"name":"Cat\u00e0leg","item":"https:\/\/www.editorialminuscula.com\/ca\/cataleg\/"},{"@type":"ListItem","position":3,"name":"El libro de los bolsillos"}]},{"@type":"WebSite","@id":"https:\/\/www.editorialminuscula.com\/#website","url":"https:\/\/www.editorialminuscula.com\/","name":"editorial min\u00fascula","description":"","publisher":{"@id":"https:\/\/www.editorialminuscula.com\/#organization"},"alternateName":"Velas naturales","potentialAction":[{"@type":"SearchAction","target":{"@type":"EntryPoint","urlTemplate":"https:\/\/www.editorialminuscula.com\/?s={search_term_string}"},"query-input":{"@type":"PropertyValueSpecification","valueRequired":true,"valueName":"search_term_string"}}],"inLanguage":"ca"},{"@type":"Organization","@id":"https:\/\/www.editorialminuscula.com\/#organization","name":"Editorial min\u00fascula","alternateName":"Editorial min\u00fascula","url":"https:\/\/www.editorialminuscula.com\/","logo":{"@type":"ImageObject","inLanguage":"ca","@id":"https:\/\/www.editorialminuscula.com\/#\/schema\/logo\/image\/","url":"","contentUrl":"","caption":"Editorial min\u00fascula"},"image":{"@id":"https:\/\/www.editorialminuscula.com\/#\/schema\/logo\/image\/"},"sameAs":["https:\/\/www.instagram.com\/reemocioart\/"]}]}},"_links":{"self":[{"href":"https:\/\/www.editorialminuscula.com\/ca\/wp-json\/wp\/v2\/product\/7182","targetHints":{"allow":["GET"]}}],"collection":[{"href":"https:\/\/www.editorialminuscula.com\/ca\/wp-json\/wp\/v2\/product"}],"about":[{"href":"https:\/\/www.editorialminuscula.com\/ca\/wp-json\/wp\/v2\/types\/product"}],"acf:post":[{"embeddable":true,"href":"https:\/\/www.editorialminuscula.com\/ca\/wp-json\/wp\/v2\/autor\/2226"}],"wp:featuredmedia":[{"embeddable":true,"href":"https:\/\/www.editorialminuscula.com\/ca\/wp-json\/wp\/v2\/media\/7183"}],"wp:attachment":[{"href":"https:\/\/www.editorialminuscula.com\/ca\/wp-json\/wp\/v2\/media?parent=7182"}],"wp:term":[{"taxonomy":"product_brand","embeddable":true,"href":"https:\/\/www.editorialminuscula.com\/ca\/wp-json\/wp\/v2\/product_brand?post=7182"},{"taxonomy":"product_cat","embeddable":true,"href":"https:\/\/www.editorialminuscula.com\/ca\/wp-json\/wp\/v2\/product_cat?post=7182"},{"taxonomy":"product_tag","embeddable":true,"href":"https:\/\/www.editorialminuscula.com\/ca\/wp-json\/wp\/v2\/product_tag?post=7182"}],"curies":[{"name":"wp","href":"https:\/\/api.w.org\/{rel}","templated":true}]}}