{"id":6951,"date":"2025-12-16T13:29:38","date_gmt":"2025-12-16T12:29:38","guid":{"rendered":"https:\/\/www.editorialminuscula.com\/?post_type=product&#038;p=6951"},"modified":"2026-03-24T13:58:50","modified_gmt":"2026-03-24T12:58:50","slug":"la-ciudad-interior","status":"publish","type":"product","link":"https:\/\/www.editorialminuscula.com\/ca\/libro\/la-ciudad-interior\/","title":{"rendered":"La ciudad interior"},"content":{"rendered":"<p>El 4 de mayo de 1945, un ni\u00f1o atraviesa los escombros de Trieste con una silla. Se dirige al centro de mando aliado, donde su padre est\u00e1 siendo interrogado. El 5 de agosto de 1972, ante las columnas de humo provocadas por la explosi\u00f3n de unas cisternas de petr\u00f3leo, Mauro le pregunta a su padre \u2014el ni\u00f1o que acarreaba la silla hace veintisiete a\u00f1os\u2014 si est\u00e1n en guerra. M\u00e1s de cuarenta a\u00f1os despu\u00e9s, Mauro Covacich regresa a Trieste y, en un fascinante recorrido por una de las ciudades m\u00e1s complejas de Europa, nos transmite el asombro y la inquietud que sent\u00edan tanto el ni\u00f1o de 1945 como el de 1972. <em>La ciudad interior <\/em>es una novela audaz sobre el per\u00edodo de formaci\u00f3n de su autor y es tambi\u00e9n un fresco en el que aparecen personajes inolvidables de la cultura triestina, algunos muy conocidos, otros casi secretos, que se entremezclan en un laberinto repleto de desv\u00edos, historias, lenguas y ecos del que se sale con la tentaci\u00f3n de volver a entrar.<\/p>\n","protected":false},"excerpt":{"rendered":"<p>Mauro Covacich<br \/>979-13-990040-7-6<br \/>9791399004076<\/p>\n","protected":false},"featured_media":6953,"template":"","meta":{"_acf_changed":false,"_monsterinsights_skip_tracking":false,"_monsterinsights_sitenote_active":false,"_monsterinsights_sitenote_note":"","_monsterinsights_sitenote_category":0},"product_brand":[],"product_cat":[15],"product_tag":[],"class_list":{"0":"post-6951","1":"product","2":"type-product","3":"status-publish","4":"has-post-thumbnail","6":"coleccion-paisajes-narrados","7":"product_cat-sin-categorizar","9":"first","10":"instock","11":"taxable","12":"shipping-taxable","13":"purchasable","14":"product-type-simple"},"acf":{"subtitulo":"","isbn":"979-13-990040-7-6","paginas":272,"coleccion-num":75,"idioma":["it"],"primera_edicion":2026,"reimpresion_texto":"","reimpresion_ano":"","ultima_edicion_es":"","ultima_edicion_ca":"","ultima_edicion_en":"","ultima_edicion_ano":"","agotado":false,"descatalogado":false,"encuadernacion":"rsl","formato":"12 x 16,5 cm","premios":"","aparador":true,"destacado":false,"aparador_orden":-6,"destacado_orden":"","autor":[6952],"traductor":[3029],"editor":"","presentador":"","prologuista":"","posfacio":"","notas":"","fragmento":"","resenas":"Es un libro del que es dif\u00edcil separarse.\r\nCristina Taglietti, <em>Corriere della Sera<\/em>\r\n\r\nLa ciudad interior del t\u00edtulo [\u2026] es la ciudad de la memoria, es el espejo (pero un espejo roto) de la historia italiana del siglo pasado: cada fragmento devuelve un trozo de realidad, esa realidad que es [\u2026] el lugar interior en el que un sujeto tiene una experiencia de la verdad.\r\nChiara Fenoglio\r\n\r\nMauro Covacich es un escritor l\u00facidamente inquieto, consciente de que su oficio es una b\u00fasqueda continua, una subida permanente hacia cotas de perfecci\u00f3n m\u00e1s all\u00e1 de las cuales, sin embargo, no hay la paz de las metas alcanzadas, sino solo otro camino fatigoso por recorrer.\r\nSergio Pent, <em>TuttoLibri La Stampa<\/em>","tienda_compra_1":"Todos tus libros","enlace_compra_1":"https:\/\/www.todostuslibros.com\/isbn\/9791399004076","tienda_compra_2":"","enlace_compra_2":"","tienda_compra_3":"","enlace_compra_3":"","tienda_compra_4":"","enlace_compra_4":"","tienda_compra_5":"","enlace_compra_5":""},"yoast_head":"<!-- This site is optimized with the Yoast SEO plugin v27.5 - https:\/\/yoast.com\/product\/yoast-seo-wordpress\/ -->\n<title>La ciudad interior - editorial min\u00fascula<\/title>\n<meta name=\"robots\" content=\"index, follow, max-snippet:-1, max-image-preview:large, max-video-preview:-1\" \/>\n<link rel=\"canonical\" href=\"https:\/\/www.editorialminuscula.com\/libro\/la-ciudad-interior\/\" \/>\n<meta property=\"og:locale\" content=\"ca_ES\" \/>\n<meta property=\"og:type\" content=\"article\" \/>\n<meta property=\"og:title\" content=\"La ciudad interior - editorial min\u00fascula\" \/>\n<meta property=\"og:description\" content=\"Mauro Covacich979-13-990040-7-69791399004076\" \/>\n<meta property=\"og:url\" content=\"https:\/\/www.editorialminuscula.com\/libro\/la-ciudad-interior\/\" \/>\n<meta property=\"og:site_name\" content=\"editorial min\u00fascula\" \/>\n<meta property=\"article:modified_time\" content=\"2026-03-24T12:58:50+00:00\" \/>\n<meta property=\"og:image\" content=\"https:\/\/www.editorialminuscula.com\/wp-content\/uploads\/La-ciudad-interiorALTA.jpg\" \/>\n\t<meta property=\"og:image:width\" content=\"1412\" \/>\n\t<meta property=\"og:image:height\" content=\"1949\" \/>\n\t<meta property=\"og:image:type\" content=\"image\/jpeg\" \/>\n<meta name=\"twitter:card\" content=\"summary_large_image\" \/>\n<meta name=\"twitter:label1\" content=\"Temps estimat de lectura\" \/>\n\t<meta name=\"twitter:data1\" content=\"2 minuts\" \/>\n<script type=\"application\/ld+json\" class=\"yoast-schema-graph\">{\"@context\":\"https:\\\/\\\/schema.org\",\"@graph\":[{\"@type\":\"WebPage\",\"@id\":\"https:\\\/\\\/www.editorialminuscula.com\\\/libro\\\/la-ciudad-interior\\\/\",\"url\":\"https:\\\/\\\/www.editorialminuscula.com\\\/libro\\\/la-ciudad-interior\\\/\",\"name\":\"La ciudad interior - editorial min\u00fascula\",\"isPartOf\":{\"@id\":\"https:\\\/\\\/www.editorialminuscula.com\\\/#website\"},\"primaryImageOfPage\":{\"@id\":\"https:\\\/\\\/www.editorialminuscula.com\\\/libro\\\/la-ciudad-interior\\\/#primaryimage\"},\"image\":{\"@id\":\"https:\\\/\\\/www.editorialminuscula.com\\\/libro\\\/la-ciudad-interior\\\/#primaryimage\"},\"thumbnailUrl\":\"https:\\\/\\\/www.editorialminuscula.com\\\/wp-content\\\/uploads\\\/La-ciudad-interiorALTA.jpg\",\"datePublished\":\"2025-12-16T12:29:38+00:00\",\"dateModified\":\"2026-03-24T12:58:50+00:00\",\"breadcrumb\":{\"@id\":\"https:\\\/\\\/www.editorialminuscula.com\\\/libro\\\/la-ciudad-interior\\\/#breadcrumb\"},\"inLanguage\":\"ca\",\"potentialAction\":[{\"@type\":\"ReadAction\",\"target\":[\"https:\\\/\\\/www.editorialminuscula.com\\\/libro\\\/la-ciudad-interior\\\/\"]}]},{\"@type\":\"ImageObject\",\"inLanguage\":\"ca\",\"@id\":\"https:\\\/\\\/www.editorialminuscula.com\\\/libro\\\/la-ciudad-interior\\\/#primaryimage\",\"url\":\"https:\\\/\\\/www.editorialminuscula.com\\\/wp-content\\\/uploads\\\/La-ciudad-interiorALTA.jpg\",\"contentUrl\":\"https:\\\/\\\/www.editorialminuscula.com\\\/wp-content\\\/uploads\\\/La-ciudad-interiorALTA.jpg\",\"width\":1412,\"height\":1949},{\"@type\":\"BreadcrumbList\",\"@id\":\"https:\\\/\\\/www.editorialminuscula.com\\\/libro\\\/la-ciudad-interior\\\/#breadcrumb\",\"itemListElement\":[{\"@type\":\"ListItem\",\"position\":1,\"name\":\"Portada\",\"item\":\"https:\\\/\\\/www.editorialminuscula.com\\\/ca\\\/\"},{\"@type\":\"ListItem\",\"position\":2,\"name\":\"Cat\u00e0leg\",\"item\":\"https:\\\/\\\/www.editorialminuscula.com\\\/ca\\\/cataleg\\\/\"},{\"@type\":\"ListItem\",\"position\":3,\"name\":\"La ciudad interior\"}]},{\"@type\":\"WebSite\",\"@id\":\"https:\\\/\\\/www.editorialminuscula.com\\\/#website\",\"url\":\"https:\\\/\\\/www.editorialminuscula.com\\\/\",\"name\":\"editorial min\u00fascula\",\"description\":\"\",\"publisher\":{\"@id\":\"https:\\\/\\\/www.editorialminuscula.com\\\/#organization\"},\"alternateName\":\"Velas naturales\",\"potentialAction\":[{\"@type\":\"SearchAction\",\"target\":{\"@type\":\"EntryPoint\",\"urlTemplate\":\"https:\\\/\\\/www.editorialminuscula.com\\\/?s={search_term_string}\"},\"query-input\":{\"@type\":\"PropertyValueSpecification\",\"valueRequired\":true,\"valueName\":\"search_term_string\"}}],\"inLanguage\":\"ca\"},{\"@type\":\"Organization\",\"@id\":\"https:\\\/\\\/www.editorialminuscula.com\\\/#organization\",\"name\":\"Editorial min\u00fascula\",\"alternateName\":\"Editorial min\u00fascula\",\"url\":\"https:\\\/\\\/www.editorialminuscula.com\\\/\",\"logo\":{\"@type\":\"ImageObject\",\"inLanguage\":\"ca\",\"@id\":\"https:\\\/\\\/www.editorialminuscula.com\\\/#\\\/schema\\\/logo\\\/image\\\/\",\"url\":\"\",\"contentUrl\":\"\",\"caption\":\"Editorial min\u00fascula\"},\"image\":{\"@id\":\"https:\\\/\\\/www.editorialminuscula.com\\\/#\\\/schema\\\/logo\\\/image\\\/\"},\"sameAs\":[\"https:\\\/\\\/www.instagram.com\\\/reemocioart\\\/\"]}]}<\/script>\n<!-- \/ Yoast SEO plugin. -->","yoast_head_json":{"title":"La ciudad interior - editorial min\u00fascula","robots":{"index":"index","follow":"follow","max-snippet":"max-snippet:-1","max-image-preview":"max-image-preview:large","max-video-preview":"max-video-preview:-1"},"canonical":"https:\/\/www.editorialminuscula.com\/libro\/la-ciudad-interior\/","og_locale":"ca_ES","og_type":"article","og_title":"La ciudad interior - editorial min\u00fascula","og_description":"Mauro Covacich979-13-990040-7-69791399004076","og_url":"https:\/\/www.editorialminuscula.com\/libro\/la-ciudad-interior\/","og_site_name":"editorial min\u00fascula","article_modified_time":"2026-03-24T12:58:50+00:00","og_image":[{"width":1412,"height":1949,"url":"https:\/\/www.editorialminuscula.com\/wp-content\/uploads\/La-ciudad-interiorALTA.jpg","type":"image\/jpeg"}],"twitter_card":"summary_large_image","twitter_misc":{"Temps estimat de lectura":"2 minuts"},"schema":{"@context":"https:\/\/schema.org","@graph":[{"@type":"WebPage","@id":"https:\/\/www.editorialminuscula.com\/libro\/la-ciudad-interior\/","url":"https:\/\/www.editorialminuscula.com\/libro\/la-ciudad-interior\/","name":"La ciudad interior - editorial min\u00fascula","isPartOf":{"@id":"https:\/\/www.editorialminuscula.com\/#website"},"primaryImageOfPage":{"@id":"https:\/\/www.editorialminuscula.com\/libro\/la-ciudad-interior\/#primaryimage"},"image":{"@id":"https:\/\/www.editorialminuscula.com\/libro\/la-ciudad-interior\/#primaryimage"},"thumbnailUrl":"https:\/\/www.editorialminuscula.com\/wp-content\/uploads\/La-ciudad-interiorALTA.jpg","datePublished":"2025-12-16T12:29:38+00:00","dateModified":"2026-03-24T12:58:50+00:00","breadcrumb":{"@id":"https:\/\/www.editorialminuscula.com\/libro\/la-ciudad-interior\/#breadcrumb"},"inLanguage":"ca","potentialAction":[{"@type":"ReadAction","target":["https:\/\/www.editorialminuscula.com\/libro\/la-ciudad-interior\/"]}]},{"@type":"ImageObject","inLanguage":"ca","@id":"https:\/\/www.editorialminuscula.com\/libro\/la-ciudad-interior\/#primaryimage","url":"https:\/\/www.editorialminuscula.com\/wp-content\/uploads\/La-ciudad-interiorALTA.jpg","contentUrl":"https:\/\/www.editorialminuscula.com\/wp-content\/uploads\/La-ciudad-interiorALTA.jpg","width":1412,"height":1949},{"@type":"BreadcrumbList","@id":"https:\/\/www.editorialminuscula.com\/libro\/la-ciudad-interior\/#breadcrumb","itemListElement":[{"@type":"ListItem","position":1,"name":"Portada","item":"https:\/\/www.editorialminuscula.com\/ca\/"},{"@type":"ListItem","position":2,"name":"Cat\u00e0leg","item":"https:\/\/www.editorialminuscula.com\/ca\/cataleg\/"},{"@type":"ListItem","position":3,"name":"La ciudad interior"}]},{"@type":"WebSite","@id":"https:\/\/www.editorialminuscula.com\/#website","url":"https:\/\/www.editorialminuscula.com\/","name":"editorial min\u00fascula","description":"","publisher":{"@id":"https:\/\/www.editorialminuscula.com\/#organization"},"alternateName":"Velas naturales","potentialAction":[{"@type":"SearchAction","target":{"@type":"EntryPoint","urlTemplate":"https:\/\/www.editorialminuscula.com\/?s={search_term_string}"},"query-input":{"@type":"PropertyValueSpecification","valueRequired":true,"valueName":"search_term_string"}}],"inLanguage":"ca"},{"@type":"Organization","@id":"https:\/\/www.editorialminuscula.com\/#organization","name":"Editorial min\u00fascula","alternateName":"Editorial min\u00fascula","url":"https:\/\/www.editorialminuscula.com\/","logo":{"@type":"ImageObject","inLanguage":"ca","@id":"https:\/\/www.editorialminuscula.com\/#\/schema\/logo\/image\/","url":"","contentUrl":"","caption":"Editorial min\u00fascula"},"image":{"@id":"https:\/\/www.editorialminuscula.com\/#\/schema\/logo\/image\/"},"sameAs":["https:\/\/www.instagram.com\/reemocioart\/"]}]}},"_links":{"self":[{"href":"https:\/\/www.editorialminuscula.com\/ca\/wp-json\/wp\/v2\/product\/6951","targetHints":{"allow":["GET"]}}],"collection":[{"href":"https:\/\/www.editorialminuscula.com\/ca\/wp-json\/wp\/v2\/product"}],"about":[{"href":"https:\/\/www.editorialminuscula.com\/ca\/wp-json\/wp\/v2\/types\/product"}],"acf:post":[{"embeddable":true,"href":"https:\/\/www.editorialminuscula.com\/ca\/wp-json\/wp\/v2\/autor\/3029"},{"embeddable":true,"href":"https:\/\/www.editorialminuscula.com\/ca\/wp-json\/wp\/v2\/autor\/6952"}],"wp:featuredmedia":[{"embeddable":true,"href":"https:\/\/www.editorialminuscula.com\/ca\/wp-json\/wp\/v2\/media\/6953"}],"wp:attachment":[{"href":"https:\/\/www.editorialminuscula.com\/ca\/wp-json\/wp\/v2\/media?parent=6951"}],"wp:term":[{"taxonomy":"product_brand","embeddable":true,"href":"https:\/\/www.editorialminuscula.com\/ca\/wp-json\/wp\/v2\/product_brand?post=6951"},{"taxonomy":"product_cat","embeddable":true,"href":"https:\/\/www.editorialminuscula.com\/ca\/wp-json\/wp\/v2\/product_cat?post=6951"},{"taxonomy":"product_tag","embeddable":true,"href":"https:\/\/www.editorialminuscula.com\/ca\/wp-json\/wp\/v2\/product_tag?post=6951"}],"curies":[{"name":"wp","href":"https:\/\/api.w.org\/{rel}","templated":true}]}}