{"id":6609,"date":"2025-07-09T13:12:20","date_gmt":"2025-07-09T11:12:20","guid":{"rendered":"https:\/\/www.editorialminuscula.com\/?post_type=product&#038;p=6609"},"modified":"2025-12-16T15:29:45","modified_gmt":"2025-12-16T14:29:45","slug":"el-safari-dels-binstead","status":"publish","type":"product","link":"https:\/\/www.editorialminuscula.com\/ca\/libro\/el-safari-dels-binstead\/","title":{"rendered":"El safari dels Binstead"},"content":{"rendered":"<p>El professor universitari Stan Binstead viatja des de Nova Anglaterra a un pa\u00eds centreafric\u00e0 per acabar la investigaci\u00f3 d\u2019un col\u00b7lega sobre els mites locals i el culte a un d\u00e9u lle\u00f3 que t\u00e9 el poder de convertir-se en home&#8230;, o \u00e9s a l\u2019inrev\u00e9s, un home que t\u00e9 el poder de convertir-se en lle\u00f3? Encara que havia previst fer l\u2019expedici\u00f3 tot sol, la Millie, la seva dona, insisteix a acompanyar-lo i finalment s\u2019ho pot permetre gr\u00e0cies a una her\u00e8ncia inesperada. El matrimoni passa unes setmanes a Londres abans de volar a l\u2019\u00c0frica, i la Millie al principi s\u2019hi sent deixada de banda per l\u2019Stan i els seus compromisos pretesament acad\u00e8mics. Tanmateix, la ciutat estimula la Millie a fer-se c\u00e0rrec d\u2019ella mateixa d\u2019una manera desacostumada. Quan la parella arriba a l\u2019\u00c0frica, l\u2019antiga esposa submisa \u00e9s una dona renascuda que atreu les simpaties i les mirades. I un dia, per casualitat, coneix alg\u00fa a qui la poblaci\u00f3 local adora&#8230; potser no nom\u00e9s en sentit figurat.<\/p>\n","protected":false},"excerpt":{"rendered":"<p>Rachel Ingalls<br \/>978-84-128314-2-9<br \/>9788412831429<\/p>\n","protected":false},"featured_media":6610,"template":"","meta":{"_acf_changed":false,"_monsterinsights_skip_tracking":false,"_monsterinsights_sitenote_active":false,"_monsterinsights_sitenote_note":"","_monsterinsights_sitenote_category":0},"product_brand":[],"product_cat":[15],"product_tag":[],"class_list":{"0":"post-6609","1":"product","2":"type-product","3":"status-publish","4":"has-post-thumbnail","6":"coleccion-microclimes","7":"product_cat-sin-categorizar","9":"first","10":"instock","11":"taxable","12":"shipping-taxable","13":"purchasable","14":"product-type-simple"},"acf":{"subtitulo":"","isbn":"978-84-128314-2-9","paginas":280,"coleccion-num":27,"idioma":[],"primera_edicion":2025,"reimpresion_texto":"","reimpresion_ano":"","ultima_edicion_es":"","ultima_edicion_ca":"","ultima_edicion_en":"","ultima_edicion_ano":"","agotado":false,"descatalogado":false,"encuadernacion":"rsl","formato":"12 x 16,5 cm","premios":"","aparador":true,"destacado":false,"aparador_orden":0,"destacado_orden":"","autor":[2202],"traductor":[3021,3049],"editor":"","presentador":"","prologuista":"","posfacio":"","notas":"","fragmento":6978,"resenas":"\u00ab<em>El safari dels Binstead<\/em>\u00a0\u00e9s l\u2019acompliment de la promesa que Rachel Ingalls feia a\u00a0<em>La senyora Caliban<\/em>. La hist\u00f2ria de la Millie \u00e9s complexa i fascinant.\u00bb\r\nJessica Ferri, Los Angeles Times\r\n\r\n\u00abIngalls \u00e9s una escriptora brillant de novel\u00b7les i relats, i la immensa destresa amb qu\u00e8 planteja els conflictes recorda els millors thrillers cinematogr\u00e0fics.\u00bb\r\nUrsula K. LeGuin\r\n\r\n\u00abEnginyosa i elegant.\u00bb\r\n<em>Kirkus Reviews<\/em>\r\n\r\n\u00abExcepcional.\u00bb\r\nMichele Leber,\u00a0<em>Booklist<\/em>\r\n\r\n\u00ab<em>El safari dels Binstead<\/em>\u00a0\u00e9s una estranya obra mestra en qu\u00e8 el suspens i l\u2019horror s\u2019equilibren amb la com\u00e8dia teatral.\u00bb\r\nAnita Felicelli","tienda_compra_1":"Todos tus libros","enlace_compra_1":"https:\/\/www.todostuslibros.com\/isbn\/978-84-128314-2-9","tienda_compra_2":"","enlace_compra_2":"","tienda_compra_3":"","enlace_compra_3":"","tienda_compra_4":"","enlace_compra_4":"","tienda_compra_5":"","enlace_compra_5":""},"yoast_head":"<!-- This site is optimized with the Yoast SEO plugin v27.5 - https:\/\/yoast.com\/product\/yoast-seo-wordpress\/ -->\n<title>El safari dels Binstead - editorial min\u00fascula<\/title>\n<meta name=\"robots\" content=\"index, follow, max-snippet:-1, max-image-preview:large, max-video-preview:-1\" \/>\n<link rel=\"canonical\" href=\"https:\/\/www.editorialminuscula.com\/libro\/el-safari-dels-binstead\/\" \/>\n<meta property=\"og:locale\" content=\"ca_ES\" \/>\n<meta property=\"og:type\" content=\"article\" \/>\n<meta property=\"og:title\" content=\"El safari dels Binstead - editorial min\u00fascula\" \/>\n<meta property=\"og:description\" content=\"Rachel Ingalls978-84-128314-2-99788412831429\" \/>\n<meta property=\"og:url\" content=\"https:\/\/www.editorialminuscula.com\/libro\/el-safari-dels-binstead\/\" \/>\n<meta property=\"og:site_name\" content=\"editorial min\u00fascula\" \/>\n<meta property=\"article:modified_time\" content=\"2025-12-16T14:29:45+00:00\" \/>\n<meta property=\"og:image\" content=\"https:\/\/www.editorialminuscula.com\/wp-content\/uploads\/El-safari-dels-BinsteadNOVA.jpg\" \/>\n\t<meta property=\"og:image:width\" content=\"475\" \/>\n\t<meta property=\"og:image:height\" content=\"650\" \/>\n\t<meta property=\"og:image:type\" content=\"image\/jpeg\" \/>\n<meta name=\"twitter:card\" content=\"summary_large_image\" \/>\n<meta name=\"twitter:label1\" content=\"Temps estimat de lectura\" \/>\n\t<meta name=\"twitter:data1\" content=\"2 minuts\" \/>\n<script type=\"application\/ld+json\" class=\"yoast-schema-graph\">{\"@context\":\"https:\\\/\\\/schema.org\",\"@graph\":[{\"@type\":\"WebPage\",\"@id\":\"https:\\\/\\\/www.editorialminuscula.com\\\/libro\\\/el-safari-dels-binstead\\\/\",\"url\":\"https:\\\/\\\/www.editorialminuscula.com\\\/libro\\\/el-safari-dels-binstead\\\/\",\"name\":\"El safari dels Binstead - editorial min\u00fascula\",\"isPartOf\":{\"@id\":\"https:\\\/\\\/www.editorialminuscula.com\\\/#website\"},\"primaryImageOfPage\":{\"@id\":\"https:\\\/\\\/www.editorialminuscula.com\\\/libro\\\/el-safari-dels-binstead\\\/#primaryimage\"},\"image\":{\"@id\":\"https:\\\/\\\/www.editorialminuscula.com\\\/libro\\\/el-safari-dels-binstead\\\/#primaryimage\"},\"thumbnailUrl\":\"https:\\\/\\\/www.editorialminuscula.com\\\/wp-content\\\/uploads\\\/El-safari-dels-BinsteadNOVA.jpg\",\"datePublished\":\"2025-07-09T11:12:20+00:00\",\"dateModified\":\"2025-12-16T14:29:45+00:00\",\"breadcrumb\":{\"@id\":\"https:\\\/\\\/www.editorialminuscula.com\\\/libro\\\/el-safari-dels-binstead\\\/#breadcrumb\"},\"inLanguage\":\"ca\",\"potentialAction\":[{\"@type\":\"ReadAction\",\"target\":[\"https:\\\/\\\/www.editorialminuscula.com\\\/libro\\\/el-safari-dels-binstead\\\/\"]}]},{\"@type\":\"ImageObject\",\"inLanguage\":\"ca\",\"@id\":\"https:\\\/\\\/www.editorialminuscula.com\\\/libro\\\/el-safari-dels-binstead\\\/#primaryimage\",\"url\":\"https:\\\/\\\/www.editorialminuscula.com\\\/wp-content\\\/uploads\\\/El-safari-dels-BinsteadNOVA.jpg\",\"contentUrl\":\"https:\\\/\\\/www.editorialminuscula.com\\\/wp-content\\\/uploads\\\/El-safari-dels-BinsteadNOVA.jpg\",\"width\":475,\"height\":650},{\"@type\":\"BreadcrumbList\",\"@id\":\"https:\\\/\\\/www.editorialminuscula.com\\\/libro\\\/el-safari-dels-binstead\\\/#breadcrumb\",\"itemListElement\":[{\"@type\":\"ListItem\",\"position\":1,\"name\":\"Portada\",\"item\":\"https:\\\/\\\/www.editorialminuscula.com\\\/ca\\\/\"},{\"@type\":\"ListItem\",\"position\":2,\"name\":\"Cat\u00e0leg\",\"item\":\"https:\\\/\\\/www.editorialminuscula.com\\\/ca\\\/cataleg\\\/\"},{\"@type\":\"ListItem\",\"position\":3,\"name\":\"El safari dels Binstead\"}]},{\"@type\":\"WebSite\",\"@id\":\"https:\\\/\\\/www.editorialminuscula.com\\\/#website\",\"url\":\"https:\\\/\\\/www.editorialminuscula.com\\\/\",\"name\":\"editorial min\u00fascula\",\"description\":\"\",\"publisher\":{\"@id\":\"https:\\\/\\\/www.editorialminuscula.com\\\/#organization\"},\"alternateName\":\"Velas naturales\",\"potentialAction\":[{\"@type\":\"SearchAction\",\"target\":{\"@type\":\"EntryPoint\",\"urlTemplate\":\"https:\\\/\\\/www.editorialminuscula.com\\\/?s={search_term_string}\"},\"query-input\":{\"@type\":\"PropertyValueSpecification\",\"valueRequired\":true,\"valueName\":\"search_term_string\"}}],\"inLanguage\":\"ca\"},{\"@type\":\"Organization\",\"@id\":\"https:\\\/\\\/www.editorialminuscula.com\\\/#organization\",\"name\":\"Editorial min\u00fascula\",\"alternateName\":\"Editorial min\u00fascula\",\"url\":\"https:\\\/\\\/www.editorialminuscula.com\\\/\",\"logo\":{\"@type\":\"ImageObject\",\"inLanguage\":\"ca\",\"@id\":\"https:\\\/\\\/www.editorialminuscula.com\\\/#\\\/schema\\\/logo\\\/image\\\/\",\"url\":\"\",\"contentUrl\":\"\",\"caption\":\"Editorial min\u00fascula\"},\"image\":{\"@id\":\"https:\\\/\\\/www.editorialminuscula.com\\\/#\\\/schema\\\/logo\\\/image\\\/\"},\"sameAs\":[\"https:\\\/\\\/www.instagram.com\\\/reemocioart\\\/\"]}]}<\/script>\n<!-- \/ Yoast SEO plugin. -->","yoast_head_json":{"title":"El safari dels Binstead - editorial min\u00fascula","robots":{"index":"index","follow":"follow","max-snippet":"max-snippet:-1","max-image-preview":"max-image-preview:large","max-video-preview":"max-video-preview:-1"},"canonical":"https:\/\/www.editorialminuscula.com\/libro\/el-safari-dels-binstead\/","og_locale":"ca_ES","og_type":"article","og_title":"El safari dels Binstead - editorial min\u00fascula","og_description":"Rachel Ingalls978-84-128314-2-99788412831429","og_url":"https:\/\/www.editorialminuscula.com\/libro\/el-safari-dels-binstead\/","og_site_name":"editorial min\u00fascula","article_modified_time":"2025-12-16T14:29:45+00:00","og_image":[{"width":475,"height":650,"url":"https:\/\/www.editorialminuscula.com\/wp-content\/uploads\/El-safari-dels-BinsteadNOVA.jpg","type":"image\/jpeg"}],"twitter_card":"summary_large_image","twitter_misc":{"Temps estimat de lectura":"2 minuts"},"schema":{"@context":"https:\/\/schema.org","@graph":[{"@type":"WebPage","@id":"https:\/\/www.editorialminuscula.com\/libro\/el-safari-dels-binstead\/","url":"https:\/\/www.editorialminuscula.com\/libro\/el-safari-dels-binstead\/","name":"El safari dels Binstead - editorial min\u00fascula","isPartOf":{"@id":"https:\/\/www.editorialminuscula.com\/#website"},"primaryImageOfPage":{"@id":"https:\/\/www.editorialminuscula.com\/libro\/el-safari-dels-binstead\/#primaryimage"},"image":{"@id":"https:\/\/www.editorialminuscula.com\/libro\/el-safari-dels-binstead\/#primaryimage"},"thumbnailUrl":"https:\/\/www.editorialminuscula.com\/wp-content\/uploads\/El-safari-dels-BinsteadNOVA.jpg","datePublished":"2025-07-09T11:12:20+00:00","dateModified":"2025-12-16T14:29:45+00:00","breadcrumb":{"@id":"https:\/\/www.editorialminuscula.com\/libro\/el-safari-dels-binstead\/#breadcrumb"},"inLanguage":"ca","potentialAction":[{"@type":"ReadAction","target":["https:\/\/www.editorialminuscula.com\/libro\/el-safari-dels-binstead\/"]}]},{"@type":"ImageObject","inLanguage":"ca","@id":"https:\/\/www.editorialminuscula.com\/libro\/el-safari-dels-binstead\/#primaryimage","url":"https:\/\/www.editorialminuscula.com\/wp-content\/uploads\/El-safari-dels-BinsteadNOVA.jpg","contentUrl":"https:\/\/www.editorialminuscula.com\/wp-content\/uploads\/El-safari-dels-BinsteadNOVA.jpg","width":475,"height":650},{"@type":"BreadcrumbList","@id":"https:\/\/www.editorialminuscula.com\/libro\/el-safari-dels-binstead\/#breadcrumb","itemListElement":[{"@type":"ListItem","position":1,"name":"Portada","item":"https:\/\/www.editorialminuscula.com\/ca\/"},{"@type":"ListItem","position":2,"name":"Cat\u00e0leg","item":"https:\/\/www.editorialminuscula.com\/ca\/cataleg\/"},{"@type":"ListItem","position":3,"name":"El safari dels Binstead"}]},{"@type":"WebSite","@id":"https:\/\/www.editorialminuscula.com\/#website","url":"https:\/\/www.editorialminuscula.com\/","name":"editorial min\u00fascula","description":"","publisher":{"@id":"https:\/\/www.editorialminuscula.com\/#organization"},"alternateName":"Velas naturales","potentialAction":[{"@type":"SearchAction","target":{"@type":"EntryPoint","urlTemplate":"https:\/\/www.editorialminuscula.com\/?s={search_term_string}"},"query-input":{"@type":"PropertyValueSpecification","valueRequired":true,"valueName":"search_term_string"}}],"inLanguage":"ca"},{"@type":"Organization","@id":"https:\/\/www.editorialminuscula.com\/#organization","name":"Editorial min\u00fascula","alternateName":"Editorial min\u00fascula","url":"https:\/\/www.editorialminuscula.com\/","logo":{"@type":"ImageObject","inLanguage":"ca","@id":"https:\/\/www.editorialminuscula.com\/#\/schema\/logo\/image\/","url":"","contentUrl":"","caption":"Editorial min\u00fascula"},"image":{"@id":"https:\/\/www.editorialminuscula.com\/#\/schema\/logo\/image\/"},"sameAs":["https:\/\/www.instagram.com\/reemocioart\/"]}]}},"_links":{"self":[{"href":"https:\/\/www.editorialminuscula.com\/ca\/wp-json\/wp\/v2\/product\/6609","targetHints":{"allow":["GET"]}}],"collection":[{"href":"https:\/\/www.editorialminuscula.com\/ca\/wp-json\/wp\/v2\/product"}],"about":[{"href":"https:\/\/www.editorialminuscula.com\/ca\/wp-json\/wp\/v2\/types\/product"}],"acf:post":[{"embeddable":true,"href":"https:\/\/www.editorialminuscula.com\/ca\/wp-json\/wp\/v2\/autor\/3049"},{"embeddable":true,"href":"https:\/\/www.editorialminuscula.com\/ca\/wp-json\/wp\/v2\/autor\/3021"},{"embeddable":true,"href":"https:\/\/www.editorialminuscula.com\/ca\/wp-json\/wp\/v2\/autor\/2202"}],"wp:featuredmedia":[{"embeddable":true,"href":"https:\/\/www.editorialminuscula.com\/ca\/wp-json\/wp\/v2\/media\/6610"}],"wp:attachment":[{"href":"https:\/\/www.editorialminuscula.com\/ca\/wp-json\/wp\/v2\/media?parent=6609"}],"wp:term":[{"taxonomy":"product_brand","embeddable":true,"href":"https:\/\/www.editorialminuscula.com\/ca\/wp-json\/wp\/v2\/product_brand?post=6609"},{"taxonomy":"product_cat","embeddable":true,"href":"https:\/\/www.editorialminuscula.com\/ca\/wp-json\/wp\/v2\/product_cat?post=6609"},{"taxonomy":"product_tag","embeddable":true,"href":"https:\/\/www.editorialminuscula.com\/ca\/wp-json\/wp\/v2\/product_tag?post=6609"}],"curies":[{"name":"wp","href":"https:\/\/api.w.org\/{rel}","templated":true}]}}