{"id":6345,"date":"2025-05-14T13:57:54","date_gmt":"2025-05-14T11:57:54","guid":{"rendered":"https:\/\/www.editorialminuscula.com\/?post_type=product&#038;p=6345"},"modified":"2026-01-19T15:22:51","modified_gmt":"2026-01-19T14:22:51","slug":"la-hija-del-escultor","status":"publish","type":"product","link":"https:\/\/www.editorialminuscula.com\/ca\/libro\/la-hija-del-escultor\/","title":{"rendered":"La hija del escultor"},"content":{"rendered":"<p><em>La hija del escultor<\/em>, el primer libro para adultos de Tove Jansson, nos permite curiosear en la infancia de Tove, que, en medio de lo cotidiano, fue m\u00e1gica y misteriosa. En estas <em>memorias<\/em>, una ni\u00f1a inteligente e imaginativa nos introduce en el ambiente bohemio creado por sus padres en Katajanokka, el distrito portuario de Helsinki, y nos explica cosas como la ciencia de la improvisaci\u00f3n perfeccionada por su madre, la ilustradora Signe Hammarsten, y una expedici\u00f3n en barca con su padre, el escultor Viktor Jansson, para rescatar unos misteriosos bidones aparecidos en una de las bah\u00edas del archipi\u00e9lago de Pellinge. Descrito como \u00abun libro de cuentos soberbio\u00bb por Ali Smith, la prosa evocadora de Jansson entreteje el realismo tranquilo con elementos propios de un cuento de hadas.<\/p>\n<p>&nbsp;<\/p>\n","protected":false},"excerpt":{"rendered":"<p>Tove Jansson<br \/>979-13-990040-3-8<br \/>9791399004038<\/p>\n","protected":false},"featured_media":6346,"template":"","meta":{"_acf_changed":false,"_monsterinsights_skip_tracking":false,"_monsterinsights_sitenote_active":false,"_monsterinsights_sitenote_note":"","_monsterinsights_sitenote_category":0},"product_brand":[],"product_cat":[15],"product_tag":[],"class_list":{"0":"post-6345","1":"product","2":"type-product","3":"status-publish","4":"has-post-thumbnail","6":"coleccion-tour-de-force","7":"product_cat-sin-categorizar","9":"first","10":"instock","11":"taxable","12":"shipping-taxable","13":"purchasable","14":"product-type-simple"},"acf":{"subtitulo":"","isbn":"979-13-990040-3-8","paginas":136,"coleccion-num":55,"idioma":["sv"],"primera_edicion":2025,"reimpresion_texto":"","reimpresion_ano":"","ultima_edicion_es":"","ultima_edicion_ca":"","ultima_edicion_en":"","ultima_edicion_ano":"","agotado":false,"descatalogado":false,"encuadernacion":"rsl","formato":"14 x 21 cm","premios":"","aparador":true,"destacado":false,"aparador_orden":1,"destacado_orden":"","autor":[2205],"traductor":[2962],"editor":"","presentador":"","prologuista":"","posfacio":"","notas":"","fragmento":"","resenas":"La prosa de Jansson destaca por su textura visual, por un uso sobresaliente del color y por su destreza para apresar el momento.\r\n<a href=\"https:\/\/elpais.com\/babelia\/2025-08-11\/la-hija-del-escultor-la-nina-tove-jansson-encerrada-en-una-gota-de-ambar.html\">Marta Sanz, <em>Babelia<\/em><\/a>\r\n\r\nLas palabras y los objetos evocados han sido medidos con precisi\u00f3n para iluminar el mundo de la memoria.\r\n<a href=\"https:\/\/www.elmundo.es\/la-lectura\/2025\/07\/09\/6862c93b21efa0154a8b458d.html\">Daniel Cap\u00f3, <em>La lectura<\/em><\/a>\r\n\r\nJansson escribe como si no hubiera otro modo posible de hacerlo, como si las palabras hubieran encontrado su lugar inevitable. Un libro \u00fanico.\r\nRecaredo Veredas\r\n\r\nLeerla es como volver a la infancia: cuando el asunto depende de los adultos, ocurren cosas inexplicables. La vida, indica la autora, vale m\u00e1s abordarla con cautela y respeto.\r\nKate Kellaway, <em>The Guardian<\/em>\r\n\r\nJansson era una compositora de prosa tan rigurosamente disciplinada que el resultado final es, de alguna manera, universal y exuberante. <em>La hija del escultor<\/em> es la revelaci\u00f3n de un cl\u00e1sico.\r\nAli Smith\r\n\r\nLa prosa de Jansson es maravillosa: es limpia, deliberada; una est\u00e9tica tan segura de s\u00ed misma que resulta impresionante.\r\n<em>Daily Telegraph<\/em>\r\n\r\nUnas memorias m\u00e1gicas de la infancia. [...] Leerla es como regresar a la infancia.\r\n<em>The Observer<\/em>\r\n\r\nUn libro sobre la calma y la tenacidad [...] que seguro que penetrar\u00e1 en tus sue\u00f1os. Al leer <em>La hija del escultor<\/em> es f\u00e1cil comprender c\u00f3mo esta ni\u00f1a, llena de amor y capacidad de asombro, se convirti\u00f3 en la mujer que nos dio los filos\u00f3ficos Mumins.\r\n<em>The Scotsman<\/em>","tienda_compra_1":"Todos tus libros","enlace_compra_1":"https:\/\/www.todostuslibros.com\/isbn\/979-13-990040-3-8","tienda_compra_2":"","enlace_compra_2":"","tienda_compra_3":"","enlace_compra_3":"","tienda_compra_4":"","enlace_compra_4":"","tienda_compra_5":"","enlace_compra_5":""},"yoast_head":"<!-- This site is optimized with the Yoast SEO plugin v27.5 - https:\/\/yoast.com\/product\/yoast-seo-wordpress\/ -->\n<title>La hija del escultor - editorial min\u00fascula<\/title>\n<meta name=\"robots\" content=\"index, follow, max-snippet:-1, max-image-preview:large, max-video-preview:-1\" \/>\n<link rel=\"canonical\" href=\"https:\/\/www.editorialminuscula.com\/libro\/la-hija-del-escultor\/\" \/>\n<meta property=\"og:locale\" content=\"ca_ES\" \/>\n<meta property=\"og:type\" content=\"article\" \/>\n<meta property=\"og:title\" content=\"La hija del escultor - editorial min\u00fascula\" \/>\n<meta property=\"og:description\" content=\"Tove Jansson979-13-990040-3-89791399004038\" \/>\n<meta property=\"og:url\" content=\"https:\/\/www.editorialminuscula.com\/libro\/la-hija-del-escultor\/\" \/>\n<meta property=\"og:site_name\" content=\"editorial min\u00fascula\" \/>\n<meta property=\"article:modified_time\" content=\"2026-01-19T14:22:51+00:00\" \/>\n<meta property=\"og:image\" content=\"https:\/\/www.editorialminuscula.com\/wp-content\/uploads\/La-hija-del-escultorALTA.jpg\" \/>\n\t<meta property=\"og:image:width\" content=\"1652\" \/>\n\t<meta property=\"og:image:height\" content=\"2480\" \/>\n\t<meta property=\"og:image:type\" content=\"image\/jpeg\" \/>\n<meta name=\"twitter:card\" content=\"summary_large_image\" \/>\n<meta name=\"twitter:label1\" content=\"Temps estimat de lectura\" \/>\n\t<meta name=\"twitter:data1\" content=\"1 minut\" \/>\n<script type=\"application\/ld+json\" class=\"yoast-schema-graph\">{\"@context\":\"https:\\\/\\\/schema.org\",\"@graph\":[{\"@type\":\"WebPage\",\"@id\":\"https:\\\/\\\/www.editorialminuscula.com\\\/libro\\\/la-hija-del-escultor\\\/\",\"url\":\"https:\\\/\\\/www.editorialminuscula.com\\\/libro\\\/la-hija-del-escultor\\\/\",\"name\":\"La hija del escultor - editorial min\u00fascula\",\"isPartOf\":{\"@id\":\"https:\\\/\\\/www.editorialminuscula.com\\\/#website\"},\"primaryImageOfPage\":{\"@id\":\"https:\\\/\\\/www.editorialminuscula.com\\\/libro\\\/la-hija-del-escultor\\\/#primaryimage\"},\"image\":{\"@id\":\"https:\\\/\\\/www.editorialminuscula.com\\\/libro\\\/la-hija-del-escultor\\\/#primaryimage\"},\"thumbnailUrl\":\"https:\\\/\\\/www.editorialminuscula.com\\\/wp-content\\\/uploads\\\/La-hija-del-escultorALTA.jpg\",\"datePublished\":\"2025-05-14T11:57:54+00:00\",\"dateModified\":\"2026-01-19T14:22:51+00:00\",\"breadcrumb\":{\"@id\":\"https:\\\/\\\/www.editorialminuscula.com\\\/libro\\\/la-hija-del-escultor\\\/#breadcrumb\"},\"inLanguage\":\"ca\",\"potentialAction\":[{\"@type\":\"ReadAction\",\"target\":[\"https:\\\/\\\/www.editorialminuscula.com\\\/libro\\\/la-hija-del-escultor\\\/\"]}]},{\"@type\":\"ImageObject\",\"inLanguage\":\"ca\",\"@id\":\"https:\\\/\\\/www.editorialminuscula.com\\\/libro\\\/la-hija-del-escultor\\\/#primaryimage\",\"url\":\"https:\\\/\\\/www.editorialminuscula.com\\\/wp-content\\\/uploads\\\/La-hija-del-escultorALTA.jpg\",\"contentUrl\":\"https:\\\/\\\/www.editorialminuscula.com\\\/wp-content\\\/uploads\\\/La-hija-del-escultorALTA.jpg\",\"width\":1652,\"height\":2480},{\"@type\":\"BreadcrumbList\",\"@id\":\"https:\\\/\\\/www.editorialminuscula.com\\\/libro\\\/la-hija-del-escultor\\\/#breadcrumb\",\"itemListElement\":[{\"@type\":\"ListItem\",\"position\":1,\"name\":\"Portada\",\"item\":\"https:\\\/\\\/www.editorialminuscula.com\\\/ca\\\/\"},{\"@type\":\"ListItem\",\"position\":2,\"name\":\"Cat\u00e0leg\",\"item\":\"https:\\\/\\\/www.editorialminuscula.com\\\/ca\\\/cataleg\\\/\"},{\"@type\":\"ListItem\",\"position\":3,\"name\":\"La hija del escultor\"}]},{\"@type\":\"WebSite\",\"@id\":\"https:\\\/\\\/www.editorialminuscula.com\\\/#website\",\"url\":\"https:\\\/\\\/www.editorialminuscula.com\\\/\",\"name\":\"editorial min\u00fascula\",\"description\":\"\",\"publisher\":{\"@id\":\"https:\\\/\\\/www.editorialminuscula.com\\\/#organization\"},\"alternateName\":\"Velas naturales\",\"potentialAction\":[{\"@type\":\"SearchAction\",\"target\":{\"@type\":\"EntryPoint\",\"urlTemplate\":\"https:\\\/\\\/www.editorialminuscula.com\\\/?s={search_term_string}\"},\"query-input\":{\"@type\":\"PropertyValueSpecification\",\"valueRequired\":true,\"valueName\":\"search_term_string\"}}],\"inLanguage\":\"ca\"},{\"@type\":\"Organization\",\"@id\":\"https:\\\/\\\/www.editorialminuscula.com\\\/#organization\",\"name\":\"Editorial min\u00fascula\",\"alternateName\":\"Editorial min\u00fascula\",\"url\":\"https:\\\/\\\/www.editorialminuscula.com\\\/\",\"logo\":{\"@type\":\"ImageObject\",\"inLanguage\":\"ca\",\"@id\":\"https:\\\/\\\/www.editorialminuscula.com\\\/#\\\/schema\\\/logo\\\/image\\\/\",\"url\":\"\",\"contentUrl\":\"\",\"caption\":\"Editorial min\u00fascula\"},\"image\":{\"@id\":\"https:\\\/\\\/www.editorialminuscula.com\\\/#\\\/schema\\\/logo\\\/image\\\/\"},\"sameAs\":[\"https:\\\/\\\/www.instagram.com\\\/reemocioart\\\/\"]}]}<\/script>\n<!-- \/ Yoast SEO plugin. -->","yoast_head_json":{"title":"La hija del escultor - editorial min\u00fascula","robots":{"index":"index","follow":"follow","max-snippet":"max-snippet:-1","max-image-preview":"max-image-preview:large","max-video-preview":"max-video-preview:-1"},"canonical":"https:\/\/www.editorialminuscula.com\/libro\/la-hija-del-escultor\/","og_locale":"ca_ES","og_type":"article","og_title":"La hija del escultor - editorial min\u00fascula","og_description":"Tove Jansson979-13-990040-3-89791399004038","og_url":"https:\/\/www.editorialminuscula.com\/libro\/la-hija-del-escultor\/","og_site_name":"editorial min\u00fascula","article_modified_time":"2026-01-19T14:22:51+00:00","og_image":[{"width":1652,"height":2480,"url":"https:\/\/www.editorialminuscula.com\/wp-content\/uploads\/La-hija-del-escultorALTA.jpg","type":"image\/jpeg"}],"twitter_card":"summary_large_image","twitter_misc":{"Temps estimat de lectura":"1 minut"},"schema":{"@context":"https:\/\/schema.org","@graph":[{"@type":"WebPage","@id":"https:\/\/www.editorialminuscula.com\/libro\/la-hija-del-escultor\/","url":"https:\/\/www.editorialminuscula.com\/libro\/la-hija-del-escultor\/","name":"La hija del escultor - editorial min\u00fascula","isPartOf":{"@id":"https:\/\/www.editorialminuscula.com\/#website"},"primaryImageOfPage":{"@id":"https:\/\/www.editorialminuscula.com\/libro\/la-hija-del-escultor\/#primaryimage"},"image":{"@id":"https:\/\/www.editorialminuscula.com\/libro\/la-hija-del-escultor\/#primaryimage"},"thumbnailUrl":"https:\/\/www.editorialminuscula.com\/wp-content\/uploads\/La-hija-del-escultorALTA.jpg","datePublished":"2025-05-14T11:57:54+00:00","dateModified":"2026-01-19T14:22:51+00:00","breadcrumb":{"@id":"https:\/\/www.editorialminuscula.com\/libro\/la-hija-del-escultor\/#breadcrumb"},"inLanguage":"ca","potentialAction":[{"@type":"ReadAction","target":["https:\/\/www.editorialminuscula.com\/libro\/la-hija-del-escultor\/"]}]},{"@type":"ImageObject","inLanguage":"ca","@id":"https:\/\/www.editorialminuscula.com\/libro\/la-hija-del-escultor\/#primaryimage","url":"https:\/\/www.editorialminuscula.com\/wp-content\/uploads\/La-hija-del-escultorALTA.jpg","contentUrl":"https:\/\/www.editorialminuscula.com\/wp-content\/uploads\/La-hija-del-escultorALTA.jpg","width":1652,"height":2480},{"@type":"BreadcrumbList","@id":"https:\/\/www.editorialminuscula.com\/libro\/la-hija-del-escultor\/#breadcrumb","itemListElement":[{"@type":"ListItem","position":1,"name":"Portada","item":"https:\/\/www.editorialminuscula.com\/ca\/"},{"@type":"ListItem","position":2,"name":"Cat\u00e0leg","item":"https:\/\/www.editorialminuscula.com\/ca\/cataleg\/"},{"@type":"ListItem","position":3,"name":"La hija del escultor"}]},{"@type":"WebSite","@id":"https:\/\/www.editorialminuscula.com\/#website","url":"https:\/\/www.editorialminuscula.com\/","name":"editorial min\u00fascula","description":"","publisher":{"@id":"https:\/\/www.editorialminuscula.com\/#organization"},"alternateName":"Velas naturales","potentialAction":[{"@type":"SearchAction","target":{"@type":"EntryPoint","urlTemplate":"https:\/\/www.editorialminuscula.com\/?s={search_term_string}"},"query-input":{"@type":"PropertyValueSpecification","valueRequired":true,"valueName":"search_term_string"}}],"inLanguage":"ca"},{"@type":"Organization","@id":"https:\/\/www.editorialminuscula.com\/#organization","name":"Editorial min\u00fascula","alternateName":"Editorial min\u00fascula","url":"https:\/\/www.editorialminuscula.com\/","logo":{"@type":"ImageObject","inLanguage":"ca","@id":"https:\/\/www.editorialminuscula.com\/#\/schema\/logo\/image\/","url":"","contentUrl":"","caption":"Editorial min\u00fascula"},"image":{"@id":"https:\/\/www.editorialminuscula.com\/#\/schema\/logo\/image\/"},"sameAs":["https:\/\/www.instagram.com\/reemocioart\/"]}]}},"_links":{"self":[{"href":"https:\/\/www.editorialminuscula.com\/ca\/wp-json\/wp\/v2\/product\/6345","targetHints":{"allow":["GET"]}}],"collection":[{"href":"https:\/\/www.editorialminuscula.com\/ca\/wp-json\/wp\/v2\/product"}],"about":[{"href":"https:\/\/www.editorialminuscula.com\/ca\/wp-json\/wp\/v2\/types\/product"}],"acf:post":[{"embeddable":true,"href":"https:\/\/www.editorialminuscula.com\/ca\/wp-json\/wp\/v2\/autor\/2962"},{"embeddable":true,"href":"https:\/\/www.editorialminuscula.com\/ca\/wp-json\/wp\/v2\/autor\/2205"}],"wp:featuredmedia":[{"embeddable":true,"href":"https:\/\/www.editorialminuscula.com\/ca\/wp-json\/wp\/v2\/media\/6346"}],"wp:attachment":[{"href":"https:\/\/www.editorialminuscula.com\/ca\/wp-json\/wp\/v2\/media?parent=6345"}],"wp:term":[{"taxonomy":"product_brand","embeddable":true,"href":"https:\/\/www.editorialminuscula.com\/ca\/wp-json\/wp\/v2\/product_brand?post=6345"},{"taxonomy":"product_cat","embeddable":true,"href":"https:\/\/www.editorialminuscula.com\/ca\/wp-json\/wp\/v2\/product_cat?post=6345"},{"taxonomy":"product_tag","embeddable":true,"href":"https:\/\/www.editorialminuscula.com\/ca\/wp-json\/wp\/v2\/product_tag?post=6345"}],"curies":[{"name":"wp","href":"https:\/\/api.w.org\/{rel}","templated":true}]}}