{"id":6298,"date":"2025-05-02T11:32:16","date_gmt":"2025-05-02T09:32:16","guid":{"rendered":"https:\/\/www.editorialminuscula.com\/?post_type=product&#038;p=6298"},"modified":"2026-04-29T16:33:54","modified_gmt":"2026-04-29T14:33:54","slug":"el-meu-carst-2","status":"publish","type":"product","link":"https:\/\/www.editorialminuscula.com\/ca\/libro\/el-meu-carst-2\/","title":{"rendered":"El meu carst"},"content":{"rendered":"<p>La regi\u00f3 c\u00e0rstica que comparteixen It\u00e0lia, Eslov\u00e8nia i Cro\u00e0cia, una zona on conflueixen diferents pobles i lleng\u00fces, ofereix refugi a l\u2019autor en un moment de profunda crisi personal. Neix aix\u00ed aquesta \u00abautobiografia l\u00edrica\u00bb, com a Slataper li agradava definir-la, en la qual, seguint el flux dels records, parla de la seva infantesa i adolesc\u00e8ncia, dels seus amors, de Trieste i l\u2019irredemptisme, del trasbals d\u2019un jove a la recerca de la seva identitat ling\u00fc\u00edstica i cultural en una terra fronterera. La seva tria el portar\u00e0, uns anys m\u00e9s tard, a perdre la vida per It\u00e0lia a la Gran Guerra, com molts altres intel\u00b7lectuals de la seva generaci\u00f3. Publicada a Flor\u00e8ncia l\u2019any 1912,\u00a0<em>El meu carst<\/em>\u00a0\u00e9s una obra mestra de la literatura triestina del segle xx i el llibre m\u00e9s important de Scipio Slataper.<\/p>\n<p>&nbsp;<\/p>\n","protected":false},"excerpt":{"rendered":"<p>Scipio Slataper<br \/>979-13-990040-2-1<br \/>9791399004021<\/p>\n","protected":false},"featured_media":6236,"template":"","meta":{"_acf_changed":false,"_monsterinsights_skip_tracking":false,"_monsterinsights_sitenote_active":false,"_monsterinsights_sitenote_note":"","_monsterinsights_sitenote_category":0},"product_brand":[],"product_cat":[15],"product_tag":[],"class_list":{"0":"post-6298","1":"product","2":"type-product","3":"status-publish","4":"has-post-thumbnail","6":"coleccion-microclimes","7":"product_cat-sin-categorizar","9":"first","10":"instock","11":"taxable","12":"shipping-taxable","13":"purchasable","14":"product-type-simple"},"acf":{"subtitulo":"","isbn":"979-13-990040-2-1","paginas":128,"coleccion-num":26,"idioma":["it"],"primera_edicion":2025,"reimpresion_texto":"","reimpresion_ano":"","ultima_edicion_es":"","ultima_edicion_ca":"","ultima_edicion_en":"","ultima_edicion_ano":"","agotado":false,"descatalogado":false,"encuadernacion":"rsl","formato":"12 x 16,5 cm","premios":"","aparador":true,"destacado":false,"aparador_orden":2,"destacado_orden":"","autor":[6229],"traductor":[2950],"editor":"","presentador":"","prologuista":"","posfacio":"","notas":"","fragmento":7238,"resenas":"\u00abResulta un text de bellesa estremidora i de v\u00e0lua incalculable pel risc que l\u2019autor assumeix i per la forma imperceptible d\u2019anar eixamplant els gestos i camins de la literatura.\u00bb\r\n<a href=\"https:\/\/www.laveudelsllibres.cat\/noticia\/103244\/el-meu-carst-de-scipio-slataper?&amp;utm_source=bluesky&amp;utm_medium=social-media&amp;utm_campaign=addtoany\">Joan Benesiu <em>El meu carst<\/em>, de Scipio Slataper - <em>La Veu dels Llibres <\/em><\/a>\r\n<i><\/i>\r\n\r\n<i>\u00abEl meu carst<\/i> \u00e9s un Bildungsroman fragmentari compost de records, meditacions l\u00edriques i descripcions gaireb\u00e9 panteistes de la natura.\u00bb\r\n<a href=\"https:\/\/elpais.com\/quadern\/literatura\/2025-10-22\/el-meu-carst-la-novella-mes-turmentada-de-trieste.html\">Marc Casals, <em>El Quadern<\/em>, <em>El Pa\u00eds<\/em><\/a>\r\n\r\n\u00abScipio Slataper va ser el m\u00e9s brillant dels joves de la generaci\u00f3 malaguanyada de Trieste. [...] Perqu\u00e8 <em>El meu carst<\/em> no tan sols dibuixa amb geni po\u00e8tic el nervi d\u2019aquest enclavament multiling\u00fce, sin\u00f3 que pel que fa a l\u2019estil crea un encreuament esbala\u00efdor \u2014per a l\u2019\u00e8poca\u2014 entre ficci\u00f3, autobiografia, poesia i assaig. [...] El seu llibre opera un miracle: revivim en un instant atemporal la totalitat de l\u2019exist\u00e8ncia de Trieste.\u00bb\r\nEnrique Vila-Matas, <em>Babelia<\/em>, <em>El Pa\u00eds<\/em>\r\n\r\n\u00abS\u2019havia de pert\u00e0nyer a una ciutat tan tremendament lliure de la tradici\u00f3 com Trieste per escriure novel\u00b7les amb la meravellosa virginitat liter\u00e0ria de Slataper.\u00bb\r\nItalo Calvino\r\n\r\n<em>\u00abEl meu carst<\/em> va ser el descobriment po\u00e8tic de la nostra \u00e0nima triestina.\u00bb\r\nGiani Stuparich","tienda_compra_1":"Todos tus libros","enlace_compra_1":"https:\/\/www.todostuslibros.com\/isbn\/9791399004021","tienda_compra_2":"","enlace_compra_2":"","tienda_compra_3":"","enlace_compra_3":"","tienda_compra_4":"","enlace_compra_4":"","tienda_compra_5":"","enlace_compra_5":""},"yoast_head":"<!-- This site is optimized with the Yoast SEO plugin v27.5 - https:\/\/yoast.com\/product\/yoast-seo-wordpress\/ -->\n<title>El meu carst - editorial min\u00fascula<\/title>\n<meta name=\"robots\" content=\"index, follow, max-snippet:-1, max-image-preview:large, max-video-preview:-1\" \/>\n<link rel=\"canonical\" href=\"https:\/\/www.editorialminuscula.com\/libro\/el-meu-carst-2\/\" \/>\n<meta property=\"og:locale\" content=\"ca_ES\" \/>\n<meta property=\"og:type\" content=\"article\" \/>\n<meta property=\"og:title\" content=\"El meu carst - editorial min\u00fascula\" \/>\n<meta property=\"og:description\" content=\"Scipio Slataper979-13-990040-2-19791399004021\" \/>\n<meta property=\"og:url\" content=\"https:\/\/www.editorialminuscula.com\/libro\/el-meu-carst-2\/\" \/>\n<meta property=\"og:site_name\" content=\"editorial min\u00fascula\" \/>\n<meta property=\"article:modified_time\" content=\"2026-04-29T14:33:54+00:00\" \/>\n<meta property=\"og:image\" content=\"https:\/\/www.editorialminuscula.com\/wp-content\/uploads\/9791399004021.jpg\" \/>\n\t<meta property=\"og:image:width\" content=\"1427\" \/>\n\t<meta property=\"og:image:height\" content=\"1949\" \/>\n\t<meta property=\"og:image:type\" content=\"image\/jpeg\" \/>\n<meta name=\"twitter:card\" content=\"summary_large_image\" \/>\n<meta name=\"twitter:label1\" content=\"Temps estimat de lectura\" \/>\n\t<meta name=\"twitter:data1\" content=\"1 minut\" \/>\n<script type=\"application\/ld+json\" class=\"yoast-schema-graph\">{\"@context\":\"https:\\\/\\\/schema.org\",\"@graph\":[{\"@type\":\"WebPage\",\"@id\":\"https:\\\/\\\/www.editorialminuscula.com\\\/libro\\\/el-meu-carst-2\\\/\",\"url\":\"https:\\\/\\\/www.editorialminuscula.com\\\/libro\\\/el-meu-carst-2\\\/\",\"name\":\"El meu carst - editorial min\u00fascula\",\"isPartOf\":{\"@id\":\"https:\\\/\\\/www.editorialminuscula.com\\\/#website\"},\"primaryImageOfPage\":{\"@id\":\"https:\\\/\\\/www.editorialminuscula.com\\\/libro\\\/el-meu-carst-2\\\/#primaryimage\"},\"image\":{\"@id\":\"https:\\\/\\\/www.editorialminuscula.com\\\/libro\\\/el-meu-carst-2\\\/#primaryimage\"},\"thumbnailUrl\":\"https:\\\/\\\/www.editorialminuscula.com\\\/wp-content\\\/uploads\\\/9791399004021.jpg\",\"datePublished\":\"2025-05-02T09:32:16+00:00\",\"dateModified\":\"2026-04-29T14:33:54+00:00\",\"breadcrumb\":{\"@id\":\"https:\\\/\\\/www.editorialminuscula.com\\\/libro\\\/el-meu-carst-2\\\/#breadcrumb\"},\"inLanguage\":\"ca\",\"potentialAction\":[{\"@type\":\"ReadAction\",\"target\":[\"https:\\\/\\\/www.editorialminuscula.com\\\/libro\\\/el-meu-carst-2\\\/\"]}]},{\"@type\":\"ImageObject\",\"inLanguage\":\"ca\",\"@id\":\"https:\\\/\\\/www.editorialminuscula.com\\\/libro\\\/el-meu-carst-2\\\/#primaryimage\",\"url\":\"https:\\\/\\\/www.editorialminuscula.com\\\/wp-content\\\/uploads\\\/9791399004021.jpg\",\"contentUrl\":\"https:\\\/\\\/www.editorialminuscula.com\\\/wp-content\\\/uploads\\\/9791399004021.jpg\",\"width\":1427,\"height\":1949},{\"@type\":\"BreadcrumbList\",\"@id\":\"https:\\\/\\\/www.editorialminuscula.com\\\/libro\\\/el-meu-carst-2\\\/#breadcrumb\",\"itemListElement\":[{\"@type\":\"ListItem\",\"position\":1,\"name\":\"Portada\",\"item\":\"https:\\\/\\\/www.editorialminuscula.com\\\/ca\\\/\"},{\"@type\":\"ListItem\",\"position\":2,\"name\":\"Cat\u00e0leg\",\"item\":\"https:\\\/\\\/www.editorialminuscula.com\\\/ca\\\/cataleg\\\/\"},{\"@type\":\"ListItem\",\"position\":3,\"name\":\"El meu carst\"}]},{\"@type\":\"WebSite\",\"@id\":\"https:\\\/\\\/www.editorialminuscula.com\\\/#website\",\"url\":\"https:\\\/\\\/www.editorialminuscula.com\\\/\",\"name\":\"editorial min\u00fascula\",\"description\":\"\",\"publisher\":{\"@id\":\"https:\\\/\\\/www.editorialminuscula.com\\\/#organization\"},\"alternateName\":\"Velas naturales\",\"potentialAction\":[{\"@type\":\"SearchAction\",\"target\":{\"@type\":\"EntryPoint\",\"urlTemplate\":\"https:\\\/\\\/www.editorialminuscula.com\\\/?s={search_term_string}\"},\"query-input\":{\"@type\":\"PropertyValueSpecification\",\"valueRequired\":true,\"valueName\":\"search_term_string\"}}],\"inLanguage\":\"ca\"},{\"@type\":\"Organization\",\"@id\":\"https:\\\/\\\/www.editorialminuscula.com\\\/#organization\",\"name\":\"Editorial min\u00fascula\",\"alternateName\":\"Editorial min\u00fascula\",\"url\":\"https:\\\/\\\/www.editorialminuscula.com\\\/\",\"logo\":{\"@type\":\"ImageObject\",\"inLanguage\":\"ca\",\"@id\":\"https:\\\/\\\/www.editorialminuscula.com\\\/#\\\/schema\\\/logo\\\/image\\\/\",\"url\":\"\",\"contentUrl\":\"\",\"caption\":\"Editorial min\u00fascula\"},\"image\":{\"@id\":\"https:\\\/\\\/www.editorialminuscula.com\\\/#\\\/schema\\\/logo\\\/image\\\/\"},\"sameAs\":[\"https:\\\/\\\/www.instagram.com\\\/reemocioart\\\/\"]}]}<\/script>\n<!-- \/ Yoast SEO plugin. -->","yoast_head_json":{"title":"El meu carst - editorial min\u00fascula","robots":{"index":"index","follow":"follow","max-snippet":"max-snippet:-1","max-image-preview":"max-image-preview:large","max-video-preview":"max-video-preview:-1"},"canonical":"https:\/\/www.editorialminuscula.com\/libro\/el-meu-carst-2\/","og_locale":"ca_ES","og_type":"article","og_title":"El meu carst - editorial min\u00fascula","og_description":"Scipio Slataper979-13-990040-2-19791399004021","og_url":"https:\/\/www.editorialminuscula.com\/libro\/el-meu-carst-2\/","og_site_name":"editorial min\u00fascula","article_modified_time":"2026-04-29T14:33:54+00:00","og_image":[{"width":1427,"height":1949,"url":"https:\/\/www.editorialminuscula.com\/wp-content\/uploads\/9791399004021.jpg","type":"image\/jpeg"}],"twitter_card":"summary_large_image","twitter_misc":{"Temps estimat de lectura":"1 minut"},"schema":{"@context":"https:\/\/schema.org","@graph":[{"@type":"WebPage","@id":"https:\/\/www.editorialminuscula.com\/libro\/el-meu-carst-2\/","url":"https:\/\/www.editorialminuscula.com\/libro\/el-meu-carst-2\/","name":"El meu carst - editorial min\u00fascula","isPartOf":{"@id":"https:\/\/www.editorialminuscula.com\/#website"},"primaryImageOfPage":{"@id":"https:\/\/www.editorialminuscula.com\/libro\/el-meu-carst-2\/#primaryimage"},"image":{"@id":"https:\/\/www.editorialminuscula.com\/libro\/el-meu-carst-2\/#primaryimage"},"thumbnailUrl":"https:\/\/www.editorialminuscula.com\/wp-content\/uploads\/9791399004021.jpg","datePublished":"2025-05-02T09:32:16+00:00","dateModified":"2026-04-29T14:33:54+00:00","breadcrumb":{"@id":"https:\/\/www.editorialminuscula.com\/libro\/el-meu-carst-2\/#breadcrumb"},"inLanguage":"ca","potentialAction":[{"@type":"ReadAction","target":["https:\/\/www.editorialminuscula.com\/libro\/el-meu-carst-2\/"]}]},{"@type":"ImageObject","inLanguage":"ca","@id":"https:\/\/www.editorialminuscula.com\/libro\/el-meu-carst-2\/#primaryimage","url":"https:\/\/www.editorialminuscula.com\/wp-content\/uploads\/9791399004021.jpg","contentUrl":"https:\/\/www.editorialminuscula.com\/wp-content\/uploads\/9791399004021.jpg","width":1427,"height":1949},{"@type":"BreadcrumbList","@id":"https:\/\/www.editorialminuscula.com\/libro\/el-meu-carst-2\/#breadcrumb","itemListElement":[{"@type":"ListItem","position":1,"name":"Portada","item":"https:\/\/www.editorialminuscula.com\/ca\/"},{"@type":"ListItem","position":2,"name":"Cat\u00e0leg","item":"https:\/\/www.editorialminuscula.com\/ca\/cataleg\/"},{"@type":"ListItem","position":3,"name":"El meu carst"}]},{"@type":"WebSite","@id":"https:\/\/www.editorialminuscula.com\/#website","url":"https:\/\/www.editorialminuscula.com\/","name":"editorial min\u00fascula","description":"","publisher":{"@id":"https:\/\/www.editorialminuscula.com\/#organization"},"alternateName":"Velas naturales","potentialAction":[{"@type":"SearchAction","target":{"@type":"EntryPoint","urlTemplate":"https:\/\/www.editorialminuscula.com\/?s={search_term_string}"},"query-input":{"@type":"PropertyValueSpecification","valueRequired":true,"valueName":"search_term_string"}}],"inLanguage":"ca"},{"@type":"Organization","@id":"https:\/\/www.editorialminuscula.com\/#organization","name":"Editorial min\u00fascula","alternateName":"Editorial min\u00fascula","url":"https:\/\/www.editorialminuscula.com\/","logo":{"@type":"ImageObject","inLanguage":"ca","@id":"https:\/\/www.editorialminuscula.com\/#\/schema\/logo\/image\/","url":"","contentUrl":"","caption":"Editorial min\u00fascula"},"image":{"@id":"https:\/\/www.editorialminuscula.com\/#\/schema\/logo\/image\/"},"sameAs":["https:\/\/www.instagram.com\/reemocioart\/"]}]}},"_links":{"self":[{"href":"https:\/\/www.editorialminuscula.com\/ca\/wp-json\/wp\/v2\/product\/6298","targetHints":{"allow":["GET"]}}],"collection":[{"href":"https:\/\/www.editorialminuscula.com\/ca\/wp-json\/wp\/v2\/product"}],"about":[{"href":"https:\/\/www.editorialminuscula.com\/ca\/wp-json\/wp\/v2\/types\/product"}],"acf:post":[{"embeddable":true,"href":"https:\/\/www.editorialminuscula.com\/ca\/wp-json\/wp\/v2\/autor\/2950"},{"embeddable":true,"href":"https:\/\/www.editorialminuscula.com\/ca\/wp-json\/wp\/v2\/autor\/6229"}],"wp:featuredmedia":[{"embeddable":true,"href":"https:\/\/www.editorialminuscula.com\/ca\/wp-json\/wp\/v2\/media\/6236"}],"wp:attachment":[{"href":"https:\/\/www.editorialminuscula.com\/ca\/wp-json\/wp\/v2\/media?parent=6298"}],"wp:term":[{"taxonomy":"product_brand","embeddable":true,"href":"https:\/\/www.editorialminuscula.com\/ca\/wp-json\/wp\/v2\/product_brand?post=6298"},{"taxonomy":"product_cat","embeddable":true,"href":"https:\/\/www.editorialminuscula.com\/ca\/wp-json\/wp\/v2\/product_cat?post=6298"},{"taxonomy":"product_tag","embeddable":true,"href":"https:\/\/www.editorialminuscula.com\/ca\/wp-json\/wp\/v2\/product_tag?post=6298"}],"curies":[{"name":"wp","href":"https:\/\/api.w.org\/{rel}","templated":true}]}}