{"id":4452,"date":"2024-09-23T15:43:40","date_gmt":"2024-09-23T13:43:40","guid":{"rendered":"http:\/\/editorialminuscula.com.mialias.net\/?post_type=product&#038;p=4452"},"modified":"2025-05-07T11:26:36","modified_gmt":"2025-05-07T09:26:36","slug":"el-mundo-mi-selva","status":"publish","type":"product","link":"https:\/\/www.editorialminuscula.com\/ca\/libro\/el-mundo-mi-selva\/","title":{"rendered":"El mundo, mi selva"},"content":{"rendered":"<p>En 1946, mientras Europa empieza a recuperarse de las consecuencias de la guerra, Barbary Deniston llega a Londres para vivir junto a su padre, un hombre estricto, y su segunda esposa, una mujer muy convencional. A Barbary, una adolescente que ha vivido los \u00faltimos siete a\u00f1os en Francia con su madre al sol de la Provenza, en total libertad, y que con su hermanastro Raoul ha tomado parte en algunas acciones de la Resistencia, le resulta dif\u00edcil adaptarse a la austeridad de la vida londinense. Confusa e infeliz, deambula por el coraz\u00f3n bombardeado de Londres sin dejar de lado los principios aprendidos en el maquis franc\u00e9s. <i>El mundo, mi selva<\/i>, la pen\u00faltima novela de Rose Macaulay, publicada en 1950, transita por un mundo en ruinas y, desde la perspectiva de una joven desorientada, invadida por sentimientos ambiguos de culpa y de rechazo, nos transporta de la naturaleza salvaje de Colliure a un entorno urbano asilvestrado en el que Barbary se esfuerza por mantener su esp\u00edritu combativo. Pero ya no es tan f\u00e1cil distinguir al enemigo.<\/p>\n","protected":false},"excerpt":{"rendered":"<p>Rose Macaulay<br \/>978-84-128314-4-3<br \/>9788412831443<\/p>\n","protected":false},"featured_media":4453,"template":"","meta":{"_acf_changed":false,"_monsterinsights_skip_tracking":false,"_monsterinsights_sitenote_active":false,"_monsterinsights_sitenote_note":"","_monsterinsights_sitenote_category":0},"product_brand":[],"product_cat":[15],"product_tag":[],"class_list":{"0":"post-4452","1":"product","2":"type-product","3":"status-publish","4":"has-post-thumbnail","6":"coleccion-tour-de-force","7":"product_cat-sin-categorizar","9":"first","10":"instock","11":"taxable","12":"shipping-taxable","13":"purchasable","14":"product-type-simple"},"acf":{"subtitulo":"","isbn":"978-84-128314-4-3","paginas":280,"coleccion-num":48,"idioma":["en"],"primera_edicion":2024,"reimpresion_texto":"","reimpresion_ano":"","ultima_edicion_es":"","ultima_edicion_ca":"","ultima_edicion_en":"","ultima_edicion_ano":"","agotado":false,"descatalogado":false,"encuadernacion":"rsl","formato":"14 x 21 cm","premios":"","aparador":true,"destacado":false,"aparador_orden":9,"destacado_orden":"","autor":[2223],"traductor":[2947],"editor":"","presentador":"","prologuista":"","posfacio":"","notas":"","fragmento":"","resenas":"Una de las mejores novelas nunca escritas sobre la posguerra de la Segunda Guerra Mundial. El libro no trata de la mir\u00edada de atrocidades cometidas durante el conflicto. Lo que plantea es c\u00f3mo nos enfrentamos, individual y colectivamente, a las consecuencias de semejante barbaridad. <em>The Paris Review<\/em><strong>\r\n<\/strong>\r\nEn\u00a0<em>El mundo, mi selva<\/em>, Rose Macaulay enriquece su mirada ir\u00f3nica con nuevos matices, m\u00e1s compasivos. <em>Dictionary of National Biography<\/em><strong>\r\n<\/strong>\r\nEl paisaje de<em>\u00a0El mundo, mi selva<\/em>, lleno de iglesias destruidas por las bombas y calles abandonadas, expresa poderosamente el sentimiento de desolaci\u00f3n de Macaulay tanto durante la guerra como despu\u00e9s, para ella y para Europa. Hermione Lee,<em>\u00a0The Guardian<\/em>\r\n\r\nUn libro emocionante e inspirador. <em>Sunday Telegraph<\/em>","tienda_compra_1":"Todos tus libros","enlace_compra_1":"https:\/\/www.todostuslibros.com\/isbn\/9788412831443","tienda_compra_2":"","enlace_compra_2":"","tienda_compra_3":"","enlace_compra_3":"","tienda_compra_4":"","enlace_compra_4":"","tienda_compra_5":"","enlace_compra_5":""},"yoast_head":"<!-- This site is optimized with the Yoast SEO plugin v27.5 - https:\/\/yoast.com\/product\/yoast-seo-wordpress\/ -->\n<title>El mundo, mi selva - editorial min\u00fascula<\/title>\n<meta name=\"robots\" content=\"index, follow, max-snippet:-1, max-image-preview:large, max-video-preview:-1\" \/>\n<link rel=\"canonical\" href=\"https:\/\/www.editorialminuscula.com\/libro\/el-mundo-mi-selva\/\" \/>\n<meta property=\"og:locale\" content=\"ca_ES\" \/>\n<meta property=\"og:type\" content=\"article\" \/>\n<meta property=\"og:title\" content=\"El mundo, mi selva - editorial min\u00fascula\" \/>\n<meta property=\"og:description\" content=\"Rose Macaulay978-84-128314-4-39788412831443\" \/>\n<meta property=\"og:url\" content=\"https:\/\/www.editorialminuscula.com\/libro\/el-mundo-mi-selva\/\" \/>\n<meta property=\"og:site_name\" content=\"editorial min\u00fascula\" \/>\n<meta property=\"article:modified_time\" content=\"2025-05-07T09:26:36+00:00\" \/>\n<meta property=\"og:image\" content=\"https:\/\/www.editorialminuscula.com\/wp-content\/uploads\/El-mundo-mi-selva.jpg\" \/>\n\t<meta property=\"og:image:width\" content=\"1649\" \/>\n\t<meta property=\"og:image:height\" content=\"2480\" \/>\n\t<meta property=\"og:image:type\" content=\"image\/jpeg\" \/>\n<meta name=\"twitter:card\" content=\"summary_large_image\" \/>\n<meta name=\"twitter:label1\" content=\"Temps estimat de lectura\" \/>\n\t<meta name=\"twitter:data1\" content=\"2 minuts\" \/>\n<script type=\"application\/ld+json\" class=\"yoast-schema-graph\">{\"@context\":\"https:\\\/\\\/schema.org\",\"@graph\":[{\"@type\":\"WebPage\",\"@id\":\"https:\\\/\\\/www.editorialminuscula.com\\\/libro\\\/el-mundo-mi-selva\\\/\",\"url\":\"https:\\\/\\\/www.editorialminuscula.com\\\/libro\\\/el-mundo-mi-selva\\\/\",\"name\":\"El mundo, mi selva - editorial min\u00fascula\",\"isPartOf\":{\"@id\":\"https:\\\/\\\/www.editorialminuscula.com\\\/#website\"},\"primaryImageOfPage\":{\"@id\":\"https:\\\/\\\/www.editorialminuscula.com\\\/libro\\\/el-mundo-mi-selva\\\/#primaryimage\"},\"image\":{\"@id\":\"https:\\\/\\\/www.editorialminuscula.com\\\/libro\\\/el-mundo-mi-selva\\\/#primaryimage\"},\"thumbnailUrl\":\"https:\\\/\\\/www.editorialminuscula.com\\\/wp-content\\\/uploads\\\/El-mundo-mi-selva.jpg\",\"datePublished\":\"2024-09-23T13:43:40+00:00\",\"dateModified\":\"2025-05-07T09:26:36+00:00\",\"breadcrumb\":{\"@id\":\"https:\\\/\\\/www.editorialminuscula.com\\\/libro\\\/el-mundo-mi-selva\\\/#breadcrumb\"},\"inLanguage\":\"ca\",\"potentialAction\":[{\"@type\":\"ReadAction\",\"target\":[\"https:\\\/\\\/www.editorialminuscula.com\\\/libro\\\/el-mundo-mi-selva\\\/\"]}]},{\"@type\":\"ImageObject\",\"inLanguage\":\"ca\",\"@id\":\"https:\\\/\\\/www.editorialminuscula.com\\\/libro\\\/el-mundo-mi-selva\\\/#primaryimage\",\"url\":\"https:\\\/\\\/www.editorialminuscula.com\\\/wp-content\\\/uploads\\\/El-mundo-mi-selva.jpg\",\"contentUrl\":\"https:\\\/\\\/www.editorialminuscula.com\\\/wp-content\\\/uploads\\\/El-mundo-mi-selva.jpg\",\"width\":1649,\"height\":2480},{\"@type\":\"BreadcrumbList\",\"@id\":\"https:\\\/\\\/www.editorialminuscula.com\\\/libro\\\/el-mundo-mi-selva\\\/#breadcrumb\",\"itemListElement\":[{\"@type\":\"ListItem\",\"position\":1,\"name\":\"Portada\",\"item\":\"https:\\\/\\\/www.editorialminuscula.com\\\/ca\\\/\"},{\"@type\":\"ListItem\",\"position\":2,\"name\":\"Cat\u00e0leg\",\"item\":\"https:\\\/\\\/www.editorialminuscula.com\\\/ca\\\/cataleg\\\/\"},{\"@type\":\"ListItem\",\"position\":3,\"name\":\"El mundo, mi selva\"}]},{\"@type\":\"WebSite\",\"@id\":\"https:\\\/\\\/www.editorialminuscula.com\\\/#website\",\"url\":\"https:\\\/\\\/www.editorialminuscula.com\\\/\",\"name\":\"editorial min\u00fascula\",\"description\":\"\",\"publisher\":{\"@id\":\"https:\\\/\\\/www.editorialminuscula.com\\\/#organization\"},\"alternateName\":\"Velas naturales\",\"potentialAction\":[{\"@type\":\"SearchAction\",\"target\":{\"@type\":\"EntryPoint\",\"urlTemplate\":\"https:\\\/\\\/www.editorialminuscula.com\\\/?s={search_term_string}\"},\"query-input\":{\"@type\":\"PropertyValueSpecification\",\"valueRequired\":true,\"valueName\":\"search_term_string\"}}],\"inLanguage\":\"ca\"},{\"@type\":\"Organization\",\"@id\":\"https:\\\/\\\/www.editorialminuscula.com\\\/#organization\",\"name\":\"Editorial min\u00fascula\",\"alternateName\":\"Editorial min\u00fascula\",\"url\":\"https:\\\/\\\/www.editorialminuscula.com\\\/\",\"logo\":{\"@type\":\"ImageObject\",\"inLanguage\":\"ca\",\"@id\":\"https:\\\/\\\/www.editorialminuscula.com\\\/#\\\/schema\\\/logo\\\/image\\\/\",\"url\":\"\",\"contentUrl\":\"\",\"caption\":\"Editorial min\u00fascula\"},\"image\":{\"@id\":\"https:\\\/\\\/www.editorialminuscula.com\\\/#\\\/schema\\\/logo\\\/image\\\/\"},\"sameAs\":[\"https:\\\/\\\/www.instagram.com\\\/reemocioart\\\/\"]}]}<\/script>\n<!-- \/ Yoast SEO plugin. -->","yoast_head_json":{"title":"El mundo, mi selva - editorial min\u00fascula","robots":{"index":"index","follow":"follow","max-snippet":"max-snippet:-1","max-image-preview":"max-image-preview:large","max-video-preview":"max-video-preview:-1"},"canonical":"https:\/\/www.editorialminuscula.com\/libro\/el-mundo-mi-selva\/","og_locale":"ca_ES","og_type":"article","og_title":"El mundo, mi selva - editorial min\u00fascula","og_description":"Rose Macaulay978-84-128314-4-39788412831443","og_url":"https:\/\/www.editorialminuscula.com\/libro\/el-mundo-mi-selva\/","og_site_name":"editorial min\u00fascula","article_modified_time":"2025-05-07T09:26:36+00:00","og_image":[{"width":1649,"height":2480,"url":"https:\/\/www.editorialminuscula.com\/wp-content\/uploads\/El-mundo-mi-selva.jpg","type":"image\/jpeg"}],"twitter_card":"summary_large_image","twitter_misc":{"Temps estimat de lectura":"2 minuts"},"schema":{"@context":"https:\/\/schema.org","@graph":[{"@type":"WebPage","@id":"https:\/\/www.editorialminuscula.com\/libro\/el-mundo-mi-selva\/","url":"https:\/\/www.editorialminuscula.com\/libro\/el-mundo-mi-selva\/","name":"El mundo, mi selva - editorial min\u00fascula","isPartOf":{"@id":"https:\/\/www.editorialminuscula.com\/#website"},"primaryImageOfPage":{"@id":"https:\/\/www.editorialminuscula.com\/libro\/el-mundo-mi-selva\/#primaryimage"},"image":{"@id":"https:\/\/www.editorialminuscula.com\/libro\/el-mundo-mi-selva\/#primaryimage"},"thumbnailUrl":"https:\/\/www.editorialminuscula.com\/wp-content\/uploads\/El-mundo-mi-selva.jpg","datePublished":"2024-09-23T13:43:40+00:00","dateModified":"2025-05-07T09:26:36+00:00","breadcrumb":{"@id":"https:\/\/www.editorialminuscula.com\/libro\/el-mundo-mi-selva\/#breadcrumb"},"inLanguage":"ca","potentialAction":[{"@type":"ReadAction","target":["https:\/\/www.editorialminuscula.com\/libro\/el-mundo-mi-selva\/"]}]},{"@type":"ImageObject","inLanguage":"ca","@id":"https:\/\/www.editorialminuscula.com\/libro\/el-mundo-mi-selva\/#primaryimage","url":"https:\/\/www.editorialminuscula.com\/wp-content\/uploads\/El-mundo-mi-selva.jpg","contentUrl":"https:\/\/www.editorialminuscula.com\/wp-content\/uploads\/El-mundo-mi-selva.jpg","width":1649,"height":2480},{"@type":"BreadcrumbList","@id":"https:\/\/www.editorialminuscula.com\/libro\/el-mundo-mi-selva\/#breadcrumb","itemListElement":[{"@type":"ListItem","position":1,"name":"Portada","item":"https:\/\/www.editorialminuscula.com\/ca\/"},{"@type":"ListItem","position":2,"name":"Cat\u00e0leg","item":"https:\/\/www.editorialminuscula.com\/ca\/cataleg\/"},{"@type":"ListItem","position":3,"name":"El mundo, mi selva"}]},{"@type":"WebSite","@id":"https:\/\/www.editorialminuscula.com\/#website","url":"https:\/\/www.editorialminuscula.com\/","name":"editorial min\u00fascula","description":"","publisher":{"@id":"https:\/\/www.editorialminuscula.com\/#organization"},"alternateName":"Velas naturales","potentialAction":[{"@type":"SearchAction","target":{"@type":"EntryPoint","urlTemplate":"https:\/\/www.editorialminuscula.com\/?s={search_term_string}"},"query-input":{"@type":"PropertyValueSpecification","valueRequired":true,"valueName":"search_term_string"}}],"inLanguage":"ca"},{"@type":"Organization","@id":"https:\/\/www.editorialminuscula.com\/#organization","name":"Editorial min\u00fascula","alternateName":"Editorial min\u00fascula","url":"https:\/\/www.editorialminuscula.com\/","logo":{"@type":"ImageObject","inLanguage":"ca","@id":"https:\/\/www.editorialminuscula.com\/#\/schema\/logo\/image\/","url":"","contentUrl":"","caption":"Editorial min\u00fascula"},"image":{"@id":"https:\/\/www.editorialminuscula.com\/#\/schema\/logo\/image\/"},"sameAs":["https:\/\/www.instagram.com\/reemocioart\/"]}]}},"_links":{"self":[{"href":"https:\/\/www.editorialminuscula.com\/ca\/wp-json\/wp\/v2\/product\/4452","targetHints":{"allow":["GET"]}}],"collection":[{"href":"https:\/\/www.editorialminuscula.com\/ca\/wp-json\/wp\/v2\/product"}],"about":[{"href":"https:\/\/www.editorialminuscula.com\/ca\/wp-json\/wp\/v2\/types\/product"}],"acf:post":[{"embeddable":true,"href":"https:\/\/www.editorialminuscula.com\/ca\/wp-json\/wp\/v2\/autor\/2947"},{"embeddable":true,"href":"https:\/\/www.editorialminuscula.com\/ca\/wp-json\/wp\/v2\/autor\/2223"}],"wp:featuredmedia":[{"embeddable":true,"href":"https:\/\/www.editorialminuscula.com\/ca\/wp-json\/wp\/v2\/media\/4453"}],"wp:attachment":[{"href":"https:\/\/www.editorialminuscula.com\/ca\/wp-json\/wp\/v2\/media?parent=4452"}],"wp:term":[{"taxonomy":"product_brand","embeddable":true,"href":"https:\/\/www.editorialminuscula.com\/ca\/wp-json\/wp\/v2\/product_brand?post=4452"},{"taxonomy":"product_cat","embeddable":true,"href":"https:\/\/www.editorialminuscula.com\/ca\/wp-json\/wp\/v2\/product_cat?post=4452"},{"taxonomy":"product_tag","embeddable":true,"href":"https:\/\/www.editorialminuscula.com\/ca\/wp-json\/wp\/v2\/product_tag?post=4452"}],"curies":[{"name":"wp","href":"https:\/\/api.w.org\/{rel}","templated":true}]}}