{"id":3269,"date":"2024-07-18T18:51:46","date_gmt":"2024-07-18T16:51:46","guid":{"rendered":"http:\/\/editorialminuscula.com.mialias.net\/book\/i-tot-aixo\/"},"modified":"2024-09-20T12:05:01","modified_gmt":"2024-09-20T10:05:01","slug":"i-tot-aixo","status":"publish","type":"product","link":"https:\/\/www.editorialminuscula.com\/ca\/libro\/i-tot-aixo\/","title":{"rendered":"I tot aix\u00f2"},"content":{"rendered":"<p>Publicat el 1918, reeditat el 1919 i despr\u00e9s oblidat,\u00a0<em>I tot aix\u00f2<\/em>.\u00a0<em>Una com\u00e8dia prof\u00e8tica\u00a0<\/em>\u00e9s un cl\u00e0ssic de ci\u00e8ncia-ficci\u00f3 la recent recuperaci\u00f3 del qual s\u2019ha celebrat com un gran esdeveniment. Uns anys despr\u00e9s de la Gran Guerra, i amb l\u2019objectiu que no n\u2019hi hagi cap altra de semblant, el Ministeri de Cervells classifica els ciutadans en diferents categories segons el seu nivell d\u2019intel\u00b7lig\u00e8ncia i estableix un sistema r\u00edgid d\u2019autoritzacions per casar-se i tenir fills. Tanmateix, el projecte topa amb la resist\u00e8ncia de la poblaci\u00f3 i dona lloc a paradoxes com la que viuen la funcion\u00e0ria del Ministeri Kitty Grammont i el ministre i ide\u00f2leg del sistema, Nicholas Chester, amb la premsa sempre a l\u2019aguait.\u00a0<em>I tot aix\u00f2\u00a0<\/em>\u00e9s una novel\u00b7la sat\u00edrica que denuncia els r\u00e8gims basats en l\u2019enginyeria social i la manipulaci\u00f3 dels mitjans des d\u2019un punt de vista feminista. El llibre precedeix catorze anys la c\u00e8lebre novel\u00b7la\u00a0<em>Un m\u00f3n feli\u00e7\u00a0<\/em>(1932), d\u2019Aldous Huxley, el qual, per cert, visitava Rose Macaulay amb freq\u00fc\u00e8ncia quan ella escrivia\u00a0<em>I tot aix\u00f2<\/em>.<\/p>\n","protected":false},"excerpt":{"rendered":"<p>Una com\u00e8dia prof\u00e8tica<br \/>Rose Macaulay<br \/>978-84-123858-2-3<br \/>9788412385823<\/p>\n","protected":false},"featured_media":2491,"template":"","meta":{"_acf_changed":false,"_monsterinsights_skip_tracking":false,"_monsterinsights_sitenote_active":false,"_monsterinsights_sitenote_note":"","_monsterinsights_sitenote_category":0},"product_brand":[],"product_cat":[15],"product_tag":[],"class_list":{"0":"post-3269","1":"product","2":"type-product","3":"status-publish","4":"has-post-thumbnail","6":"coleccion-microclimes","7":"product_cat-sin-categorizar","9":"first","10":"instock","11":"taxable","12":"shipping-taxable","13":"purchasable","14":"product-type-simple"},"acf":{"subtitulo":"Una com\u00e8dia prof\u00e8tica","isbn":"978-84-123858-2-3","paginas":280,"coleccion-num":20,"idioma":["en"],"primera_edicion":2021,"reimpresion_texto":"","reimpresion_ano":"","ultima_edicion_es":"","ultima_edicion_ca":"","ultima_edicion_en":"","ultima_edicion_ano":"","agotado":false,"descatalogado":false,"encuadernacion":"rsl","formato":"12 x 16,5 cm","premios":"","aparador":false,"destacado":false,"aparador_orden":"","destacado_orden":"","autor":[2223],"traductor":[3021,3049],"editor":"","presentador":"","prologuista":"","posfacio":"","notas":"","fragmento":"","resenas":"\u00abI tot aix\u00f2 \u00e9s una distopia estranya que es q\u00fcestiona la ideologia dels l\u00edders que estan al servei de l\u2019autoritarisme mentre se centra en les experi\u00e8ncies de dones treballadores i independents. T\u00e9 un segle d\u2019antiguitat i continua sent inesperadament actual.\u00bb <em>Women\u2019s Review of Books<\/em>\r\n\r\n\u00abL\u2019escriptura de Rose Macaulay \u00e9s commovedora, divertida, d\u2019una imaginaci\u00f3 \u00fanica. Aquest llibre no s\u2019ha de tornar a oblidar.\u00bb Claire Kohda Hazelton <em>The Guardian<\/em>","tienda_compra_1":"Todos tus libros","enlace_compra_1":"https:\/\/www.todostuslibros.com\/isbn\/9788412385823","tienda_compra_2":"","enlace_compra_2":"","tienda_compra_3":"","enlace_compra_3":"","tienda_compra_4":"","enlace_compra_4":"","tienda_compra_5":"","enlace_compra_5":""},"yoast_head":"<!-- This site is optimized with the Yoast SEO plugin v27.5 - https:\/\/yoast.com\/product\/yoast-seo-wordpress\/ -->\n<title>I tot aix\u00f2 - editorial min\u00fascula<\/title>\n<meta name=\"robots\" content=\"index, follow, max-snippet:-1, max-image-preview:large, max-video-preview:-1\" \/>\n<link rel=\"canonical\" href=\"https:\/\/www.editorialminuscula.com\/libro\/i-tot-aixo\/\" \/>\n<meta property=\"og:locale\" content=\"ca_ES\" \/>\n<meta property=\"og:type\" content=\"article\" \/>\n<meta property=\"og:title\" content=\"I tot aix\u00f2 - editorial min\u00fascula\" \/>\n<meta property=\"og:description\" content=\"Una com\u00e8dia prof\u00e8ticaRose Macaulay978-84-123858-2-39788412385823\" \/>\n<meta property=\"og:url\" content=\"https:\/\/www.editorialminuscula.com\/libro\/i-tot-aixo\/\" \/>\n<meta property=\"og:site_name\" content=\"editorial min\u00fascula\" \/>\n<meta property=\"article:modified_time\" content=\"2024-09-20T10:05:01+00:00\" \/>\n<meta property=\"og:image\" content=\"https:\/\/www.editorialminuscula.com\/wp-content\/uploads\/microclimes-020-i-tot-aixo.jpg\" \/>\n\t<meta property=\"og:image:width\" content=\"727\" \/>\n\t<meta property=\"og:image:height\" content=\"1000\" \/>\n\t<meta property=\"og:image:type\" content=\"image\/jpeg\" \/>\n<meta name=\"twitter:card\" content=\"summary_large_image\" \/>\n<meta name=\"twitter:label1\" content=\"Temps estimat de lectura\" \/>\n\t<meta name=\"twitter:data1\" content=\"2 minuts\" \/>\n<script type=\"application\/ld+json\" class=\"yoast-schema-graph\">{\"@context\":\"https:\\\/\\\/schema.org\",\"@graph\":[{\"@type\":\"WebPage\",\"@id\":\"https:\\\/\\\/www.editorialminuscula.com\\\/libro\\\/i-tot-aixo\\\/\",\"url\":\"https:\\\/\\\/www.editorialminuscula.com\\\/libro\\\/i-tot-aixo\\\/\",\"name\":\"I tot aix\u00f2 - editorial min\u00fascula\",\"isPartOf\":{\"@id\":\"https:\\\/\\\/www.editorialminuscula.com\\\/#website\"},\"primaryImageOfPage\":{\"@id\":\"https:\\\/\\\/www.editorialminuscula.com\\\/libro\\\/i-tot-aixo\\\/#primaryimage\"},\"image\":{\"@id\":\"https:\\\/\\\/www.editorialminuscula.com\\\/libro\\\/i-tot-aixo\\\/#primaryimage\"},\"thumbnailUrl\":\"https:\\\/\\\/www.editorialminuscula.com\\\/wp-content\\\/uploads\\\/microclimes-020-i-tot-aixo.jpg\",\"datePublished\":\"2024-07-18T16:51:46+00:00\",\"dateModified\":\"2024-09-20T10:05:01+00:00\",\"breadcrumb\":{\"@id\":\"https:\\\/\\\/www.editorialminuscula.com\\\/libro\\\/i-tot-aixo\\\/#breadcrumb\"},\"inLanguage\":\"ca\",\"potentialAction\":[{\"@type\":\"ReadAction\",\"target\":[\"https:\\\/\\\/www.editorialminuscula.com\\\/libro\\\/i-tot-aixo\\\/\"]}]},{\"@type\":\"ImageObject\",\"inLanguage\":\"ca\",\"@id\":\"https:\\\/\\\/www.editorialminuscula.com\\\/libro\\\/i-tot-aixo\\\/#primaryimage\",\"url\":\"https:\\\/\\\/www.editorialminuscula.com\\\/wp-content\\\/uploads\\\/microclimes-020-i-tot-aixo.jpg\",\"contentUrl\":\"https:\\\/\\\/www.editorialminuscula.com\\\/wp-content\\\/uploads\\\/microclimes-020-i-tot-aixo.jpg\",\"width\":727,\"height\":1000,\"caption\":\"Portada I tot aix\u00f2.\"},{\"@type\":\"BreadcrumbList\",\"@id\":\"https:\\\/\\\/www.editorialminuscula.com\\\/libro\\\/i-tot-aixo\\\/#breadcrumb\",\"itemListElement\":[{\"@type\":\"ListItem\",\"position\":1,\"name\":\"Portada\",\"item\":\"https:\\\/\\\/www.editorialminuscula.com\\\/ca\\\/\"},{\"@type\":\"ListItem\",\"position\":2,\"name\":\"Cat\u00e0leg\",\"item\":\"https:\\\/\\\/www.editorialminuscula.com\\\/ca\\\/cataleg\\\/\"},{\"@type\":\"ListItem\",\"position\":3,\"name\":\"I tot aix\u00f2\"}]},{\"@type\":\"WebSite\",\"@id\":\"https:\\\/\\\/www.editorialminuscula.com\\\/#website\",\"url\":\"https:\\\/\\\/www.editorialminuscula.com\\\/\",\"name\":\"editorial min\u00fascula\",\"description\":\"\",\"publisher\":{\"@id\":\"https:\\\/\\\/www.editorialminuscula.com\\\/#organization\"},\"alternateName\":\"Velas naturales\",\"potentialAction\":[{\"@type\":\"SearchAction\",\"target\":{\"@type\":\"EntryPoint\",\"urlTemplate\":\"https:\\\/\\\/www.editorialminuscula.com\\\/?s={search_term_string}\"},\"query-input\":{\"@type\":\"PropertyValueSpecification\",\"valueRequired\":true,\"valueName\":\"search_term_string\"}}],\"inLanguage\":\"ca\"},{\"@type\":\"Organization\",\"@id\":\"https:\\\/\\\/www.editorialminuscula.com\\\/#organization\",\"name\":\"Editorial min\u00fascula\",\"alternateName\":\"Editorial min\u00fascula\",\"url\":\"https:\\\/\\\/www.editorialminuscula.com\\\/\",\"logo\":{\"@type\":\"ImageObject\",\"inLanguage\":\"ca\",\"@id\":\"https:\\\/\\\/www.editorialminuscula.com\\\/#\\\/schema\\\/logo\\\/image\\\/\",\"url\":\"\",\"contentUrl\":\"\",\"caption\":\"Editorial min\u00fascula\"},\"image\":{\"@id\":\"https:\\\/\\\/www.editorialminuscula.com\\\/#\\\/schema\\\/logo\\\/image\\\/\"},\"sameAs\":[\"https:\\\/\\\/www.instagram.com\\\/reemocioart\\\/\"]}]}<\/script>\n<!-- \/ Yoast SEO plugin. -->","yoast_head_json":{"title":"I tot aix\u00f2 - editorial min\u00fascula","robots":{"index":"index","follow":"follow","max-snippet":"max-snippet:-1","max-image-preview":"max-image-preview:large","max-video-preview":"max-video-preview:-1"},"canonical":"https:\/\/www.editorialminuscula.com\/libro\/i-tot-aixo\/","og_locale":"ca_ES","og_type":"article","og_title":"I tot aix\u00f2 - editorial min\u00fascula","og_description":"Una com\u00e8dia prof\u00e8ticaRose Macaulay978-84-123858-2-39788412385823","og_url":"https:\/\/www.editorialminuscula.com\/libro\/i-tot-aixo\/","og_site_name":"editorial min\u00fascula","article_modified_time":"2024-09-20T10:05:01+00:00","og_image":[{"width":727,"height":1000,"url":"https:\/\/www.editorialminuscula.com\/wp-content\/uploads\/microclimes-020-i-tot-aixo.jpg","type":"image\/jpeg"}],"twitter_card":"summary_large_image","twitter_misc":{"Temps estimat de lectura":"2 minuts"},"schema":{"@context":"https:\/\/schema.org","@graph":[{"@type":"WebPage","@id":"https:\/\/www.editorialminuscula.com\/libro\/i-tot-aixo\/","url":"https:\/\/www.editorialminuscula.com\/libro\/i-tot-aixo\/","name":"I tot aix\u00f2 - editorial min\u00fascula","isPartOf":{"@id":"https:\/\/www.editorialminuscula.com\/#website"},"primaryImageOfPage":{"@id":"https:\/\/www.editorialminuscula.com\/libro\/i-tot-aixo\/#primaryimage"},"image":{"@id":"https:\/\/www.editorialminuscula.com\/libro\/i-tot-aixo\/#primaryimage"},"thumbnailUrl":"https:\/\/www.editorialminuscula.com\/wp-content\/uploads\/microclimes-020-i-tot-aixo.jpg","datePublished":"2024-07-18T16:51:46+00:00","dateModified":"2024-09-20T10:05:01+00:00","breadcrumb":{"@id":"https:\/\/www.editorialminuscula.com\/libro\/i-tot-aixo\/#breadcrumb"},"inLanguage":"ca","potentialAction":[{"@type":"ReadAction","target":["https:\/\/www.editorialminuscula.com\/libro\/i-tot-aixo\/"]}]},{"@type":"ImageObject","inLanguage":"ca","@id":"https:\/\/www.editorialminuscula.com\/libro\/i-tot-aixo\/#primaryimage","url":"https:\/\/www.editorialminuscula.com\/wp-content\/uploads\/microclimes-020-i-tot-aixo.jpg","contentUrl":"https:\/\/www.editorialminuscula.com\/wp-content\/uploads\/microclimes-020-i-tot-aixo.jpg","width":727,"height":1000,"caption":"Portada I tot aix\u00f2."},{"@type":"BreadcrumbList","@id":"https:\/\/www.editorialminuscula.com\/libro\/i-tot-aixo\/#breadcrumb","itemListElement":[{"@type":"ListItem","position":1,"name":"Portada","item":"https:\/\/www.editorialminuscula.com\/ca\/"},{"@type":"ListItem","position":2,"name":"Cat\u00e0leg","item":"https:\/\/www.editorialminuscula.com\/ca\/cataleg\/"},{"@type":"ListItem","position":3,"name":"I tot aix\u00f2"}]},{"@type":"WebSite","@id":"https:\/\/www.editorialminuscula.com\/#website","url":"https:\/\/www.editorialminuscula.com\/","name":"editorial min\u00fascula","description":"","publisher":{"@id":"https:\/\/www.editorialminuscula.com\/#organization"},"alternateName":"Velas naturales","potentialAction":[{"@type":"SearchAction","target":{"@type":"EntryPoint","urlTemplate":"https:\/\/www.editorialminuscula.com\/?s={search_term_string}"},"query-input":{"@type":"PropertyValueSpecification","valueRequired":true,"valueName":"search_term_string"}}],"inLanguage":"ca"},{"@type":"Organization","@id":"https:\/\/www.editorialminuscula.com\/#organization","name":"Editorial min\u00fascula","alternateName":"Editorial min\u00fascula","url":"https:\/\/www.editorialminuscula.com\/","logo":{"@type":"ImageObject","inLanguage":"ca","@id":"https:\/\/www.editorialminuscula.com\/#\/schema\/logo\/image\/","url":"","contentUrl":"","caption":"Editorial min\u00fascula"},"image":{"@id":"https:\/\/www.editorialminuscula.com\/#\/schema\/logo\/image\/"},"sameAs":["https:\/\/www.instagram.com\/reemocioart\/"]}]}},"_links":{"self":[{"href":"https:\/\/www.editorialminuscula.com\/ca\/wp-json\/wp\/v2\/product\/3269","targetHints":{"allow":["GET"]}}],"collection":[{"href":"https:\/\/www.editorialminuscula.com\/ca\/wp-json\/wp\/v2\/product"}],"about":[{"href":"https:\/\/www.editorialminuscula.com\/ca\/wp-json\/wp\/v2\/types\/product"}],"acf:post":[{"embeddable":true,"href":"https:\/\/www.editorialminuscula.com\/ca\/wp-json\/wp\/v2\/autor\/3049"},{"embeddable":true,"href":"https:\/\/www.editorialminuscula.com\/ca\/wp-json\/wp\/v2\/autor\/3021"},{"embeddable":true,"href":"https:\/\/www.editorialminuscula.com\/ca\/wp-json\/wp\/v2\/autor\/2223"}],"wp:featuredmedia":[{"embeddable":true,"href":"https:\/\/www.editorialminuscula.com\/ca\/wp-json\/wp\/v2\/media\/2491"}],"wp:attachment":[{"href":"https:\/\/www.editorialminuscula.com\/ca\/wp-json\/wp\/v2\/media?parent=3269"}],"wp:term":[{"taxonomy":"product_brand","embeddable":true,"href":"https:\/\/www.editorialminuscula.com\/ca\/wp-json\/wp\/v2\/product_brand?post=3269"},{"taxonomy":"product_cat","embeddable":true,"href":"https:\/\/www.editorialminuscula.com\/ca\/wp-json\/wp\/v2\/product_cat?post=3269"},{"taxonomy":"product_tag","embeddable":true,"href":"https:\/\/www.editorialminuscula.com\/ca\/wp-json\/wp\/v2\/product_tag?post=3269"}],"curies":[{"name":"wp","href":"https:\/\/api.w.org\/{rel}","templated":true}]}}