{"id":3265,"date":"2024-07-18T18:51:46","date_gmt":"2024-07-18T16:51:46","guid":{"rendered":"http:\/\/editorialminuscula.com.mialias.net\/book\/la-senyora-caliban-2\/"},"modified":"2024-09-20T11:59:54","modified_gmt":"2024-09-20T09:59:54","slug":"la-senyora-caliban-2","status":"publish","type":"product","link":"https:\/\/www.editorialminuscula.com\/ca\/libro\/la-senyora-caliban-2\/","title":{"rendered":"La senyora Caliban"},"content":{"rendered":"<p>En una casa d\u2019un barri residencial, mentre la solit\u00e0ria Dorothy Caliban s\u2019ocupa de les tasques dom\u00e8stiques i espera que el seu home, en general distant, torni de la feina, sent a la r\u00e0dio una estranya not\u00edcia sobre un monstre que s\u2019acaba d\u2019escapar de l\u2019Institut d\u2019Investigaci\u00f3 Oceanogr\u00e0fica. La senyora Caliban i el Larry, diguem-li aix\u00ed, que \u00e9s verd i ben format i a qui encanten els alvocats, la televisi\u00f3 i, per descomptat, el mar, s\u2019acabaran trobant. El monstre no tan sols ajuda la Dorothy a passar l\u2019aspirador i netejar la plata; plegats fan excursions rom\u00e0ntiques a la platja, i s\u2019estimen amb bogeria a la cuina, a l\u2019habitaci\u00f3 de convidats, a tot arreu. Quant durar\u00e0 aquesta felicitat? Els cr\u00edtics han comparat <em>La senyora Caliban<\/em>\u00a0(publicada el 1982) amb\u00a0<em>King Kong<\/em>, les hist\u00f2ries d\u2019Edgar Allan Poe, les pel\u00b7l\u00edcules de David Lynch,\u00a0<em>La bella i la b\u00e8stia<\/em>,\u00a0<em>El m\u00e0gic d\u2019Oz<\/em>,\u00a0<em>ET<\/em>, les pel\u00b7l\u00edcules de terror de s\u00e8rie B i els contes de fades: com pot ser que una novel\u00b7la contingui tots aquests elements tan diversos i se\u2019n surti tan b\u00e9 \u00e9s la prova del seu encant sorprenent i singular.<\/p>\n","protected":false},"excerpt":{"rendered":"<p>Rachel Ingalls<br \/>978-84-948348-9-9<br \/>9788494834899<\/p>\n","protected":false},"featured_media":2479,"template":"","meta":{"_acf_changed":false,"_monsterinsights_skip_tracking":false,"_monsterinsights_sitenote_active":false,"_monsterinsights_sitenote_note":"","_monsterinsights_sitenote_category":0},"product_brand":[],"product_cat":[15],"product_tag":[],"class_list":{"0":"post-3265","1":"product","2":"type-product","3":"status-publish","4":"has-post-thumbnail","6":"coleccion-microclimes","7":"product_cat-sin-categorizar","9":"first","10":"instock","11":"taxable","12":"shipping-taxable","13":"purchasable","14":"product-type-simple"},"acf":{"subtitulo":"","isbn":"978-84-948348-9-9","paginas":144,"coleccion-num":16,"idioma":["en"],"primera_edicion":2018,"reimpresion_texto":"","reimpresion_ano":"","ultima_edicion_es":"","ultima_edicion_ca":"","ultima_edicion_en":"","ultima_edicion_ano":"","agotado":false,"descatalogado":false,"encuadernacion":"rsl","formato":"12 x 16,5 cm","premios":"","aparador":false,"destacado":false,"aparador_orden":"","destacado_orden":"","autor":[2202],"traductor":[3021,3049],"editor":"","presentador":"","prologuista":"","posfacio":"","notas":"","fragmento":3618,"resenas":"\u00abLa senyora Caliban m'ha agradat molt. La seva prosa h\u00e0bil i austera i la seva fantasia lleugera i informal estan obertes a una fonda tristesa femenina que atrapa el lector. \u00c9s una par\u00e0bola impecable i escrita amb gran bellesa des del primer par\u00e0graf fins a l'\u00faltim.\u00bb\r\nJohn Updike\r\n\r\n\u00abUna novel\u00b7la perfecta.\u00bb\r\nRivka Galchen\r\n\r\n\u00abAbsolutament inoblidable.\u00bb\r\n<em>The New York Times Book Review<\/em>\r\n\r\n\u00abUna mena de miracle.\u00bb\r\n<em>The New Yorker<\/em>","tienda_compra_1":"Todos tus libros","enlace_compra_1":"https:\/\/www.todostuslibros.com\/isbn\/9788494834899","tienda_compra_2":"","enlace_compra_2":"","tienda_compra_3":"","enlace_compra_3":"","tienda_compra_4":"","enlace_compra_4":"","tienda_compra_5":"","enlace_compra_5":""},"yoast_head":"<!-- This site is optimized with the Yoast SEO plugin v27.5 - https:\/\/yoast.com\/product\/yoast-seo-wordpress\/ -->\n<title>La senyora Caliban - editorial min\u00fascula<\/title>\n<meta name=\"robots\" content=\"index, follow, max-snippet:-1, max-image-preview:large, max-video-preview:-1\" \/>\n<link rel=\"canonical\" href=\"https:\/\/www.editorialminuscula.com\/libro\/la-senyora-caliban-2\/\" \/>\n<meta property=\"og:locale\" content=\"ca_ES\" \/>\n<meta property=\"og:type\" content=\"article\" \/>\n<meta property=\"og:title\" content=\"La senyora Caliban - editorial min\u00fascula\" \/>\n<meta property=\"og:description\" content=\"Rachel Ingalls978-84-948348-9-99788494834899\" \/>\n<meta property=\"og:url\" content=\"https:\/\/www.editorialminuscula.com\/libro\/la-senyora-caliban-2\/\" \/>\n<meta property=\"og:site_name\" content=\"editorial min\u00fascula\" \/>\n<meta property=\"article:modified_time\" content=\"2024-09-20T09:59:54+00:00\" \/>\n<meta property=\"og:image\" content=\"https:\/\/www.editorialminuscula.com\/wp-content\/uploads\/microclimes-016-la-senyora-caliban.jpg\" \/>\n\t<meta property=\"og:image:width\" content=\"727\" \/>\n\t<meta property=\"og:image:height\" content=\"1000\" \/>\n\t<meta property=\"og:image:type\" content=\"image\/jpeg\" \/>\n<meta name=\"twitter:card\" content=\"summary_large_image\" \/>\n<meta name=\"twitter:label1\" content=\"Temps estimat de lectura\" \/>\n\t<meta name=\"twitter:data1\" content=\"2 minuts\" \/>\n<script type=\"application\/ld+json\" class=\"yoast-schema-graph\">{\"@context\":\"https:\\\/\\\/schema.org\",\"@graph\":[{\"@type\":\"WebPage\",\"@id\":\"https:\\\/\\\/www.editorialminuscula.com\\\/libro\\\/la-senyora-caliban-2\\\/\",\"url\":\"https:\\\/\\\/www.editorialminuscula.com\\\/libro\\\/la-senyora-caliban-2\\\/\",\"name\":\"La senyora Caliban - editorial min\u00fascula\",\"isPartOf\":{\"@id\":\"https:\\\/\\\/www.editorialminuscula.com\\\/#website\"},\"primaryImageOfPage\":{\"@id\":\"https:\\\/\\\/www.editorialminuscula.com\\\/libro\\\/la-senyora-caliban-2\\\/#primaryimage\"},\"image\":{\"@id\":\"https:\\\/\\\/www.editorialminuscula.com\\\/libro\\\/la-senyora-caliban-2\\\/#primaryimage\"},\"thumbnailUrl\":\"https:\\\/\\\/www.editorialminuscula.com\\\/wp-content\\\/uploads\\\/microclimes-016-la-senyora-caliban.jpg\",\"datePublished\":\"2024-07-18T16:51:46+00:00\",\"dateModified\":\"2024-09-20T09:59:54+00:00\",\"breadcrumb\":{\"@id\":\"https:\\\/\\\/www.editorialminuscula.com\\\/libro\\\/la-senyora-caliban-2\\\/#breadcrumb\"},\"inLanguage\":\"ca\",\"potentialAction\":[{\"@type\":\"ReadAction\",\"target\":[\"https:\\\/\\\/www.editorialminuscula.com\\\/libro\\\/la-senyora-caliban-2\\\/\"]}]},{\"@type\":\"ImageObject\",\"inLanguage\":\"ca\",\"@id\":\"https:\\\/\\\/www.editorialminuscula.com\\\/libro\\\/la-senyora-caliban-2\\\/#primaryimage\",\"url\":\"https:\\\/\\\/www.editorialminuscula.com\\\/wp-content\\\/uploads\\\/microclimes-016-la-senyora-caliban.jpg\",\"contentUrl\":\"https:\\\/\\\/www.editorialminuscula.com\\\/wp-content\\\/uploads\\\/microclimes-016-la-senyora-caliban.jpg\",\"width\":727,\"height\":1000,\"caption\":\"Portada La senyora Caliban\"},{\"@type\":\"BreadcrumbList\",\"@id\":\"https:\\\/\\\/www.editorialminuscula.com\\\/libro\\\/la-senyora-caliban-2\\\/#breadcrumb\",\"itemListElement\":[{\"@type\":\"ListItem\",\"position\":1,\"name\":\"Portada\",\"item\":\"https:\\\/\\\/www.editorialminuscula.com\\\/ca\\\/\"},{\"@type\":\"ListItem\",\"position\":2,\"name\":\"Cat\u00e0leg\",\"item\":\"https:\\\/\\\/www.editorialminuscula.com\\\/ca\\\/cataleg\\\/\"},{\"@type\":\"ListItem\",\"position\":3,\"name\":\"La senyora Caliban\"}]},{\"@type\":\"WebSite\",\"@id\":\"https:\\\/\\\/www.editorialminuscula.com\\\/#website\",\"url\":\"https:\\\/\\\/www.editorialminuscula.com\\\/\",\"name\":\"editorial min\u00fascula\",\"description\":\"\",\"publisher\":{\"@id\":\"https:\\\/\\\/www.editorialminuscula.com\\\/#organization\"},\"alternateName\":\"Velas naturales\",\"potentialAction\":[{\"@type\":\"SearchAction\",\"target\":{\"@type\":\"EntryPoint\",\"urlTemplate\":\"https:\\\/\\\/www.editorialminuscula.com\\\/?s={search_term_string}\"},\"query-input\":{\"@type\":\"PropertyValueSpecification\",\"valueRequired\":true,\"valueName\":\"search_term_string\"}}],\"inLanguage\":\"ca\"},{\"@type\":\"Organization\",\"@id\":\"https:\\\/\\\/www.editorialminuscula.com\\\/#organization\",\"name\":\"Editorial min\u00fascula\",\"alternateName\":\"Editorial min\u00fascula\",\"url\":\"https:\\\/\\\/www.editorialminuscula.com\\\/\",\"logo\":{\"@type\":\"ImageObject\",\"inLanguage\":\"ca\",\"@id\":\"https:\\\/\\\/www.editorialminuscula.com\\\/#\\\/schema\\\/logo\\\/image\\\/\",\"url\":\"\",\"contentUrl\":\"\",\"caption\":\"Editorial min\u00fascula\"},\"image\":{\"@id\":\"https:\\\/\\\/www.editorialminuscula.com\\\/#\\\/schema\\\/logo\\\/image\\\/\"},\"sameAs\":[\"https:\\\/\\\/www.instagram.com\\\/reemocioart\\\/\"]}]}<\/script>\n<!-- \/ Yoast SEO plugin. -->","yoast_head_json":{"title":"La senyora Caliban - editorial min\u00fascula","robots":{"index":"index","follow":"follow","max-snippet":"max-snippet:-1","max-image-preview":"max-image-preview:large","max-video-preview":"max-video-preview:-1"},"canonical":"https:\/\/www.editorialminuscula.com\/libro\/la-senyora-caliban-2\/","og_locale":"ca_ES","og_type":"article","og_title":"La senyora Caliban - editorial min\u00fascula","og_description":"Rachel Ingalls978-84-948348-9-99788494834899","og_url":"https:\/\/www.editorialminuscula.com\/libro\/la-senyora-caliban-2\/","og_site_name":"editorial min\u00fascula","article_modified_time":"2024-09-20T09:59:54+00:00","og_image":[{"width":727,"height":1000,"url":"https:\/\/www.editorialminuscula.com\/wp-content\/uploads\/microclimes-016-la-senyora-caliban.jpg","type":"image\/jpeg"}],"twitter_card":"summary_large_image","twitter_misc":{"Temps estimat de lectura":"2 minuts"},"schema":{"@context":"https:\/\/schema.org","@graph":[{"@type":"WebPage","@id":"https:\/\/www.editorialminuscula.com\/libro\/la-senyora-caliban-2\/","url":"https:\/\/www.editorialminuscula.com\/libro\/la-senyora-caliban-2\/","name":"La senyora Caliban - editorial min\u00fascula","isPartOf":{"@id":"https:\/\/www.editorialminuscula.com\/#website"},"primaryImageOfPage":{"@id":"https:\/\/www.editorialminuscula.com\/libro\/la-senyora-caliban-2\/#primaryimage"},"image":{"@id":"https:\/\/www.editorialminuscula.com\/libro\/la-senyora-caliban-2\/#primaryimage"},"thumbnailUrl":"https:\/\/www.editorialminuscula.com\/wp-content\/uploads\/microclimes-016-la-senyora-caliban.jpg","datePublished":"2024-07-18T16:51:46+00:00","dateModified":"2024-09-20T09:59:54+00:00","breadcrumb":{"@id":"https:\/\/www.editorialminuscula.com\/libro\/la-senyora-caliban-2\/#breadcrumb"},"inLanguage":"ca","potentialAction":[{"@type":"ReadAction","target":["https:\/\/www.editorialminuscula.com\/libro\/la-senyora-caliban-2\/"]}]},{"@type":"ImageObject","inLanguage":"ca","@id":"https:\/\/www.editorialminuscula.com\/libro\/la-senyora-caliban-2\/#primaryimage","url":"https:\/\/www.editorialminuscula.com\/wp-content\/uploads\/microclimes-016-la-senyora-caliban.jpg","contentUrl":"https:\/\/www.editorialminuscula.com\/wp-content\/uploads\/microclimes-016-la-senyora-caliban.jpg","width":727,"height":1000,"caption":"Portada La senyora Caliban"},{"@type":"BreadcrumbList","@id":"https:\/\/www.editorialminuscula.com\/libro\/la-senyora-caliban-2\/#breadcrumb","itemListElement":[{"@type":"ListItem","position":1,"name":"Portada","item":"https:\/\/www.editorialminuscula.com\/ca\/"},{"@type":"ListItem","position":2,"name":"Cat\u00e0leg","item":"https:\/\/www.editorialminuscula.com\/ca\/cataleg\/"},{"@type":"ListItem","position":3,"name":"La senyora Caliban"}]},{"@type":"WebSite","@id":"https:\/\/www.editorialminuscula.com\/#website","url":"https:\/\/www.editorialminuscula.com\/","name":"editorial min\u00fascula","description":"","publisher":{"@id":"https:\/\/www.editorialminuscula.com\/#organization"},"alternateName":"Velas naturales","potentialAction":[{"@type":"SearchAction","target":{"@type":"EntryPoint","urlTemplate":"https:\/\/www.editorialminuscula.com\/?s={search_term_string}"},"query-input":{"@type":"PropertyValueSpecification","valueRequired":true,"valueName":"search_term_string"}}],"inLanguage":"ca"},{"@type":"Organization","@id":"https:\/\/www.editorialminuscula.com\/#organization","name":"Editorial min\u00fascula","alternateName":"Editorial min\u00fascula","url":"https:\/\/www.editorialminuscula.com\/","logo":{"@type":"ImageObject","inLanguage":"ca","@id":"https:\/\/www.editorialminuscula.com\/#\/schema\/logo\/image\/","url":"","contentUrl":"","caption":"Editorial min\u00fascula"},"image":{"@id":"https:\/\/www.editorialminuscula.com\/#\/schema\/logo\/image\/"},"sameAs":["https:\/\/www.instagram.com\/reemocioart\/"]}]}},"_links":{"self":[{"href":"https:\/\/www.editorialminuscula.com\/ca\/wp-json\/wp\/v2\/product\/3265","targetHints":{"allow":["GET"]}}],"collection":[{"href":"https:\/\/www.editorialminuscula.com\/ca\/wp-json\/wp\/v2\/product"}],"about":[{"href":"https:\/\/www.editorialminuscula.com\/ca\/wp-json\/wp\/v2\/types\/product"}],"acf:post":[{"embeddable":true,"href":"https:\/\/www.editorialminuscula.com\/ca\/wp-json\/wp\/v2\/autor\/3049"},{"embeddable":true,"href":"https:\/\/www.editorialminuscula.com\/ca\/wp-json\/wp\/v2\/autor\/3021"},{"embeddable":true,"href":"https:\/\/www.editorialminuscula.com\/ca\/wp-json\/wp\/v2\/autor\/2202"}],"wp:featuredmedia":[{"embeddable":true,"href":"https:\/\/www.editorialminuscula.com\/ca\/wp-json\/wp\/v2\/media\/2479"}],"wp:attachment":[{"href":"https:\/\/www.editorialminuscula.com\/ca\/wp-json\/wp\/v2\/media?parent=3265"}],"wp:term":[{"taxonomy":"product_brand","embeddable":true,"href":"https:\/\/www.editorialminuscula.com\/ca\/wp-json\/wp\/v2\/product_brand?post=3265"},{"taxonomy":"product_cat","embeddable":true,"href":"https:\/\/www.editorialminuscula.com\/ca\/wp-json\/wp\/v2\/product_cat?post=3265"},{"taxonomy":"product_tag","embeddable":true,"href":"https:\/\/www.editorialminuscula.com\/ca\/wp-json\/wp\/v2\/product_tag?post=3265"}],"curies":[{"name":"wp","href":"https:\/\/api.w.org\/{rel}","templated":true}]}}