{"id":3249,"date":"2024-07-18T18:51:39","date_gmt":"2024-07-18T16:51:39","guid":{"rendered":"http:\/\/editorialminuscula.com.mialias.net\/book\/cuando-cumpli-cuarenta\/"},"modified":"2024-12-04T19:39:59","modified_gmt":"2024-12-04T18:39:59","slug":"cuando-cumpli-cuarenta","status":"publish","type":"product","link":"https:\/\/www.editorialminuscula.com\/ca\/libro\/cuando-cumpli-cuarenta\/","title":{"rendered":"Cuando cumpl\u00ed cuarenta"},"content":{"rendered":"<p>Y de repente, una ma\u00f1ana cualquiera, se cumplen cuarenta a\u00f1os. Despu\u00e9s de soplar las velas todo parece normal, como si no hubiera cambiado gran cosa, pero de a poco algunos detalles comienzan a cobrar una importancia desmedida. La muerte y el calentamiento global, por ejemplo, se transforman en un horizonte cotidiano, tal como las m\u00faltiples arremetidas de la vida, que se combaten al modo de Montaigne en el\u00a0<em>penthouse<\/em>\u00a0de un hotel brasile\u00f1o o encontrando consuelo en peque\u00f1os jardines o en curiosos juguetes para gatos. Estos textos de Gonzalo Maier son peque\u00f1as epifan\u00edas sobre el paso de una edad a otra, lo inevitable de los cambios y las continuidades secretas que nos atraviesan y determinan. Vida diaria, literatura, infancia: un c\u00f3ctel para celebrar la mitad del camino.<\/p>\n","protected":false},"excerpt":{"rendered":"<p>Gonzalo Maier<br \/>978-84-126620-5-4<br \/>9788412662054<\/p>\n","protected":false},"featured_media":2929,"template":"","meta":{"_acf_changed":false,"_monsterinsights_skip_tracking":false,"_monsterinsights_sitenote_active":false,"_monsterinsights_sitenote_note":"","_monsterinsights_sitenote_category":0},"product_brand":[],"product_cat":[15],"product_tag":[],"class_list":{"0":"post-3249","1":"product","2":"type-product","3":"status-publish","4":"has-post-thumbnail","6":"coleccion-micra","7":"product_cat-sin-categorizar","9":"first","10":"instock","11":"taxable","12":"shipping-taxable","13":"purchasable","14":"product-type-simple"},"acf":{"subtitulo":"","isbn":"978-84-126620-5-4","paginas":160,"coleccion-num":20,"idioma":[],"primera_edicion":2024,"reimpresion_texto":"","reimpresion_ano":"","ultima_edicion_es":"","ultima_edicion_ca":"","ultima_edicion_en":"","ultima_edicion_ano":"","agotado":false,"descatalogado":false,"encuadernacion":"rus","formato":"10 x 15 cm","premios":"","aparador":false,"destacado":false,"aparador_orden":0,"destacado_orden":"","autor":[2226],"traductor":"","editor":"","presentador":"","prologuista":"","posfacio":"","notas":"","fragmento":"","resenas":"","tienda_compra_1":"Todos tus libros","enlace_compra_1":"https:\/\/www.todostuslibros.com\/isbn\/9788412662054","tienda_compra_2":"","enlace_compra_2":"","tienda_compra_3":"","enlace_compra_3":"","tienda_compra_4":"","enlace_compra_4":"","tienda_compra_5":"","enlace_compra_5":""},"yoast_head":"<!-- This site is optimized with the Yoast SEO plugin v27.5 - https:\/\/yoast.com\/product\/yoast-seo-wordpress\/ -->\n<title>Cuando cumpl\u00ed cuarenta - editorial min\u00fascula<\/title>\n<meta name=\"robots\" content=\"index, follow, max-snippet:-1, max-image-preview:large, max-video-preview:-1\" \/>\n<link rel=\"canonical\" href=\"https:\/\/www.editorialminuscula.com\/libro\/cuando-cumpli-cuarenta\/\" \/>\n<meta property=\"og:locale\" content=\"ca_ES\" \/>\n<meta property=\"og:type\" content=\"article\" \/>\n<meta property=\"og:title\" content=\"Cuando cumpl\u00ed cuarenta - editorial min\u00fascula\" \/>\n<meta property=\"og:description\" content=\"Gonzalo Maier978-84-126620-5-49788412662054\" \/>\n<meta property=\"og:url\" content=\"https:\/\/www.editorialminuscula.com\/libro\/cuando-cumpli-cuarenta\/\" \/>\n<meta property=\"og:site_name\" content=\"editorial min\u00fascula\" \/>\n<meta property=\"article:modified_time\" content=\"2024-12-04T18:39:59+00:00\" \/>\n<meta property=\"og:image\" content=\"https:\/\/www.editorialminuscula.com\/wp-content\/uploads\/micra-020-cuando-cumpli-cuarenta.jpg\" \/>\n\t<meta property=\"og:image:width\" content=\"667\" \/>\n\t<meta property=\"og:image:height\" content=\"1001\" \/>\n\t<meta property=\"og:image:type\" content=\"image\/jpeg\" \/>\n<meta name=\"twitter:card\" content=\"summary_large_image\" \/>\n<meta name=\"twitter:label1\" content=\"Temps estimat de lectura\" \/>\n\t<meta name=\"twitter:data1\" content=\"1 minut\" \/>\n<script type=\"application\/ld+json\" class=\"yoast-schema-graph\">{\"@context\":\"https:\\\/\\\/schema.org\",\"@graph\":[{\"@type\":\"WebPage\",\"@id\":\"https:\\\/\\\/www.editorialminuscula.com\\\/libro\\\/cuando-cumpli-cuarenta\\\/\",\"url\":\"https:\\\/\\\/www.editorialminuscula.com\\\/libro\\\/cuando-cumpli-cuarenta\\\/\",\"name\":\"Cuando cumpl\u00ed cuarenta - editorial min\u00fascula\",\"isPartOf\":{\"@id\":\"https:\\\/\\\/www.editorialminuscula.com\\\/#website\"},\"primaryImageOfPage\":{\"@id\":\"https:\\\/\\\/www.editorialminuscula.com\\\/libro\\\/cuando-cumpli-cuarenta\\\/#primaryimage\"},\"image\":{\"@id\":\"https:\\\/\\\/www.editorialminuscula.com\\\/libro\\\/cuando-cumpli-cuarenta\\\/#primaryimage\"},\"thumbnailUrl\":\"https:\\\/\\\/www.editorialminuscula.com\\\/wp-content\\\/uploads\\\/micra-020-cuando-cumpli-cuarenta.jpg\",\"datePublished\":\"2024-07-18T16:51:39+00:00\",\"dateModified\":\"2024-12-04T18:39:59+00:00\",\"breadcrumb\":{\"@id\":\"https:\\\/\\\/www.editorialminuscula.com\\\/libro\\\/cuando-cumpli-cuarenta\\\/#breadcrumb\"},\"inLanguage\":\"ca\",\"potentialAction\":[{\"@type\":\"ReadAction\",\"target\":[\"https:\\\/\\\/www.editorialminuscula.com\\\/libro\\\/cuando-cumpli-cuarenta\\\/\"]}]},{\"@type\":\"ImageObject\",\"inLanguage\":\"ca\",\"@id\":\"https:\\\/\\\/www.editorialminuscula.com\\\/libro\\\/cuando-cumpli-cuarenta\\\/#primaryimage\",\"url\":\"https:\\\/\\\/www.editorialminuscula.com\\\/wp-content\\\/uploads\\\/micra-020-cuando-cumpli-cuarenta.jpg\",\"contentUrl\":\"https:\\\/\\\/www.editorialminuscula.com\\\/wp-content\\\/uploads\\\/micra-020-cuando-cumpli-cuarenta.jpg\",\"width\":667,\"height\":1001,\"caption\":\"Portada Cuando cumpl\u00ed cuarenta\"},{\"@type\":\"BreadcrumbList\",\"@id\":\"https:\\\/\\\/www.editorialminuscula.com\\\/libro\\\/cuando-cumpli-cuarenta\\\/#breadcrumb\",\"itemListElement\":[{\"@type\":\"ListItem\",\"position\":1,\"name\":\"Portada\",\"item\":\"https:\\\/\\\/www.editorialminuscula.com\\\/ca\\\/\"},{\"@type\":\"ListItem\",\"position\":2,\"name\":\"Cat\u00e0leg\",\"item\":\"https:\\\/\\\/www.editorialminuscula.com\\\/ca\\\/cataleg\\\/\"},{\"@type\":\"ListItem\",\"position\":3,\"name\":\"Cuando cumpl\u00ed cuarenta\"}]},{\"@type\":\"WebSite\",\"@id\":\"https:\\\/\\\/www.editorialminuscula.com\\\/#website\",\"url\":\"https:\\\/\\\/www.editorialminuscula.com\\\/\",\"name\":\"editorial min\u00fascula\",\"description\":\"\",\"publisher\":{\"@id\":\"https:\\\/\\\/www.editorialminuscula.com\\\/#organization\"},\"alternateName\":\"Velas naturales\",\"potentialAction\":[{\"@type\":\"SearchAction\",\"target\":{\"@type\":\"EntryPoint\",\"urlTemplate\":\"https:\\\/\\\/www.editorialminuscula.com\\\/?s={search_term_string}\"},\"query-input\":{\"@type\":\"PropertyValueSpecification\",\"valueRequired\":true,\"valueName\":\"search_term_string\"}}],\"inLanguage\":\"ca\"},{\"@type\":\"Organization\",\"@id\":\"https:\\\/\\\/www.editorialminuscula.com\\\/#organization\",\"name\":\"Editorial min\u00fascula\",\"alternateName\":\"Editorial min\u00fascula\",\"url\":\"https:\\\/\\\/www.editorialminuscula.com\\\/\",\"logo\":{\"@type\":\"ImageObject\",\"inLanguage\":\"ca\",\"@id\":\"https:\\\/\\\/www.editorialminuscula.com\\\/#\\\/schema\\\/logo\\\/image\\\/\",\"url\":\"\",\"contentUrl\":\"\",\"caption\":\"Editorial min\u00fascula\"},\"image\":{\"@id\":\"https:\\\/\\\/www.editorialminuscula.com\\\/#\\\/schema\\\/logo\\\/image\\\/\"},\"sameAs\":[\"https:\\\/\\\/www.instagram.com\\\/reemocioart\\\/\"]}]}<\/script>\n<!-- \/ Yoast SEO plugin. -->","yoast_head_json":{"title":"Cuando cumpl\u00ed cuarenta - editorial min\u00fascula","robots":{"index":"index","follow":"follow","max-snippet":"max-snippet:-1","max-image-preview":"max-image-preview:large","max-video-preview":"max-video-preview:-1"},"canonical":"https:\/\/www.editorialminuscula.com\/libro\/cuando-cumpli-cuarenta\/","og_locale":"ca_ES","og_type":"article","og_title":"Cuando cumpl\u00ed cuarenta - editorial min\u00fascula","og_description":"Gonzalo Maier978-84-126620-5-49788412662054","og_url":"https:\/\/www.editorialminuscula.com\/libro\/cuando-cumpli-cuarenta\/","og_site_name":"editorial min\u00fascula","article_modified_time":"2024-12-04T18:39:59+00:00","og_image":[{"width":667,"height":1001,"url":"https:\/\/www.editorialminuscula.com\/wp-content\/uploads\/micra-020-cuando-cumpli-cuarenta.jpg","type":"image\/jpeg"}],"twitter_card":"summary_large_image","twitter_misc":{"Temps estimat de lectura":"1 minut"},"schema":{"@context":"https:\/\/schema.org","@graph":[{"@type":"WebPage","@id":"https:\/\/www.editorialminuscula.com\/libro\/cuando-cumpli-cuarenta\/","url":"https:\/\/www.editorialminuscula.com\/libro\/cuando-cumpli-cuarenta\/","name":"Cuando cumpl\u00ed cuarenta - editorial min\u00fascula","isPartOf":{"@id":"https:\/\/www.editorialminuscula.com\/#website"},"primaryImageOfPage":{"@id":"https:\/\/www.editorialminuscula.com\/libro\/cuando-cumpli-cuarenta\/#primaryimage"},"image":{"@id":"https:\/\/www.editorialminuscula.com\/libro\/cuando-cumpli-cuarenta\/#primaryimage"},"thumbnailUrl":"https:\/\/www.editorialminuscula.com\/wp-content\/uploads\/micra-020-cuando-cumpli-cuarenta.jpg","datePublished":"2024-07-18T16:51:39+00:00","dateModified":"2024-12-04T18:39:59+00:00","breadcrumb":{"@id":"https:\/\/www.editorialminuscula.com\/libro\/cuando-cumpli-cuarenta\/#breadcrumb"},"inLanguage":"ca","potentialAction":[{"@type":"ReadAction","target":["https:\/\/www.editorialminuscula.com\/libro\/cuando-cumpli-cuarenta\/"]}]},{"@type":"ImageObject","inLanguage":"ca","@id":"https:\/\/www.editorialminuscula.com\/libro\/cuando-cumpli-cuarenta\/#primaryimage","url":"https:\/\/www.editorialminuscula.com\/wp-content\/uploads\/micra-020-cuando-cumpli-cuarenta.jpg","contentUrl":"https:\/\/www.editorialminuscula.com\/wp-content\/uploads\/micra-020-cuando-cumpli-cuarenta.jpg","width":667,"height":1001,"caption":"Portada Cuando cumpl\u00ed cuarenta"},{"@type":"BreadcrumbList","@id":"https:\/\/www.editorialminuscula.com\/libro\/cuando-cumpli-cuarenta\/#breadcrumb","itemListElement":[{"@type":"ListItem","position":1,"name":"Portada","item":"https:\/\/www.editorialminuscula.com\/ca\/"},{"@type":"ListItem","position":2,"name":"Cat\u00e0leg","item":"https:\/\/www.editorialminuscula.com\/ca\/cataleg\/"},{"@type":"ListItem","position":3,"name":"Cuando cumpl\u00ed cuarenta"}]},{"@type":"WebSite","@id":"https:\/\/www.editorialminuscula.com\/#website","url":"https:\/\/www.editorialminuscula.com\/","name":"editorial min\u00fascula","description":"","publisher":{"@id":"https:\/\/www.editorialminuscula.com\/#organization"},"alternateName":"Velas naturales","potentialAction":[{"@type":"SearchAction","target":{"@type":"EntryPoint","urlTemplate":"https:\/\/www.editorialminuscula.com\/?s={search_term_string}"},"query-input":{"@type":"PropertyValueSpecification","valueRequired":true,"valueName":"search_term_string"}}],"inLanguage":"ca"},{"@type":"Organization","@id":"https:\/\/www.editorialminuscula.com\/#organization","name":"Editorial min\u00fascula","alternateName":"Editorial min\u00fascula","url":"https:\/\/www.editorialminuscula.com\/","logo":{"@type":"ImageObject","inLanguage":"ca","@id":"https:\/\/www.editorialminuscula.com\/#\/schema\/logo\/image\/","url":"","contentUrl":"","caption":"Editorial min\u00fascula"},"image":{"@id":"https:\/\/www.editorialminuscula.com\/#\/schema\/logo\/image\/"},"sameAs":["https:\/\/www.instagram.com\/reemocioart\/"]}]}},"_links":{"self":[{"href":"https:\/\/www.editorialminuscula.com\/ca\/wp-json\/wp\/v2\/product\/3249","targetHints":{"allow":["GET"]}}],"collection":[{"href":"https:\/\/www.editorialminuscula.com\/ca\/wp-json\/wp\/v2\/product"}],"about":[{"href":"https:\/\/www.editorialminuscula.com\/ca\/wp-json\/wp\/v2\/types\/product"}],"acf:post":[{"embeddable":true,"href":"https:\/\/www.editorialminuscula.com\/ca\/wp-json\/wp\/v2\/autor\/2226"}],"wp:featuredmedia":[{"embeddable":true,"href":"https:\/\/www.editorialminuscula.com\/ca\/wp-json\/wp\/v2\/media\/2929"}],"wp:attachment":[{"href":"https:\/\/www.editorialminuscula.com\/ca\/wp-json\/wp\/v2\/media?parent=3249"}],"wp:term":[{"taxonomy":"product_brand","embeddable":true,"href":"https:\/\/www.editorialminuscula.com\/ca\/wp-json\/wp\/v2\/product_brand?post=3249"},{"taxonomy":"product_cat","embeddable":true,"href":"https:\/\/www.editorialminuscula.com\/ca\/wp-json\/wp\/v2\/product_cat?post=3249"},{"taxonomy":"product_tag","embeddable":true,"href":"https:\/\/www.editorialminuscula.com\/ca\/wp-json\/wp\/v2\/product_tag?post=3249"}],"curies":[{"name":"wp","href":"https:\/\/api.w.org\/{rel}","templated":true}]}}