{"id":3244,"date":"2024-07-18T18:51:39","date_gmt":"2024-07-18T16:51:39","guid":{"rendered":"http:\/\/editorialminuscula.com.mialias.net\/book\/leer-y-dormir\/"},"modified":"2024-12-04T19:42:53","modified_gmt":"2024-12-04T18:42:53","slug":"leer-y-dormir","status":"publish","type":"product","link":"https:\/\/www.editorialminuscula.com\/ca\/libro\/leer-y-dormir\/","title":{"rendered":"Leer y dormir"},"content":{"rendered":"<p><em>Leer y dormir<\/em>\u00a0trata de los placeres del ocio y del universo polvoriento de la lectura, que recorre por el camino m\u00e1s largo: pasa del ensayo a la cr\u00f3nica, sin olvidar la columna ni el apunte de ocasi\u00f3n. Es, pues, un libro errabundo y vers\u00e1til que repasa algunas de las \u00e9picas dom\u00e9sticas a las que convendr\u00eda aspirar a estas alturas del siglo: echarse una siesta en el cine, perderse en grandes librer\u00edas, recordar con alegr\u00eda a los h\u00e9roes de la infancia, rumiar sobre la naturaleza de los subrayados o intercambiar balbuceos con un ni\u00f1o al modo de un artista conceptual latinoamericano. Entre la hamaca y la biblioteca,\u00a0<em>Leer y dormir<\/em>\u00a0es un libro en el que extraviarse a gusto en eso que solo tienen los mejores escritores: un mundo propio.<\/p>\n","protected":false},"excerpt":{"rendered":"<p>Gonzalo Maier<br \/>978-84-122111-4-6<br \/>9788412211146<\/p>\n","protected":false},"featured_media":2914,"template":"","meta":{"_acf_changed":false,"_monsterinsights_skip_tracking":false,"_monsterinsights_sitenote_active":false,"_monsterinsights_sitenote_note":"","_monsterinsights_sitenote_category":0},"product_brand":[],"product_cat":[15],"product_tag":[],"class_list":{"0":"post-3244","1":"product","2":"type-product","3":"status-publish","4":"has-post-thumbnail","6":"coleccion-micra","7":"product_cat-sin-categorizar","9":"first","10":"instock","11":"taxable","12":"shipping-taxable","13":"purchasable","14":"product-type-simple"},"acf":{"subtitulo":"","isbn":"978-84-122111-4-6","paginas":176,"coleccion-num":15,"idioma":[],"primera_edicion":2021,"reimpresion_texto":"","reimpresion_ano":"","ultima_edicion_es":"","ultima_edicion_ca":"","ultima_edicion_en":"","ultima_edicion_ano":"","agotado":false,"descatalogado":false,"encuadernacion":"rus","formato":"10 x 15 cm","premios":"","aparador":false,"destacado":false,"aparador_orden":"","destacado_orden":"","autor":[2226],"traductor":"","editor":"","presentador":"","prologuista":"","posfacio":"","notas":"","fragmento":"","resenas":"\u00abHay escritores que buscan cambiar con cada libro, que cada uno sea distinto al anterior. Otros autores, en cambio, parecen pisar siempre sobre una misma huella, como si quisieran comprobar qu\u00e9 tan lejos se puede llegar andando por el mismo camino. Gonzalo Maier pertenece a esa segunda estirpe.\u00bb Mauro Libertella, <em>Qu\u00e9 pasa<\/em>","tienda_compra_1":"Todos tus libros","enlace_compra_1":"https:\/\/www.todostuslibros.com\/isbn\/9788412211146","tienda_compra_2":"","enlace_compra_2":"","tienda_compra_3":"","enlace_compra_3":"","tienda_compra_4":"","enlace_compra_4":"","tienda_compra_5":"","enlace_compra_5":""},"yoast_head":"<!-- This site is optimized with the Yoast SEO plugin v27.5 - https:\/\/yoast.com\/product\/yoast-seo-wordpress\/ -->\n<title>Leer y dormir - editorial min\u00fascula<\/title>\n<meta name=\"robots\" content=\"index, follow, max-snippet:-1, max-image-preview:large, max-video-preview:-1\" \/>\n<link rel=\"canonical\" href=\"https:\/\/www.editorialminuscula.com\/libro\/leer-y-dormir\/\" \/>\n<meta property=\"og:locale\" content=\"ca_ES\" \/>\n<meta property=\"og:type\" content=\"article\" \/>\n<meta property=\"og:title\" content=\"Leer y dormir - editorial min\u00fascula\" \/>\n<meta property=\"og:description\" content=\"Gonzalo Maier978-84-122111-4-69788412211146\" \/>\n<meta property=\"og:url\" content=\"https:\/\/www.editorialminuscula.com\/libro\/leer-y-dormir\/\" \/>\n<meta property=\"og:site_name\" content=\"editorial min\u00fascula\" \/>\n<meta property=\"article:modified_time\" content=\"2024-12-04T18:42:53+00:00\" \/>\n<meta property=\"og:image\" content=\"https:\/\/www.editorialminuscula.com\/wp-content\/uploads\/micra-015-leer-y-dormir.jpg\" \/>\n\t<meta property=\"og:image:width\" content=\"667\" \/>\n\t<meta property=\"og:image:height\" content=\"1000\" \/>\n\t<meta property=\"og:image:type\" content=\"image\/jpeg\" \/>\n<meta name=\"twitter:card\" content=\"summary_large_image\" \/>\n<meta name=\"twitter:label1\" content=\"Temps estimat de lectura\" \/>\n\t<meta name=\"twitter:data1\" content=\"1 minut\" \/>\n<script type=\"application\/ld+json\" class=\"yoast-schema-graph\">{\"@context\":\"https:\\\/\\\/schema.org\",\"@graph\":[{\"@type\":\"WebPage\",\"@id\":\"https:\\\/\\\/www.editorialminuscula.com\\\/libro\\\/leer-y-dormir\\\/\",\"url\":\"https:\\\/\\\/www.editorialminuscula.com\\\/libro\\\/leer-y-dormir\\\/\",\"name\":\"Leer y dormir - editorial min\u00fascula\",\"isPartOf\":{\"@id\":\"https:\\\/\\\/www.editorialminuscula.com\\\/#website\"},\"primaryImageOfPage\":{\"@id\":\"https:\\\/\\\/www.editorialminuscula.com\\\/libro\\\/leer-y-dormir\\\/#primaryimage\"},\"image\":{\"@id\":\"https:\\\/\\\/www.editorialminuscula.com\\\/libro\\\/leer-y-dormir\\\/#primaryimage\"},\"thumbnailUrl\":\"https:\\\/\\\/www.editorialminuscula.com\\\/wp-content\\\/uploads\\\/micra-015-leer-y-dormir.jpg\",\"datePublished\":\"2024-07-18T16:51:39+00:00\",\"dateModified\":\"2024-12-04T18:42:53+00:00\",\"breadcrumb\":{\"@id\":\"https:\\\/\\\/www.editorialminuscula.com\\\/libro\\\/leer-y-dormir\\\/#breadcrumb\"},\"inLanguage\":\"ca\",\"potentialAction\":[{\"@type\":\"ReadAction\",\"target\":[\"https:\\\/\\\/www.editorialminuscula.com\\\/libro\\\/leer-y-dormir\\\/\"]}]},{\"@type\":\"ImageObject\",\"inLanguage\":\"ca\",\"@id\":\"https:\\\/\\\/www.editorialminuscula.com\\\/libro\\\/leer-y-dormir\\\/#primaryimage\",\"url\":\"https:\\\/\\\/www.editorialminuscula.com\\\/wp-content\\\/uploads\\\/micra-015-leer-y-dormir.jpg\",\"contentUrl\":\"https:\\\/\\\/www.editorialminuscula.com\\\/wp-content\\\/uploads\\\/micra-015-leer-y-dormir.jpg\",\"width\":667,\"height\":1000,\"caption\":\"Portada Leer y dormir\"},{\"@type\":\"BreadcrumbList\",\"@id\":\"https:\\\/\\\/www.editorialminuscula.com\\\/libro\\\/leer-y-dormir\\\/#breadcrumb\",\"itemListElement\":[{\"@type\":\"ListItem\",\"position\":1,\"name\":\"Portada\",\"item\":\"https:\\\/\\\/www.editorialminuscula.com\\\/ca\\\/\"},{\"@type\":\"ListItem\",\"position\":2,\"name\":\"Cat\u00e0leg\",\"item\":\"https:\\\/\\\/www.editorialminuscula.com\\\/ca\\\/cataleg\\\/\"},{\"@type\":\"ListItem\",\"position\":3,\"name\":\"Leer y dormir\"}]},{\"@type\":\"WebSite\",\"@id\":\"https:\\\/\\\/www.editorialminuscula.com\\\/#website\",\"url\":\"https:\\\/\\\/www.editorialminuscula.com\\\/\",\"name\":\"editorial min\u00fascula\",\"description\":\"\",\"publisher\":{\"@id\":\"https:\\\/\\\/www.editorialminuscula.com\\\/#organization\"},\"alternateName\":\"Velas naturales\",\"potentialAction\":[{\"@type\":\"SearchAction\",\"target\":{\"@type\":\"EntryPoint\",\"urlTemplate\":\"https:\\\/\\\/www.editorialminuscula.com\\\/?s={search_term_string}\"},\"query-input\":{\"@type\":\"PropertyValueSpecification\",\"valueRequired\":true,\"valueName\":\"search_term_string\"}}],\"inLanguage\":\"ca\"},{\"@type\":\"Organization\",\"@id\":\"https:\\\/\\\/www.editorialminuscula.com\\\/#organization\",\"name\":\"Editorial min\u00fascula\",\"alternateName\":\"Editorial min\u00fascula\",\"url\":\"https:\\\/\\\/www.editorialminuscula.com\\\/\",\"logo\":{\"@type\":\"ImageObject\",\"inLanguage\":\"ca\",\"@id\":\"https:\\\/\\\/www.editorialminuscula.com\\\/#\\\/schema\\\/logo\\\/image\\\/\",\"url\":\"\",\"contentUrl\":\"\",\"caption\":\"Editorial min\u00fascula\"},\"image\":{\"@id\":\"https:\\\/\\\/www.editorialminuscula.com\\\/#\\\/schema\\\/logo\\\/image\\\/\"},\"sameAs\":[\"https:\\\/\\\/www.instagram.com\\\/reemocioart\\\/\"]}]}<\/script>\n<!-- \/ Yoast SEO plugin. -->","yoast_head_json":{"title":"Leer y dormir - editorial min\u00fascula","robots":{"index":"index","follow":"follow","max-snippet":"max-snippet:-1","max-image-preview":"max-image-preview:large","max-video-preview":"max-video-preview:-1"},"canonical":"https:\/\/www.editorialminuscula.com\/libro\/leer-y-dormir\/","og_locale":"ca_ES","og_type":"article","og_title":"Leer y dormir - editorial min\u00fascula","og_description":"Gonzalo Maier978-84-122111-4-69788412211146","og_url":"https:\/\/www.editorialminuscula.com\/libro\/leer-y-dormir\/","og_site_name":"editorial min\u00fascula","article_modified_time":"2024-12-04T18:42:53+00:00","og_image":[{"width":667,"height":1000,"url":"https:\/\/www.editorialminuscula.com\/wp-content\/uploads\/micra-015-leer-y-dormir.jpg","type":"image\/jpeg"}],"twitter_card":"summary_large_image","twitter_misc":{"Temps estimat de lectura":"1 minut"},"schema":{"@context":"https:\/\/schema.org","@graph":[{"@type":"WebPage","@id":"https:\/\/www.editorialminuscula.com\/libro\/leer-y-dormir\/","url":"https:\/\/www.editorialminuscula.com\/libro\/leer-y-dormir\/","name":"Leer y dormir - editorial min\u00fascula","isPartOf":{"@id":"https:\/\/www.editorialminuscula.com\/#website"},"primaryImageOfPage":{"@id":"https:\/\/www.editorialminuscula.com\/libro\/leer-y-dormir\/#primaryimage"},"image":{"@id":"https:\/\/www.editorialminuscula.com\/libro\/leer-y-dormir\/#primaryimage"},"thumbnailUrl":"https:\/\/www.editorialminuscula.com\/wp-content\/uploads\/micra-015-leer-y-dormir.jpg","datePublished":"2024-07-18T16:51:39+00:00","dateModified":"2024-12-04T18:42:53+00:00","breadcrumb":{"@id":"https:\/\/www.editorialminuscula.com\/libro\/leer-y-dormir\/#breadcrumb"},"inLanguage":"ca","potentialAction":[{"@type":"ReadAction","target":["https:\/\/www.editorialminuscula.com\/libro\/leer-y-dormir\/"]}]},{"@type":"ImageObject","inLanguage":"ca","@id":"https:\/\/www.editorialminuscula.com\/libro\/leer-y-dormir\/#primaryimage","url":"https:\/\/www.editorialminuscula.com\/wp-content\/uploads\/micra-015-leer-y-dormir.jpg","contentUrl":"https:\/\/www.editorialminuscula.com\/wp-content\/uploads\/micra-015-leer-y-dormir.jpg","width":667,"height":1000,"caption":"Portada Leer y dormir"},{"@type":"BreadcrumbList","@id":"https:\/\/www.editorialminuscula.com\/libro\/leer-y-dormir\/#breadcrumb","itemListElement":[{"@type":"ListItem","position":1,"name":"Portada","item":"https:\/\/www.editorialminuscula.com\/ca\/"},{"@type":"ListItem","position":2,"name":"Cat\u00e0leg","item":"https:\/\/www.editorialminuscula.com\/ca\/cataleg\/"},{"@type":"ListItem","position":3,"name":"Leer y dormir"}]},{"@type":"WebSite","@id":"https:\/\/www.editorialminuscula.com\/#website","url":"https:\/\/www.editorialminuscula.com\/","name":"editorial min\u00fascula","description":"","publisher":{"@id":"https:\/\/www.editorialminuscula.com\/#organization"},"alternateName":"Velas naturales","potentialAction":[{"@type":"SearchAction","target":{"@type":"EntryPoint","urlTemplate":"https:\/\/www.editorialminuscula.com\/?s={search_term_string}"},"query-input":{"@type":"PropertyValueSpecification","valueRequired":true,"valueName":"search_term_string"}}],"inLanguage":"ca"},{"@type":"Organization","@id":"https:\/\/www.editorialminuscula.com\/#organization","name":"Editorial min\u00fascula","alternateName":"Editorial min\u00fascula","url":"https:\/\/www.editorialminuscula.com\/","logo":{"@type":"ImageObject","inLanguage":"ca","@id":"https:\/\/www.editorialminuscula.com\/#\/schema\/logo\/image\/","url":"","contentUrl":"","caption":"Editorial min\u00fascula"},"image":{"@id":"https:\/\/www.editorialminuscula.com\/#\/schema\/logo\/image\/"},"sameAs":["https:\/\/www.instagram.com\/reemocioart\/"]}]}},"_links":{"self":[{"href":"https:\/\/www.editorialminuscula.com\/ca\/wp-json\/wp\/v2\/product\/3244","targetHints":{"allow":["GET"]}}],"collection":[{"href":"https:\/\/www.editorialminuscula.com\/ca\/wp-json\/wp\/v2\/product"}],"about":[{"href":"https:\/\/www.editorialminuscula.com\/ca\/wp-json\/wp\/v2\/types\/product"}],"acf:post":[{"embeddable":true,"href":"https:\/\/www.editorialminuscula.com\/ca\/wp-json\/wp\/v2\/autor\/2226"}],"wp:featuredmedia":[{"embeddable":true,"href":"https:\/\/www.editorialminuscula.com\/ca\/wp-json\/wp\/v2\/media\/2914"}],"wp:attachment":[{"href":"https:\/\/www.editorialminuscula.com\/ca\/wp-json\/wp\/v2\/media?parent=3244"}],"wp:term":[{"taxonomy":"product_brand","embeddable":true,"href":"https:\/\/www.editorialminuscula.com\/ca\/wp-json\/wp\/v2\/product_brand?post=3244"},{"taxonomy":"product_cat","embeddable":true,"href":"https:\/\/www.editorialminuscula.com\/ca\/wp-json\/wp\/v2\/product_cat?post=3244"},{"taxonomy":"product_tag","embeddable":true,"href":"https:\/\/www.editorialminuscula.com\/ca\/wp-json\/wp\/v2\/product_tag?post=3244"}],"curies":[{"name":"wp","href":"https:\/\/api.w.org\/{rel}","templated":true}]}}