{"id":3219,"date":"2024-07-18T18:51:32","date_gmt":"2024-07-18T16:51:32","guid":{"rendered":"http:\/\/editorialminuscula.com.mialias.net\/book\/y-todo-eso\/"},"modified":"2024-09-20T12:51:20","modified_gmt":"2024-09-20T10:51:20","slug":"y-todo-eso","status":"publish","type":"product","link":"https:\/\/www.editorialminuscula.com\/ca\/libro\/y-todo-eso\/","title":{"rendered":"Y todo eso"},"content":{"rendered":"<p>Publicado en 1918, reeditado en 1919 y luego olvidado,\u00a0<em>Y todo eso. Una comedia prof\u00e9tica\u00a0<\/em>es un cl\u00e1sico de ciencia ficci\u00f3n cuya reciente recuperaci\u00f3n se ha celebrado como un gran acontecimiento. Unos a\u00f1os despu\u00e9s de la Gran Guerra, y con el objetivo de que no haya nunca otra semejante, el Ministerio de Cerebros clasifica a los ciudadanos en distintas categor\u00edas seg\u00fan su nivel de inteligencia y establece un r\u00edgido sistema de autorizaciones para casarse y tener hijos. Sin embargo, el proyecto choca con la resistencia de la poblaci\u00f3n y da lugar a paradojas como la que viven la funcionaria del Ministerio Kitty Grammont y el ministro e ide\u00f3logo del sistema, Nicholas Chester, con la prensa siempre al acecho.\u00a0<em>Y todo eso\u00a0<\/em>es una novela sat\u00edrica que denuncia los reg\u00edmenes basados en la ingenier\u00eda social y la manipulaci\u00f3n de los medios desde un punto de vista feminista. El libro precede en catorce a\u00f1os la c\u00e9lebre\u00a0<em>Un mundo feliz<\/em>\u00a0(1932), de Aldous Huxley, quien, por cierto, visitaba a Rose Macaulay con frecuencia cuando ella escrib\u00eda\u00a0<em>Y todo eso.<\/em><\/p>\n<p><img loading=\"lazy\" decoding=\"async\" class=\"alignnone wp-image-3279\" src=\"http:\/\/editorialminuscula.com.mialias.net\/wp-content\/uploads\/Logotipo_del_Ministerio_de_Cultura_y_Deporte-380x123.png\" alt=\"\" width=\"247\" height=\"80\" srcset=\"https:\/\/www.editorialminuscula.com\/wp-content\/uploads\/Logotipo_del_Ministerio_de_Cultura_y_Deporte-380x123.png 380w, https:\/\/www.editorialminuscula.com\/wp-content\/uploads\/Logotipo_del_Ministerio_de_Cultura_y_Deporte-460x149.png 460w, https:\/\/www.editorialminuscula.com\/wp-content\/uploads\/Logotipo_del_Ministerio_de_Cultura_y_Deporte.png 512w\" sizes=\"auto, (max-width: 247px) 100vw, 247px\" \/><\/p>\n<p>Esta obra ha recibido una ayuda a la edici\u00f3n del Ministerio de Cultura y Deporte.<\/p>\n","protected":false},"excerpt":{"rendered":"<p>Una comedia prof\u00e9tica<br \/>Rose Macaulay<br \/>978-84-123858-1-6<br \/>9788412385816<\/p>\n","protected":false},"featured_media":2839,"template":"","meta":{"_acf_changed":false,"_monsterinsights_skip_tracking":false,"_monsterinsights_sitenote_active":false,"_monsterinsights_sitenote_note":"","_monsterinsights_sitenote_category":0},"product_brand":[],"product_cat":[15],"product_tag":[],"class_list":{"0":"post-3219","1":"product","2":"type-product","3":"status-publish","4":"has-post-thumbnail","6":"coleccion-tour-de-force","7":"product_cat-sin-categorizar","9":"first","10":"instock","11":"taxable","12":"shipping-taxable","13":"purchasable","14":"product-type-simple"},"acf":{"subtitulo":"Una comedia prof\u00e9tica","isbn":"978-84-123858-1-6","paginas":240,"coleccion-num":37,"idioma":["en"],"primera_edicion":2021,"reimpresion_texto":"","reimpresion_ano":"","ultima_edicion_es":"","ultima_edicion_ca":"","ultima_edicion_en":"","ultima_edicion_ano":"","agotado":false,"descatalogado":false,"encuadernacion":"rsl","formato":"14 x 21 cm","premios":"","aparador":false,"destacado":false,"aparador_orden":"","destacado_orden":"","autor":[2223],"traductor":[2947],"editor":"","presentador":"","prologuista":"","posfacio":"","notas":"","fragmento":"","resenas":"\u00abY todo eso es una distop\u00eda extra\u00f1a que se cuestiona la ideolog\u00eda de los l\u00edderes que est\u00e1n al servicio del autoritarismo mientras se centra en las experiencias de mujeres trabajadoras e independientes. Tiene un siglo de antig\u00fcedad y sigue siendo inesperadamente actual.\u00bb <em>Women\u2019s Review of Books<\/em>\r\n\r\n\u00abLa escritura de Rose Macaulay es conmovedora, divertida, de una imaginaci\u00f3n \u00fanica. Este libro no debe volver a olvidarse.\u00bb Claire Kohda Hazelton <em>The Guardian<\/em>","tienda_compra_1":"Todos tus libros","enlace_compra_1":"https:\/\/www.todostuslibros.com\/isbn\/9788412385816","tienda_compra_2":"","enlace_compra_2":"","tienda_compra_3":"","enlace_compra_3":"","tienda_compra_4":"","enlace_compra_4":"","tienda_compra_5":"","enlace_compra_5":""},"yoast_head":"<!-- This site is optimized with the Yoast SEO plugin v27.5 - https:\/\/yoast.com\/product\/yoast-seo-wordpress\/ -->\n<title>Y todo eso - editorial min\u00fascula<\/title>\n<meta name=\"robots\" content=\"index, follow, max-snippet:-1, max-image-preview:large, max-video-preview:-1\" \/>\n<link rel=\"canonical\" href=\"https:\/\/www.editorialminuscula.com\/libro\/y-todo-eso\/\" \/>\n<meta property=\"og:locale\" content=\"ca_ES\" \/>\n<meta property=\"og:type\" content=\"article\" \/>\n<meta property=\"og:title\" content=\"Y todo eso - editorial min\u00fascula\" \/>\n<meta property=\"og:description\" content=\"Una comedia prof\u00e9ticaRose Macaulay978-84-123858-1-69788412385816\" \/>\n<meta property=\"og:url\" content=\"https:\/\/www.editorialminuscula.com\/libro\/y-todo-eso\/\" \/>\n<meta property=\"og:site_name\" content=\"editorial min\u00fascula\" \/>\n<meta property=\"article:modified_time\" content=\"2024-09-20T10:51:20+00:00\" \/>\n<meta property=\"og:image\" content=\"https:\/\/www.editorialminuscula.com\/wp-content\/uploads\/tour-de-force-037-y-todo-eso.jpg\" \/>\n\t<meta property=\"og:image:width\" content=\"667\" \/>\n\t<meta property=\"og:image:height\" content=\"1000\" \/>\n\t<meta property=\"og:image:type\" content=\"image\/jpeg\" \/>\n<meta name=\"twitter:card\" content=\"summary_large_image\" \/>\n<meta name=\"twitter:label1\" content=\"Temps estimat de lectura\" \/>\n\t<meta name=\"twitter:data1\" content=\"2 minuts\" \/>\n<script type=\"application\/ld+json\" class=\"yoast-schema-graph\">{\"@context\":\"https:\\\/\\\/schema.org\",\"@graph\":[{\"@type\":\"WebPage\",\"@id\":\"https:\\\/\\\/www.editorialminuscula.com\\\/libro\\\/y-todo-eso\\\/\",\"url\":\"https:\\\/\\\/www.editorialminuscula.com\\\/libro\\\/y-todo-eso\\\/\",\"name\":\"Y todo eso - editorial min\u00fascula\",\"isPartOf\":{\"@id\":\"https:\\\/\\\/www.editorialminuscula.com\\\/#website\"},\"primaryImageOfPage\":{\"@id\":\"https:\\\/\\\/www.editorialminuscula.com\\\/libro\\\/y-todo-eso\\\/#primaryimage\"},\"image\":{\"@id\":\"https:\\\/\\\/www.editorialminuscula.com\\\/libro\\\/y-todo-eso\\\/#primaryimage\"},\"thumbnailUrl\":\"https:\\\/\\\/www.editorialminuscula.com\\\/wp-content\\\/uploads\\\/tour-de-force-037-y-todo-eso.jpg\",\"datePublished\":\"2024-07-18T16:51:32+00:00\",\"dateModified\":\"2024-09-20T10:51:20+00:00\",\"breadcrumb\":{\"@id\":\"https:\\\/\\\/www.editorialminuscula.com\\\/libro\\\/y-todo-eso\\\/#breadcrumb\"},\"inLanguage\":\"ca\",\"potentialAction\":[{\"@type\":\"ReadAction\",\"target\":[\"https:\\\/\\\/www.editorialminuscula.com\\\/libro\\\/y-todo-eso\\\/\"]}]},{\"@type\":\"ImageObject\",\"inLanguage\":\"ca\",\"@id\":\"https:\\\/\\\/www.editorialminuscula.com\\\/libro\\\/y-todo-eso\\\/#primaryimage\",\"url\":\"https:\\\/\\\/www.editorialminuscula.com\\\/wp-content\\\/uploads\\\/tour-de-force-037-y-todo-eso.jpg\",\"contentUrl\":\"https:\\\/\\\/www.editorialminuscula.com\\\/wp-content\\\/uploads\\\/tour-de-force-037-y-todo-eso.jpg\",\"width\":667,\"height\":1000,\"caption\":\"Portada Y todo eso\"},{\"@type\":\"BreadcrumbList\",\"@id\":\"https:\\\/\\\/www.editorialminuscula.com\\\/libro\\\/y-todo-eso\\\/#breadcrumb\",\"itemListElement\":[{\"@type\":\"ListItem\",\"position\":1,\"name\":\"Portada\",\"item\":\"https:\\\/\\\/www.editorialminuscula.com\\\/ca\\\/\"},{\"@type\":\"ListItem\",\"position\":2,\"name\":\"Cat\u00e0leg\",\"item\":\"https:\\\/\\\/www.editorialminuscula.com\\\/ca\\\/cataleg\\\/\"},{\"@type\":\"ListItem\",\"position\":3,\"name\":\"Y todo eso\"}]},{\"@type\":\"WebSite\",\"@id\":\"https:\\\/\\\/www.editorialminuscula.com\\\/#website\",\"url\":\"https:\\\/\\\/www.editorialminuscula.com\\\/\",\"name\":\"editorial min\u00fascula\",\"description\":\"\",\"publisher\":{\"@id\":\"https:\\\/\\\/www.editorialminuscula.com\\\/#organization\"},\"alternateName\":\"Velas naturales\",\"potentialAction\":[{\"@type\":\"SearchAction\",\"target\":{\"@type\":\"EntryPoint\",\"urlTemplate\":\"https:\\\/\\\/www.editorialminuscula.com\\\/?s={search_term_string}\"},\"query-input\":{\"@type\":\"PropertyValueSpecification\",\"valueRequired\":true,\"valueName\":\"search_term_string\"}}],\"inLanguage\":\"ca\"},{\"@type\":\"Organization\",\"@id\":\"https:\\\/\\\/www.editorialminuscula.com\\\/#organization\",\"name\":\"Editorial min\u00fascula\",\"alternateName\":\"Editorial min\u00fascula\",\"url\":\"https:\\\/\\\/www.editorialminuscula.com\\\/\",\"logo\":{\"@type\":\"ImageObject\",\"inLanguage\":\"ca\",\"@id\":\"https:\\\/\\\/www.editorialminuscula.com\\\/#\\\/schema\\\/logo\\\/image\\\/\",\"url\":\"\",\"contentUrl\":\"\",\"caption\":\"Editorial min\u00fascula\"},\"image\":{\"@id\":\"https:\\\/\\\/www.editorialminuscula.com\\\/#\\\/schema\\\/logo\\\/image\\\/\"},\"sameAs\":[\"https:\\\/\\\/www.instagram.com\\\/reemocioart\\\/\"]}]}<\/script>\n<!-- \/ Yoast SEO plugin. -->","yoast_head_json":{"title":"Y todo eso - editorial min\u00fascula","robots":{"index":"index","follow":"follow","max-snippet":"max-snippet:-1","max-image-preview":"max-image-preview:large","max-video-preview":"max-video-preview:-1"},"canonical":"https:\/\/www.editorialminuscula.com\/libro\/y-todo-eso\/","og_locale":"ca_ES","og_type":"article","og_title":"Y todo eso - editorial min\u00fascula","og_description":"Una comedia prof\u00e9ticaRose Macaulay978-84-123858-1-69788412385816","og_url":"https:\/\/www.editorialminuscula.com\/libro\/y-todo-eso\/","og_site_name":"editorial min\u00fascula","article_modified_time":"2024-09-20T10:51:20+00:00","og_image":[{"width":667,"height":1000,"url":"https:\/\/www.editorialminuscula.com\/wp-content\/uploads\/tour-de-force-037-y-todo-eso.jpg","type":"image\/jpeg"}],"twitter_card":"summary_large_image","twitter_misc":{"Temps estimat de lectura":"2 minuts"},"schema":{"@context":"https:\/\/schema.org","@graph":[{"@type":"WebPage","@id":"https:\/\/www.editorialminuscula.com\/libro\/y-todo-eso\/","url":"https:\/\/www.editorialminuscula.com\/libro\/y-todo-eso\/","name":"Y todo eso - editorial min\u00fascula","isPartOf":{"@id":"https:\/\/www.editorialminuscula.com\/#website"},"primaryImageOfPage":{"@id":"https:\/\/www.editorialminuscula.com\/libro\/y-todo-eso\/#primaryimage"},"image":{"@id":"https:\/\/www.editorialminuscula.com\/libro\/y-todo-eso\/#primaryimage"},"thumbnailUrl":"https:\/\/www.editorialminuscula.com\/wp-content\/uploads\/tour-de-force-037-y-todo-eso.jpg","datePublished":"2024-07-18T16:51:32+00:00","dateModified":"2024-09-20T10:51:20+00:00","breadcrumb":{"@id":"https:\/\/www.editorialminuscula.com\/libro\/y-todo-eso\/#breadcrumb"},"inLanguage":"ca","potentialAction":[{"@type":"ReadAction","target":["https:\/\/www.editorialminuscula.com\/libro\/y-todo-eso\/"]}]},{"@type":"ImageObject","inLanguage":"ca","@id":"https:\/\/www.editorialminuscula.com\/libro\/y-todo-eso\/#primaryimage","url":"https:\/\/www.editorialminuscula.com\/wp-content\/uploads\/tour-de-force-037-y-todo-eso.jpg","contentUrl":"https:\/\/www.editorialminuscula.com\/wp-content\/uploads\/tour-de-force-037-y-todo-eso.jpg","width":667,"height":1000,"caption":"Portada Y todo eso"},{"@type":"BreadcrumbList","@id":"https:\/\/www.editorialminuscula.com\/libro\/y-todo-eso\/#breadcrumb","itemListElement":[{"@type":"ListItem","position":1,"name":"Portada","item":"https:\/\/www.editorialminuscula.com\/ca\/"},{"@type":"ListItem","position":2,"name":"Cat\u00e0leg","item":"https:\/\/www.editorialminuscula.com\/ca\/cataleg\/"},{"@type":"ListItem","position":3,"name":"Y todo eso"}]},{"@type":"WebSite","@id":"https:\/\/www.editorialminuscula.com\/#website","url":"https:\/\/www.editorialminuscula.com\/","name":"editorial min\u00fascula","description":"","publisher":{"@id":"https:\/\/www.editorialminuscula.com\/#organization"},"alternateName":"Velas naturales","potentialAction":[{"@type":"SearchAction","target":{"@type":"EntryPoint","urlTemplate":"https:\/\/www.editorialminuscula.com\/?s={search_term_string}"},"query-input":{"@type":"PropertyValueSpecification","valueRequired":true,"valueName":"search_term_string"}}],"inLanguage":"ca"},{"@type":"Organization","@id":"https:\/\/www.editorialminuscula.com\/#organization","name":"Editorial min\u00fascula","alternateName":"Editorial min\u00fascula","url":"https:\/\/www.editorialminuscula.com\/","logo":{"@type":"ImageObject","inLanguage":"ca","@id":"https:\/\/www.editorialminuscula.com\/#\/schema\/logo\/image\/","url":"","contentUrl":"","caption":"Editorial min\u00fascula"},"image":{"@id":"https:\/\/www.editorialminuscula.com\/#\/schema\/logo\/image\/"},"sameAs":["https:\/\/www.instagram.com\/reemocioart\/"]}]}},"_links":{"self":[{"href":"https:\/\/www.editorialminuscula.com\/ca\/wp-json\/wp\/v2\/product\/3219","targetHints":{"allow":["GET"]}}],"collection":[{"href":"https:\/\/www.editorialminuscula.com\/ca\/wp-json\/wp\/v2\/product"}],"about":[{"href":"https:\/\/www.editorialminuscula.com\/ca\/wp-json\/wp\/v2\/types\/product"}],"acf:post":[{"embeddable":true,"href":"https:\/\/www.editorialminuscula.com\/ca\/wp-json\/wp\/v2\/autor\/2947"},{"embeddable":true,"href":"https:\/\/www.editorialminuscula.com\/ca\/wp-json\/wp\/v2\/autor\/2223"}],"wp:featuredmedia":[{"embeddable":true,"href":"https:\/\/www.editorialminuscula.com\/ca\/wp-json\/wp\/v2\/media\/2839"}],"wp:attachment":[{"href":"https:\/\/www.editorialminuscula.com\/ca\/wp-json\/wp\/v2\/media?parent=3219"}],"wp:term":[{"taxonomy":"product_brand","embeddable":true,"href":"https:\/\/www.editorialminuscula.com\/ca\/wp-json\/wp\/v2\/product_brand?post=3219"},{"taxonomy":"product_cat","embeddable":true,"href":"https:\/\/www.editorialminuscula.com\/ca\/wp-json\/wp\/v2\/product_cat?post=3219"},{"taxonomy":"product_tag","embeddable":true,"href":"https:\/\/www.editorialminuscula.com\/ca\/wp-json\/wp\/v2\/product_tag?post=3219"}],"curies":[{"name":"wp","href":"https:\/\/api.w.org\/{rel}","templated":true}]}}