{"id":3217,"date":"2024-07-18T18:51:32","date_gmt":"2024-07-18T16:51:32","guid":{"rendered":"http:\/\/editorialminuscula.com.mialias.net\/book\/el-libro-del-verano\/"},"modified":"2025-12-16T13:21:52","modified_gmt":"2025-12-16T12:21:52","slug":"el-libro-del-verano","status":"publish","type":"product","link":"https:\/\/www.editorialminuscula.com\/ca\/libro\/el-libro-del-verano\/","title":{"rendered":"El libro del verano"},"content":{"rendered":"<p>\u00abEn el interior del bosque la abuela reuni\u00f3 un trozo de musgo de un \u00e1rbol, un trozo de helecho y una polilla muerta. Sophia la segu\u00eda sin rechistar. Cada vez que la abuela se met\u00eda algo en el bolsillo, ella se sent\u00eda m\u00e1s tranquila. La luna estaba algo rojiza y casi tan luminosa como el cielo, bajo el cual proyectaba su luz formando un camino hasta la orilla. Continuaron atravesando la isla hasta el otro extremo. De vez en cuando, la abuela se agachaba y encontraba algo importante. Caminaba alta y oscura justo en medio del sendero de luz de la luna, sus piernas torpes y el bast\u00f3n avanzaban sin cesar y cada vez se la ve\u00eda m\u00e1s grande. La luz de la luna ca\u00eda sobre su sombrero y sus hombros, y ella vigilaba al destino y la isla entera. No exist\u00eda la menor duda de que la abuela encontrar\u00eda todo lo necesario para ahuyentar la desgracia y la muerte. En su bolsillo cab\u00eda todo.\u00bb En la que es casi la \u00faltima isla habitada del archipi\u00e9lago finland\u00e9s antes del mar abierto, en el B\u00e1ltico, una abuela y una nieta pasan los veranos junto al padre de la peque\u00f1a. Su vida se adapta a los dulces ritmos de las vacaciones y los imprevistos del tiempo, con sequ\u00edas y tormentas. Este es un libro de apariencia sencilla que consigue ahondar, con encantadora levedad, en los claroscuros del alma humana y en las leyes de la naturaleza. El di\u00e1logo entre Sophia, la ni\u00f1a que comienza a abrirse paso en la vida, y su abuela, que ha vivido intensamente y siente la muerte cercana, traza los contornos de un v\u00ednculo que permanece en la memoria durante mucho tiempo.<\/p>\n","protected":false},"excerpt":{"rendered":"<p>Tove Jansson<br \/>978-84-122111-9-1<br \/>9788412211191<\/p>\n","protected":false},"featured_media":2833,"template":"","meta":{"_acf_changed":false,"_monsterinsights_skip_tracking":false,"_monsterinsights_sitenote_active":false,"_monsterinsights_sitenote_note":"","_monsterinsights_sitenote_category":0},"product_brand":[],"product_cat":[15],"product_tag":[],"class_list":{"0":"post-3217","1":"product","2":"type-product","3":"status-publish","4":"has-post-thumbnail","6":"coleccion-tour-de-force","7":"product_cat-sin-categorizar","9":"first","10":"instock","11":"taxable","12":"shipping-taxable","13":"purchasable","14":"product-type-simple"},"acf":{"subtitulo":"","isbn":"978-84-122111-9-1","paginas":184,"coleccion-num":35,"idioma":["sv"],"primera_edicion":2021,"reimpresion_texto":"","reimpresion_ano":"","ultima_edicion_es":"","ultima_edicion_ca":"","ultima_edicion_en":"","ultima_edicion_ano":"","agotado":false,"descatalogado":false,"encuadernacion":"rsl","formato":"14 x 21 cm","premios":"","aparador":false,"destacado":false,"aparador_orden":"","destacado_orden":"","autor":[2205],"traductor":[2962],"editor":"","presentador":"","prologuista":"","posfacio":"","notas":"","fragmento":"","resenas":"\u00abEs dif\u00edcil describir el asombroso logro del arte de Jansson [\u2026]. Leer esta novela es como mirar a trav\u00e9s del agua clara y ver, de repente, el fondo.\u00bb\r\nAli Smith\r\n\r\n\u00abTove Jansson era un genio, una mujer de profunda sabidur\u00eda y gran maestr\u00eda, y este es un libro para atesorar.\u00bb\r\nPhilip Pullman\r\n\r\n\u00abUn libro hermoso y sutil, hecho de peque\u00f1os episodios, de observaciones y de silencios. Por momentos arisco y \u00e1spero como el mar y como las piedras de la isla en que transcurre, pero siempre humano, vital, amoroso y lleno de sabidur\u00eda. Uno de esos libros que se disfruta de punta a punta y que crece con cada relectura.<em>\u00a0El libro del verano<\/em>\u00a0est\u00e1 destinado a ser un cl\u00e1sico.\u00bb\r\nFederico Falco","tienda_compra_1":"Todos tus libros","enlace_compra_1":"https:\/\/www.todostuslibros.com\/isbn\/9788412211191","tienda_compra_2":"","enlace_compra_2":"","tienda_compra_3":"","enlace_compra_3":"","tienda_compra_4":"","enlace_compra_4":"","tienda_compra_5":"","enlace_compra_5":""},"yoast_head":"<!-- This site is optimized with the Yoast SEO plugin v27.5 - https:\/\/yoast.com\/product\/yoast-seo-wordpress\/ -->\n<title>El libro del verano - editorial min\u00fascula<\/title>\n<meta name=\"robots\" content=\"index, follow, max-snippet:-1, max-image-preview:large, max-video-preview:-1\" \/>\n<link rel=\"canonical\" href=\"https:\/\/www.editorialminuscula.com\/libro\/el-libro-del-verano\/\" \/>\n<meta property=\"og:locale\" content=\"ca_ES\" \/>\n<meta property=\"og:type\" content=\"article\" \/>\n<meta property=\"og:title\" content=\"El libro del verano - editorial min\u00fascula\" \/>\n<meta property=\"og:description\" content=\"Tove Jansson978-84-122111-9-19788412211191\" \/>\n<meta property=\"og:url\" content=\"https:\/\/www.editorialminuscula.com\/libro\/el-libro-del-verano\/\" \/>\n<meta property=\"og:site_name\" content=\"editorial min\u00fascula\" \/>\n<meta property=\"article:modified_time\" content=\"2025-12-16T12:21:52+00:00\" \/>\n<meta property=\"og:image\" content=\"https:\/\/www.editorialminuscula.com\/wp-content\/uploads\/tour-de-force-035-el-libro-del-verano.jpg\" \/>\n\t<meta property=\"og:image:width\" content=\"667\" \/>\n\t<meta property=\"og:image:height\" content=\"1000\" \/>\n\t<meta property=\"og:image:type\" content=\"image\/jpeg\" \/>\n<meta name=\"twitter:card\" content=\"summary_large_image\" \/>\n<meta name=\"twitter:label1\" content=\"Temps estimat de lectura\" \/>\n\t<meta name=\"twitter:data1\" content=\"2 minuts\" \/>\n<script type=\"application\/ld+json\" class=\"yoast-schema-graph\">{\"@context\":\"https:\\\/\\\/schema.org\",\"@graph\":[{\"@type\":\"WebPage\",\"@id\":\"https:\\\/\\\/www.editorialminuscula.com\\\/libro\\\/el-libro-del-verano\\\/\",\"url\":\"https:\\\/\\\/www.editorialminuscula.com\\\/libro\\\/el-libro-del-verano\\\/\",\"name\":\"El libro del verano - editorial min\u00fascula\",\"isPartOf\":{\"@id\":\"https:\\\/\\\/www.editorialminuscula.com\\\/#website\"},\"primaryImageOfPage\":{\"@id\":\"https:\\\/\\\/www.editorialminuscula.com\\\/libro\\\/el-libro-del-verano\\\/#primaryimage\"},\"image\":{\"@id\":\"https:\\\/\\\/www.editorialminuscula.com\\\/libro\\\/el-libro-del-verano\\\/#primaryimage\"},\"thumbnailUrl\":\"https:\\\/\\\/www.editorialminuscula.com\\\/wp-content\\\/uploads\\\/tour-de-force-035-el-libro-del-verano.jpg\",\"datePublished\":\"2024-07-18T16:51:32+00:00\",\"dateModified\":\"2025-12-16T12:21:52+00:00\",\"breadcrumb\":{\"@id\":\"https:\\\/\\\/www.editorialminuscula.com\\\/libro\\\/el-libro-del-verano\\\/#breadcrumb\"},\"inLanguage\":\"ca\",\"potentialAction\":[{\"@type\":\"ReadAction\",\"target\":[\"https:\\\/\\\/www.editorialminuscula.com\\\/libro\\\/el-libro-del-verano\\\/\"]}]},{\"@type\":\"ImageObject\",\"inLanguage\":\"ca\",\"@id\":\"https:\\\/\\\/www.editorialminuscula.com\\\/libro\\\/el-libro-del-verano\\\/#primaryimage\",\"url\":\"https:\\\/\\\/www.editorialminuscula.com\\\/wp-content\\\/uploads\\\/tour-de-force-035-el-libro-del-verano.jpg\",\"contentUrl\":\"https:\\\/\\\/www.editorialminuscula.com\\\/wp-content\\\/uploads\\\/tour-de-force-035-el-libro-del-verano.jpg\",\"width\":667,\"height\":1000,\"caption\":\"Portada El libro del verano\"},{\"@type\":\"BreadcrumbList\",\"@id\":\"https:\\\/\\\/www.editorialminuscula.com\\\/libro\\\/el-libro-del-verano\\\/#breadcrumb\",\"itemListElement\":[{\"@type\":\"ListItem\",\"position\":1,\"name\":\"Portada\",\"item\":\"https:\\\/\\\/www.editorialminuscula.com\\\/ca\\\/\"},{\"@type\":\"ListItem\",\"position\":2,\"name\":\"Cat\u00e0leg\",\"item\":\"https:\\\/\\\/www.editorialminuscula.com\\\/ca\\\/cataleg\\\/\"},{\"@type\":\"ListItem\",\"position\":3,\"name\":\"El libro del verano\"}]},{\"@type\":\"WebSite\",\"@id\":\"https:\\\/\\\/www.editorialminuscula.com\\\/#website\",\"url\":\"https:\\\/\\\/www.editorialminuscula.com\\\/\",\"name\":\"editorial min\u00fascula\",\"description\":\"\",\"publisher\":{\"@id\":\"https:\\\/\\\/www.editorialminuscula.com\\\/#organization\"},\"alternateName\":\"Velas naturales\",\"potentialAction\":[{\"@type\":\"SearchAction\",\"target\":{\"@type\":\"EntryPoint\",\"urlTemplate\":\"https:\\\/\\\/www.editorialminuscula.com\\\/?s={search_term_string}\"},\"query-input\":{\"@type\":\"PropertyValueSpecification\",\"valueRequired\":true,\"valueName\":\"search_term_string\"}}],\"inLanguage\":\"ca\"},{\"@type\":\"Organization\",\"@id\":\"https:\\\/\\\/www.editorialminuscula.com\\\/#organization\",\"name\":\"Editorial min\u00fascula\",\"alternateName\":\"Editorial min\u00fascula\",\"url\":\"https:\\\/\\\/www.editorialminuscula.com\\\/\",\"logo\":{\"@type\":\"ImageObject\",\"inLanguage\":\"ca\",\"@id\":\"https:\\\/\\\/www.editorialminuscula.com\\\/#\\\/schema\\\/logo\\\/image\\\/\",\"url\":\"\",\"contentUrl\":\"\",\"caption\":\"Editorial min\u00fascula\"},\"image\":{\"@id\":\"https:\\\/\\\/www.editorialminuscula.com\\\/#\\\/schema\\\/logo\\\/image\\\/\"},\"sameAs\":[\"https:\\\/\\\/www.instagram.com\\\/reemocioart\\\/\"]}]}<\/script>\n<!-- \/ Yoast SEO plugin. -->","yoast_head_json":{"title":"El libro del verano - editorial min\u00fascula","robots":{"index":"index","follow":"follow","max-snippet":"max-snippet:-1","max-image-preview":"max-image-preview:large","max-video-preview":"max-video-preview:-1"},"canonical":"https:\/\/www.editorialminuscula.com\/libro\/el-libro-del-verano\/","og_locale":"ca_ES","og_type":"article","og_title":"El libro del verano - editorial min\u00fascula","og_description":"Tove Jansson978-84-122111-9-19788412211191","og_url":"https:\/\/www.editorialminuscula.com\/libro\/el-libro-del-verano\/","og_site_name":"editorial min\u00fascula","article_modified_time":"2025-12-16T12:21:52+00:00","og_image":[{"width":667,"height":1000,"url":"https:\/\/www.editorialminuscula.com\/wp-content\/uploads\/tour-de-force-035-el-libro-del-verano.jpg","type":"image\/jpeg"}],"twitter_card":"summary_large_image","twitter_misc":{"Temps estimat de lectura":"2 minuts"},"schema":{"@context":"https:\/\/schema.org","@graph":[{"@type":"WebPage","@id":"https:\/\/www.editorialminuscula.com\/libro\/el-libro-del-verano\/","url":"https:\/\/www.editorialminuscula.com\/libro\/el-libro-del-verano\/","name":"El libro del verano - editorial min\u00fascula","isPartOf":{"@id":"https:\/\/www.editorialminuscula.com\/#website"},"primaryImageOfPage":{"@id":"https:\/\/www.editorialminuscula.com\/libro\/el-libro-del-verano\/#primaryimage"},"image":{"@id":"https:\/\/www.editorialminuscula.com\/libro\/el-libro-del-verano\/#primaryimage"},"thumbnailUrl":"https:\/\/www.editorialminuscula.com\/wp-content\/uploads\/tour-de-force-035-el-libro-del-verano.jpg","datePublished":"2024-07-18T16:51:32+00:00","dateModified":"2025-12-16T12:21:52+00:00","breadcrumb":{"@id":"https:\/\/www.editorialminuscula.com\/libro\/el-libro-del-verano\/#breadcrumb"},"inLanguage":"ca","potentialAction":[{"@type":"ReadAction","target":["https:\/\/www.editorialminuscula.com\/libro\/el-libro-del-verano\/"]}]},{"@type":"ImageObject","inLanguage":"ca","@id":"https:\/\/www.editorialminuscula.com\/libro\/el-libro-del-verano\/#primaryimage","url":"https:\/\/www.editorialminuscula.com\/wp-content\/uploads\/tour-de-force-035-el-libro-del-verano.jpg","contentUrl":"https:\/\/www.editorialminuscula.com\/wp-content\/uploads\/tour-de-force-035-el-libro-del-verano.jpg","width":667,"height":1000,"caption":"Portada El libro del verano"},{"@type":"BreadcrumbList","@id":"https:\/\/www.editorialminuscula.com\/libro\/el-libro-del-verano\/#breadcrumb","itemListElement":[{"@type":"ListItem","position":1,"name":"Portada","item":"https:\/\/www.editorialminuscula.com\/ca\/"},{"@type":"ListItem","position":2,"name":"Cat\u00e0leg","item":"https:\/\/www.editorialminuscula.com\/ca\/cataleg\/"},{"@type":"ListItem","position":3,"name":"El libro del verano"}]},{"@type":"WebSite","@id":"https:\/\/www.editorialminuscula.com\/#website","url":"https:\/\/www.editorialminuscula.com\/","name":"editorial min\u00fascula","description":"","publisher":{"@id":"https:\/\/www.editorialminuscula.com\/#organization"},"alternateName":"Velas naturales","potentialAction":[{"@type":"SearchAction","target":{"@type":"EntryPoint","urlTemplate":"https:\/\/www.editorialminuscula.com\/?s={search_term_string}"},"query-input":{"@type":"PropertyValueSpecification","valueRequired":true,"valueName":"search_term_string"}}],"inLanguage":"ca"},{"@type":"Organization","@id":"https:\/\/www.editorialminuscula.com\/#organization","name":"Editorial min\u00fascula","alternateName":"Editorial min\u00fascula","url":"https:\/\/www.editorialminuscula.com\/","logo":{"@type":"ImageObject","inLanguage":"ca","@id":"https:\/\/www.editorialminuscula.com\/#\/schema\/logo\/image\/","url":"","contentUrl":"","caption":"Editorial min\u00fascula"},"image":{"@id":"https:\/\/www.editorialminuscula.com\/#\/schema\/logo\/image\/"},"sameAs":["https:\/\/www.instagram.com\/reemocioart\/"]}]}},"_links":{"self":[{"href":"https:\/\/www.editorialminuscula.com\/ca\/wp-json\/wp\/v2\/product\/3217","targetHints":{"allow":["GET"]}}],"collection":[{"href":"https:\/\/www.editorialminuscula.com\/ca\/wp-json\/wp\/v2\/product"}],"about":[{"href":"https:\/\/www.editorialminuscula.com\/ca\/wp-json\/wp\/v2\/types\/product"}],"acf:post":[{"embeddable":true,"href":"https:\/\/www.editorialminuscula.com\/ca\/wp-json\/wp\/v2\/autor\/2962"},{"embeddable":true,"href":"https:\/\/www.editorialminuscula.com\/ca\/wp-json\/wp\/v2\/autor\/2205"}],"wp:featuredmedia":[{"embeddable":true,"href":"https:\/\/www.editorialminuscula.com\/ca\/wp-json\/wp\/v2\/media\/2833"}],"wp:attachment":[{"href":"https:\/\/www.editorialminuscula.com\/ca\/wp-json\/wp\/v2\/media?parent=3217"}],"wp:term":[{"taxonomy":"product_brand","embeddable":true,"href":"https:\/\/www.editorialminuscula.com\/ca\/wp-json\/wp\/v2\/product_brand?post=3217"},{"taxonomy":"product_cat","embeddable":true,"href":"https:\/\/www.editorialminuscula.com\/ca\/wp-json\/wp\/v2\/product_cat?post=3217"},{"taxonomy":"product_tag","embeddable":true,"href":"https:\/\/www.editorialminuscula.com\/ca\/wp-json\/wp\/v2\/product_tag?post=3217"}],"curies":[{"name":"wp","href":"https:\/\/api.w.org\/{rel}","templated":true}]}}