{"id":3203,"date":"2024-07-18T18:51:25","date_gmt":"2024-07-18T16:51:25","guid":{"rendered":"http:\/\/editorialminuscula.com.mialias.net\/book\/la-senyora-caliban\/"},"modified":"2025-08-27T11:21:06","modified_gmt":"2025-08-27T09:21:06","slug":"la-senyora-caliban","status":"publish","type":"product","link":"https:\/\/www.editorialminuscula.com\/ca\/libro\/la-senyora-caliban\/","title":{"rendered":"La se\u00f1ora Caliban"},"content":{"rendered":"<p>En una casa de un barrio residencial, mientras la solitaria Dorothy Caliban se ocupa de las tareas dom\u00e9sticas y espera que su marido, por lo general distante, regrese del trabajo, oye en la radio una extra\u00f1a noticia sobre un monstruo que acaba de escapar del Instituto de Investigaci\u00f3n Oceanogr\u00e1fica. La se\u00f1ora Caliban y Larry, llam\u00e9mosle as\u00ed, que es verde y bien formado y al que le encantan los aguacates, la televisi\u00f3n y, por supuesto, el mar, acabar\u00e1n por encontrarse. El monstruo no solo ayuda a Dorothy a pasar el aspirador y limpiar la plata; juntos hacen rom\u00e1nticas excursiones a la playa, y se aman locamente en la cocina, en la habitaci\u00f3n de invitados, donde sea. \u00bfCu\u00e1nto durar\u00e1 esa felicidad? Los cr\u00edticos han comparado\u00a0<em>La se\u00f1ora Caliban<\/em>\u00a0(publicada en 1982) con\u00a0<em>King Kong<\/em>, las historias de Edgar Allan Poe, las pel\u00edculas de David Lynch,\u00a0<em>La bella y la bestia<\/em>,\u00a0<em>El mago de Oz<\/em>,\u00a0<em>ET<\/em>, las pel\u00edculas de terror de serie B y los cuentos de hadas: c\u00f3mo puede una novela contener todos estos elementos tan dispares y salir airosa es la prueba de su sorprendente y singular encanto.<\/p>\n","protected":false},"excerpt":{"rendered":"<p>Rachel Ingalls<br \/>978-84-948348-8-2<br \/>9788494834882<\/p>\n","protected":false},"featured_media":2791,"template":"","meta":{"_acf_changed":false,"_monsterinsights_skip_tracking":false,"_monsterinsights_sitenote_active":false,"_monsterinsights_sitenote_note":"","_monsterinsights_sitenote_category":0},"product_brand":[],"product_cat":[15],"product_tag":[],"class_list":{"0":"post-3203","1":"product","2":"type-product","3":"status-publish","4":"has-post-thumbnail","6":"coleccion-tour-de-force","7":"product_cat-sin-categorizar","9":"first","10":"instock","11":"taxable","12":"shipping-taxable","13":"purchasable","14":"product-type-simple"},"acf":{"subtitulo":"","isbn":"978-84-948348-8-2","paginas":128,"coleccion-num":21,"idioma":["en"],"primera_edicion":2018,"reimpresion_texto":"","reimpresion_ano":"","ultima_edicion_es":"","ultima_edicion_ca":"","ultima_edicion_en":"","ultima_edicion_ano":"","agotado":false,"descatalogado":false,"encuadernacion":"rsl","formato":"14 x 21 cm","premios":"","aparador":false,"destacado":false,"aparador_orden":"","destacado_orden":"","autor":[2202],"traductor":[2958],"editor":"","presentador":"","prologuista":"","posfacio":"","notas":"","fragmento":3780,"resenas":"\u00ab<em>La se\u00f1ora Caliban<\/em> me ha gustado mucho. Su prosa h\u00e1bil y austera y su fantas\u00eda ligera e informal est\u00e1n abiertas a una profunda tristeza femenina que atrapa al lector. Es una par\u00e1bola impecable y bellamente escrita desde el primer p\u00e1rrafo hasta el \u00faltimo.\u00bb\r\nJohn Updike\r\n\r\n\u00abUna novela perfecta.\u00bb\r\nRivka Galchen\r\n\r\n\u00abAbsolutamente inolvidable.\u00bb\r\n<em>The New York Times Book Review<\/em>\r\n\r\n\u00abAlgo parecido a un milagro.\u00bb\r\n<em>The New Yorker<\/em>","tienda_compra_1":"Todos tus libros","enlace_compra_1":"https:\/\/www.todostuslibros.com\/isbn\/9788494834882","tienda_compra_2":"","enlace_compra_2":"","tienda_compra_3":"","enlace_compra_3":"","tienda_compra_4":"","enlace_compra_4":"","tienda_compra_5":"","enlace_compra_5":""},"yoast_head":"<!-- This site is optimized with the Yoast SEO plugin v27.5 - https:\/\/yoast.com\/product\/yoast-seo-wordpress\/ -->\n<title>La se\u00f1ora Caliban - editorial min\u00fascula<\/title>\n<meta name=\"robots\" content=\"index, follow, max-snippet:-1, max-image-preview:large, max-video-preview:-1\" \/>\n<link rel=\"canonical\" href=\"https:\/\/www.editorialminuscula.com\/libro\/la-senyora-caliban\/\" \/>\n<meta property=\"og:locale\" content=\"ca_ES\" \/>\n<meta property=\"og:type\" content=\"article\" \/>\n<meta property=\"og:title\" content=\"La se\u00f1ora Caliban - editorial min\u00fascula\" \/>\n<meta property=\"og:description\" content=\"Rachel Ingalls978-84-948348-8-29788494834882\" \/>\n<meta property=\"og:url\" content=\"https:\/\/www.editorialminuscula.com\/libro\/la-senyora-caliban\/\" \/>\n<meta property=\"og:site_name\" content=\"editorial min\u00fascula\" \/>\n<meta property=\"article:modified_time\" content=\"2025-08-27T09:21:06+00:00\" \/>\n<meta property=\"og:image\" content=\"https:\/\/www.editorialminuscula.com\/wp-content\/uploads\/tour-de-force-021-la-senora-caliban.jpg\" \/>\n\t<meta property=\"og:image:width\" content=\"667\" \/>\n\t<meta property=\"og:image:height\" content=\"1000\" \/>\n\t<meta property=\"og:image:type\" content=\"image\/jpeg\" \/>\n<meta name=\"twitter:card\" content=\"summary_large_image\" \/>\n<meta name=\"twitter:label1\" content=\"Temps estimat de lectura\" \/>\n\t<meta name=\"twitter:data1\" content=\"2 minuts\" \/>\n<script type=\"application\/ld+json\" class=\"yoast-schema-graph\">{\"@context\":\"https:\\\/\\\/schema.org\",\"@graph\":[{\"@type\":\"WebPage\",\"@id\":\"https:\\\/\\\/www.editorialminuscula.com\\\/libro\\\/la-senyora-caliban\\\/\",\"url\":\"https:\\\/\\\/www.editorialminuscula.com\\\/libro\\\/la-senyora-caliban\\\/\",\"name\":\"La se\u00f1ora Caliban - editorial min\u00fascula\",\"isPartOf\":{\"@id\":\"https:\\\/\\\/www.editorialminuscula.com\\\/#website\"},\"primaryImageOfPage\":{\"@id\":\"https:\\\/\\\/www.editorialminuscula.com\\\/libro\\\/la-senyora-caliban\\\/#primaryimage\"},\"image\":{\"@id\":\"https:\\\/\\\/www.editorialminuscula.com\\\/libro\\\/la-senyora-caliban\\\/#primaryimage\"},\"thumbnailUrl\":\"https:\\\/\\\/www.editorialminuscula.com\\\/wp-content\\\/uploads\\\/tour-de-force-021-la-senora-caliban.jpg\",\"datePublished\":\"2024-07-18T16:51:25+00:00\",\"dateModified\":\"2025-08-27T09:21:06+00:00\",\"breadcrumb\":{\"@id\":\"https:\\\/\\\/www.editorialminuscula.com\\\/libro\\\/la-senyora-caliban\\\/#breadcrumb\"},\"inLanguage\":\"ca\",\"potentialAction\":[{\"@type\":\"ReadAction\",\"target\":[\"https:\\\/\\\/www.editorialminuscula.com\\\/libro\\\/la-senyora-caliban\\\/\"]}]},{\"@type\":\"ImageObject\",\"inLanguage\":\"ca\",\"@id\":\"https:\\\/\\\/www.editorialminuscula.com\\\/libro\\\/la-senyora-caliban\\\/#primaryimage\",\"url\":\"https:\\\/\\\/www.editorialminuscula.com\\\/wp-content\\\/uploads\\\/tour-de-force-021-la-senora-caliban.jpg\",\"contentUrl\":\"https:\\\/\\\/www.editorialminuscula.com\\\/wp-content\\\/uploads\\\/tour-de-force-021-la-senora-caliban.jpg\",\"width\":667,\"height\":1000,\"caption\":\"Portada La senyora Caliban\"},{\"@type\":\"BreadcrumbList\",\"@id\":\"https:\\\/\\\/www.editorialminuscula.com\\\/libro\\\/la-senyora-caliban\\\/#breadcrumb\",\"itemListElement\":[{\"@type\":\"ListItem\",\"position\":1,\"name\":\"Portada\",\"item\":\"https:\\\/\\\/www.editorialminuscula.com\\\/ca\\\/\"},{\"@type\":\"ListItem\",\"position\":2,\"name\":\"Cat\u00e0leg\",\"item\":\"https:\\\/\\\/www.editorialminuscula.com\\\/ca\\\/cataleg\\\/\"},{\"@type\":\"ListItem\",\"position\":3,\"name\":\"La se\u00f1ora Caliban\"}]},{\"@type\":\"WebSite\",\"@id\":\"https:\\\/\\\/www.editorialminuscula.com\\\/#website\",\"url\":\"https:\\\/\\\/www.editorialminuscula.com\\\/\",\"name\":\"editorial min\u00fascula\",\"description\":\"\",\"publisher\":{\"@id\":\"https:\\\/\\\/www.editorialminuscula.com\\\/#organization\"},\"alternateName\":\"Velas naturales\",\"potentialAction\":[{\"@type\":\"SearchAction\",\"target\":{\"@type\":\"EntryPoint\",\"urlTemplate\":\"https:\\\/\\\/www.editorialminuscula.com\\\/?s={search_term_string}\"},\"query-input\":{\"@type\":\"PropertyValueSpecification\",\"valueRequired\":true,\"valueName\":\"search_term_string\"}}],\"inLanguage\":\"ca\"},{\"@type\":\"Organization\",\"@id\":\"https:\\\/\\\/www.editorialminuscula.com\\\/#organization\",\"name\":\"Editorial min\u00fascula\",\"alternateName\":\"Editorial min\u00fascula\",\"url\":\"https:\\\/\\\/www.editorialminuscula.com\\\/\",\"logo\":{\"@type\":\"ImageObject\",\"inLanguage\":\"ca\",\"@id\":\"https:\\\/\\\/www.editorialminuscula.com\\\/#\\\/schema\\\/logo\\\/image\\\/\",\"url\":\"\",\"contentUrl\":\"\",\"caption\":\"Editorial min\u00fascula\"},\"image\":{\"@id\":\"https:\\\/\\\/www.editorialminuscula.com\\\/#\\\/schema\\\/logo\\\/image\\\/\"},\"sameAs\":[\"https:\\\/\\\/www.instagram.com\\\/reemocioart\\\/\"]}]}<\/script>\n<!-- \/ Yoast SEO plugin. -->","yoast_head_json":{"title":"La se\u00f1ora Caliban - editorial min\u00fascula","robots":{"index":"index","follow":"follow","max-snippet":"max-snippet:-1","max-image-preview":"max-image-preview:large","max-video-preview":"max-video-preview:-1"},"canonical":"https:\/\/www.editorialminuscula.com\/libro\/la-senyora-caliban\/","og_locale":"ca_ES","og_type":"article","og_title":"La se\u00f1ora Caliban - editorial min\u00fascula","og_description":"Rachel Ingalls978-84-948348-8-29788494834882","og_url":"https:\/\/www.editorialminuscula.com\/libro\/la-senyora-caliban\/","og_site_name":"editorial min\u00fascula","article_modified_time":"2025-08-27T09:21:06+00:00","og_image":[{"width":667,"height":1000,"url":"https:\/\/www.editorialminuscula.com\/wp-content\/uploads\/tour-de-force-021-la-senora-caliban.jpg","type":"image\/jpeg"}],"twitter_card":"summary_large_image","twitter_misc":{"Temps estimat de lectura":"2 minuts"},"schema":{"@context":"https:\/\/schema.org","@graph":[{"@type":"WebPage","@id":"https:\/\/www.editorialminuscula.com\/libro\/la-senyora-caliban\/","url":"https:\/\/www.editorialminuscula.com\/libro\/la-senyora-caliban\/","name":"La se\u00f1ora Caliban - editorial min\u00fascula","isPartOf":{"@id":"https:\/\/www.editorialminuscula.com\/#website"},"primaryImageOfPage":{"@id":"https:\/\/www.editorialminuscula.com\/libro\/la-senyora-caliban\/#primaryimage"},"image":{"@id":"https:\/\/www.editorialminuscula.com\/libro\/la-senyora-caliban\/#primaryimage"},"thumbnailUrl":"https:\/\/www.editorialminuscula.com\/wp-content\/uploads\/tour-de-force-021-la-senora-caliban.jpg","datePublished":"2024-07-18T16:51:25+00:00","dateModified":"2025-08-27T09:21:06+00:00","breadcrumb":{"@id":"https:\/\/www.editorialminuscula.com\/libro\/la-senyora-caliban\/#breadcrumb"},"inLanguage":"ca","potentialAction":[{"@type":"ReadAction","target":["https:\/\/www.editorialminuscula.com\/libro\/la-senyora-caliban\/"]}]},{"@type":"ImageObject","inLanguage":"ca","@id":"https:\/\/www.editorialminuscula.com\/libro\/la-senyora-caliban\/#primaryimage","url":"https:\/\/www.editorialminuscula.com\/wp-content\/uploads\/tour-de-force-021-la-senora-caliban.jpg","contentUrl":"https:\/\/www.editorialminuscula.com\/wp-content\/uploads\/tour-de-force-021-la-senora-caliban.jpg","width":667,"height":1000,"caption":"Portada La senyora Caliban"},{"@type":"BreadcrumbList","@id":"https:\/\/www.editorialminuscula.com\/libro\/la-senyora-caliban\/#breadcrumb","itemListElement":[{"@type":"ListItem","position":1,"name":"Portada","item":"https:\/\/www.editorialminuscula.com\/ca\/"},{"@type":"ListItem","position":2,"name":"Cat\u00e0leg","item":"https:\/\/www.editorialminuscula.com\/ca\/cataleg\/"},{"@type":"ListItem","position":3,"name":"La se\u00f1ora Caliban"}]},{"@type":"WebSite","@id":"https:\/\/www.editorialminuscula.com\/#website","url":"https:\/\/www.editorialminuscula.com\/","name":"editorial min\u00fascula","description":"","publisher":{"@id":"https:\/\/www.editorialminuscula.com\/#organization"},"alternateName":"Velas naturales","potentialAction":[{"@type":"SearchAction","target":{"@type":"EntryPoint","urlTemplate":"https:\/\/www.editorialminuscula.com\/?s={search_term_string}"},"query-input":{"@type":"PropertyValueSpecification","valueRequired":true,"valueName":"search_term_string"}}],"inLanguage":"ca"},{"@type":"Organization","@id":"https:\/\/www.editorialminuscula.com\/#organization","name":"Editorial min\u00fascula","alternateName":"Editorial min\u00fascula","url":"https:\/\/www.editorialminuscula.com\/","logo":{"@type":"ImageObject","inLanguage":"ca","@id":"https:\/\/www.editorialminuscula.com\/#\/schema\/logo\/image\/","url":"","contentUrl":"","caption":"Editorial min\u00fascula"},"image":{"@id":"https:\/\/www.editorialminuscula.com\/#\/schema\/logo\/image\/"},"sameAs":["https:\/\/www.instagram.com\/reemocioart\/"]}]}},"_links":{"self":[{"href":"https:\/\/www.editorialminuscula.com\/ca\/wp-json\/wp\/v2\/product\/3203","targetHints":{"allow":["GET"]}}],"collection":[{"href":"https:\/\/www.editorialminuscula.com\/ca\/wp-json\/wp\/v2\/product"}],"about":[{"href":"https:\/\/www.editorialminuscula.com\/ca\/wp-json\/wp\/v2\/types\/product"}],"acf:post":[{"embeddable":true,"href":"https:\/\/www.editorialminuscula.com\/ca\/wp-json\/wp\/v2\/autor\/2958"},{"embeddable":true,"href":"https:\/\/www.editorialminuscula.com\/ca\/wp-json\/wp\/v2\/autor\/2202"}],"wp:featuredmedia":[{"embeddable":true,"href":"https:\/\/www.editorialminuscula.com\/ca\/wp-json\/wp\/v2\/media\/2791"}],"wp:attachment":[{"href":"https:\/\/www.editorialminuscula.com\/ca\/wp-json\/wp\/v2\/media?parent=3203"}],"wp:term":[{"taxonomy":"product_brand","embeddable":true,"href":"https:\/\/www.editorialminuscula.com\/ca\/wp-json\/wp\/v2\/product_brand?post=3203"},{"taxonomy":"product_cat","embeddable":true,"href":"https:\/\/www.editorialminuscula.com\/ca\/wp-json\/wp\/v2\/product_cat?post=3203"},{"taxonomy":"product_tag","embeddable":true,"href":"https:\/\/www.editorialminuscula.com\/ca\/wp-json\/wp\/v2\/product_tag?post=3203"}],"curies":[{"name":"wp","href":"https:\/\/api.w.org\/{rel}","templated":true}]}}