{"id":3157,"date":"2024-07-18T18:51:09","date_gmt":"2024-07-18T16:51:09","guid":{"rendered":"http:\/\/editorialminuscula.com.mialias.net\/book\/material-rodante\/"},"modified":"2025-06-16T14:13:27","modified_gmt":"2025-06-16T12:13:27","slug":"material-rodante","status":"publish","type":"product","link":"https:\/\/www.editorialminuscula.com\/ca\/libro\/material-rodante\/","title":{"rendered":"Material rodante"},"content":{"rendered":"<p>\u00bfQu\u00e9 sucede en los tiempos muertos? La vida, responde el narrador de este curioso libro. En sus constantes idas y venidas del trabajo, en el trayecto que media entre B\u00e9lgica y Holanda, un chileno encuentra aventuras m\u00ednimas que desaf\u00edan la rutina. As\u00ed, descubre la historia de un antiguo \u00e1rbol sagrado que viaj\u00f3 desde el sur de Chile hasta convertirse en un objeto de decoraci\u00f3n europeo, reflexiona acerca de la importancia de los conejos para el paisaje holand\u00e9s, no duda en dedicarle una en\u00e9rgica y desopilante apolog\u00eda al pijama e incluso medita acerca de c\u00f3mo despedirse en los correos electr\u00f3nicos. Ir\u00f3nico, fragmentario y digresivo,\u00a0<em>Material rodante<\/em>\u00a0re\u00fane las disquisiciones de un hombre perplejo que cruza una y otra vez la frontera con la parsimonia de quien sale a la esquina a comprar el pan.<\/p>\n","protected":false},"excerpt":{"rendered":"<p>Gonzalo Maier<br \/>978-84-943539-3-2<br \/>9788494353932<\/p>\n","protected":false},"featured_media":2683,"template":"","meta":{"_acf_changed":false,"_monsterinsights_skip_tracking":false,"_monsterinsights_sitenote_active":false,"_monsterinsights_sitenote_note":"","_monsterinsights_sitenote_category":0},"product_brand":[],"product_cat":[15],"product_tag":[],"class_list":{"0":"post-3157","1":"product","2":"type-product","3":"status-publish","4":"has-post-thumbnail","6":"coleccion-paisajes-narrados","7":"product_cat-sin-categorizar","9":"first","10":"instock","11":"taxable","12":"shipping-taxable","13":"purchasable","14":"product-type-simple"},"acf":{"subtitulo":"","isbn":"978-84-943539-3-2","paginas":113,"coleccion-num":58,"idioma":[],"primera_edicion":2015,"reimpresion_texto":1,"reimpresion_ano":2024,"ultima_edicion_es":"","ultima_edicion_ca":"","ultima_edicion_en":"","ultima_edicion_ano":"","agotado":false,"descatalogado":false,"encuadernacion":"rsl","formato":"12 x 16,5 cm","premios":"","aparador":false,"destacado":false,"aparador_orden":"","destacado_orden":"","autor":[2226],"traductor":"","editor":"","presentador":"","prologuista":"","posfacio":"","notas":"","fragmento":3699,"resenas":"\u00abSigue expandi\u00e9ndose al t\u00e9rmino de la lectura como un itinerario sin fin. [...] Reflexiones de apariencia liviana, pero muy refinadas, que conforman un esp\u00edritu muy apto para apreciar la sorpresa en la rutina.\u00bb\r\nFrancisco Solano, <em>El Pa\u00eds<\/em>\r\n\r\n\u00abUna novela divertid\u00edsima, llena de ideas chispeantes, de ocurrencias luminosas, de observaciones particulares e inesperadas.\u00bb\r\nDiego Z\u00fa\u00f1iga,\u00a0<em>Qu\u00e9 Pasa<\/em>\r\n\r\n\u00abAltamente subrayable. [...] Solo cabe desear que Maier siga escribiendo y que nunca se pase al avi\u00f3n.\u00bb\r\nBego\u00f1a G\u00f3mez Urzaiz,\u00a0<em>Cultura\/s<\/em>,\u00a0<em>La Vanguardia<\/em>\r\n\r\n\u00abEnorme flexibilidad narrativa [...] Impecable destreza de manos que apuesta por socavar [...] la pesada importancia de lo real.\u00bb\r\nPatricia Espinosa,\u00a0<em>Las \u00daltimas Noticias<\/em>\r\n\r\n\u00abGonzalo Maier ha escrito un libro divertido, ir\u00f3nico, profundo y muy entretenido. Un libro que funciona como un caj\u00f3n de sastre, repleto de digresiones maravillosas.\u00bb\r\nEnrique Mart\u00edn, Radio Euskadi\r\n\r\n\u00abUn libro h\u00edbrido que se compone de literatura \u2013el estilo y las citas\u2013, de cr\u00f3nica, de diarios, de aforismos incluso, perdidos en la extensi\u00f3n de p\u00e1rrafos que nunca se atascan o demoran.\u00bb\r\nRodrigo Pinto,\u00a0<em>El Mercurio<\/em>","tienda_compra_1":"Todos tus libros","enlace_compra_1":"https:\/\/www.todostuslibros.com\/isbn\/9788494353932","tienda_compra_2":"","enlace_compra_2":"","tienda_compra_3":"","enlace_compra_3":"","tienda_compra_4":"","enlace_compra_4":"","tienda_compra_5":"","enlace_compra_5":""},"yoast_head":"<!-- This site is optimized with the Yoast SEO plugin v27.5 - https:\/\/yoast.com\/product\/yoast-seo-wordpress\/ -->\n<title>Material rodante - editorial min\u00fascula<\/title>\n<meta name=\"robots\" content=\"index, follow, max-snippet:-1, max-image-preview:large, max-video-preview:-1\" \/>\n<link rel=\"canonical\" href=\"https:\/\/www.editorialminuscula.com\/libro\/material-rodante\/\" \/>\n<meta property=\"og:locale\" content=\"ca_ES\" \/>\n<meta property=\"og:type\" content=\"article\" \/>\n<meta property=\"og:title\" content=\"Material rodante - editorial min\u00fascula\" \/>\n<meta property=\"og:description\" content=\"Gonzalo Maier978-84-943539-3-29788494353932\" \/>\n<meta property=\"og:url\" content=\"https:\/\/www.editorialminuscula.com\/libro\/material-rodante\/\" \/>\n<meta property=\"og:site_name\" content=\"editorial min\u00fascula\" \/>\n<meta property=\"article:modified_time\" content=\"2025-06-16T12:13:27+00:00\" \/>\n<meta property=\"og:image\" content=\"https:\/\/www.editorialminuscula.com\/wp-content\/uploads\/paisajes-narrados-058-material-rodante.jpg\" \/>\n\t<meta property=\"og:image:width\" content=\"709\" \/>\n\t<meta property=\"og:image:height\" content=\"975\" \/>\n\t<meta property=\"og:image:type\" content=\"image\/jpeg\" \/>\n<meta name=\"twitter:card\" content=\"summary_large_image\" \/>\n<meta name=\"twitter:label1\" content=\"Temps estimat de lectura\" \/>\n\t<meta name=\"twitter:data1\" content=\"1 minut\" \/>\n<script type=\"application\/ld+json\" class=\"yoast-schema-graph\">{\"@context\":\"https:\\\/\\\/schema.org\",\"@graph\":[{\"@type\":\"WebPage\",\"@id\":\"https:\\\/\\\/www.editorialminuscula.com\\\/libro\\\/material-rodante\\\/\",\"url\":\"https:\\\/\\\/www.editorialminuscula.com\\\/libro\\\/material-rodante\\\/\",\"name\":\"Material rodante - editorial min\u00fascula\",\"isPartOf\":{\"@id\":\"https:\\\/\\\/www.editorialminuscula.com\\\/#website\"},\"primaryImageOfPage\":{\"@id\":\"https:\\\/\\\/www.editorialminuscula.com\\\/libro\\\/material-rodante\\\/#primaryimage\"},\"image\":{\"@id\":\"https:\\\/\\\/www.editorialminuscula.com\\\/libro\\\/material-rodante\\\/#primaryimage\"},\"thumbnailUrl\":\"https:\\\/\\\/www.editorialminuscula.com\\\/wp-content\\\/uploads\\\/paisajes-narrados-058-material-rodante.jpg\",\"datePublished\":\"2024-07-18T16:51:09+00:00\",\"dateModified\":\"2025-06-16T12:13:27+00:00\",\"breadcrumb\":{\"@id\":\"https:\\\/\\\/www.editorialminuscula.com\\\/libro\\\/material-rodante\\\/#breadcrumb\"},\"inLanguage\":\"ca\",\"potentialAction\":[{\"@type\":\"ReadAction\",\"target\":[\"https:\\\/\\\/www.editorialminuscula.com\\\/libro\\\/material-rodante\\\/\"]}]},{\"@type\":\"ImageObject\",\"inLanguage\":\"ca\",\"@id\":\"https:\\\/\\\/www.editorialminuscula.com\\\/libro\\\/material-rodante\\\/#primaryimage\",\"url\":\"https:\\\/\\\/www.editorialminuscula.com\\\/wp-content\\\/uploads\\\/paisajes-narrados-058-material-rodante.jpg\",\"contentUrl\":\"https:\\\/\\\/www.editorialminuscula.com\\\/wp-content\\\/uploads\\\/paisajes-narrados-058-material-rodante.jpg\",\"width\":709,\"height\":975,\"caption\":\"Portada Material rodante\"},{\"@type\":\"BreadcrumbList\",\"@id\":\"https:\\\/\\\/www.editorialminuscula.com\\\/libro\\\/material-rodante\\\/#breadcrumb\",\"itemListElement\":[{\"@type\":\"ListItem\",\"position\":1,\"name\":\"Portada\",\"item\":\"https:\\\/\\\/www.editorialminuscula.com\\\/ca\\\/\"},{\"@type\":\"ListItem\",\"position\":2,\"name\":\"Cat\u00e0leg\",\"item\":\"https:\\\/\\\/www.editorialminuscula.com\\\/ca\\\/cataleg\\\/\"},{\"@type\":\"ListItem\",\"position\":3,\"name\":\"Material rodante\"}]},{\"@type\":\"WebSite\",\"@id\":\"https:\\\/\\\/www.editorialminuscula.com\\\/#website\",\"url\":\"https:\\\/\\\/www.editorialminuscula.com\\\/\",\"name\":\"editorial min\u00fascula\",\"description\":\"\",\"publisher\":{\"@id\":\"https:\\\/\\\/www.editorialminuscula.com\\\/#organization\"},\"alternateName\":\"Velas naturales\",\"potentialAction\":[{\"@type\":\"SearchAction\",\"target\":{\"@type\":\"EntryPoint\",\"urlTemplate\":\"https:\\\/\\\/www.editorialminuscula.com\\\/?s={search_term_string}\"},\"query-input\":{\"@type\":\"PropertyValueSpecification\",\"valueRequired\":true,\"valueName\":\"search_term_string\"}}],\"inLanguage\":\"ca\"},{\"@type\":\"Organization\",\"@id\":\"https:\\\/\\\/www.editorialminuscula.com\\\/#organization\",\"name\":\"Editorial min\u00fascula\",\"alternateName\":\"Editorial min\u00fascula\",\"url\":\"https:\\\/\\\/www.editorialminuscula.com\\\/\",\"logo\":{\"@type\":\"ImageObject\",\"inLanguage\":\"ca\",\"@id\":\"https:\\\/\\\/www.editorialminuscula.com\\\/#\\\/schema\\\/logo\\\/image\\\/\",\"url\":\"\",\"contentUrl\":\"\",\"caption\":\"Editorial min\u00fascula\"},\"image\":{\"@id\":\"https:\\\/\\\/www.editorialminuscula.com\\\/#\\\/schema\\\/logo\\\/image\\\/\"},\"sameAs\":[\"https:\\\/\\\/www.instagram.com\\\/reemocioart\\\/\"]}]}<\/script>\n<!-- \/ Yoast SEO plugin. -->","yoast_head_json":{"title":"Material rodante - editorial min\u00fascula","robots":{"index":"index","follow":"follow","max-snippet":"max-snippet:-1","max-image-preview":"max-image-preview:large","max-video-preview":"max-video-preview:-1"},"canonical":"https:\/\/www.editorialminuscula.com\/libro\/material-rodante\/","og_locale":"ca_ES","og_type":"article","og_title":"Material rodante - editorial min\u00fascula","og_description":"Gonzalo Maier978-84-943539-3-29788494353932","og_url":"https:\/\/www.editorialminuscula.com\/libro\/material-rodante\/","og_site_name":"editorial min\u00fascula","article_modified_time":"2025-06-16T12:13:27+00:00","og_image":[{"width":709,"height":975,"url":"https:\/\/www.editorialminuscula.com\/wp-content\/uploads\/paisajes-narrados-058-material-rodante.jpg","type":"image\/jpeg"}],"twitter_card":"summary_large_image","twitter_misc":{"Temps estimat de lectura":"1 minut"},"schema":{"@context":"https:\/\/schema.org","@graph":[{"@type":"WebPage","@id":"https:\/\/www.editorialminuscula.com\/libro\/material-rodante\/","url":"https:\/\/www.editorialminuscula.com\/libro\/material-rodante\/","name":"Material rodante - editorial min\u00fascula","isPartOf":{"@id":"https:\/\/www.editorialminuscula.com\/#website"},"primaryImageOfPage":{"@id":"https:\/\/www.editorialminuscula.com\/libro\/material-rodante\/#primaryimage"},"image":{"@id":"https:\/\/www.editorialminuscula.com\/libro\/material-rodante\/#primaryimage"},"thumbnailUrl":"https:\/\/www.editorialminuscula.com\/wp-content\/uploads\/paisajes-narrados-058-material-rodante.jpg","datePublished":"2024-07-18T16:51:09+00:00","dateModified":"2025-06-16T12:13:27+00:00","breadcrumb":{"@id":"https:\/\/www.editorialminuscula.com\/libro\/material-rodante\/#breadcrumb"},"inLanguage":"ca","potentialAction":[{"@type":"ReadAction","target":["https:\/\/www.editorialminuscula.com\/libro\/material-rodante\/"]}]},{"@type":"ImageObject","inLanguage":"ca","@id":"https:\/\/www.editorialminuscula.com\/libro\/material-rodante\/#primaryimage","url":"https:\/\/www.editorialminuscula.com\/wp-content\/uploads\/paisajes-narrados-058-material-rodante.jpg","contentUrl":"https:\/\/www.editorialminuscula.com\/wp-content\/uploads\/paisajes-narrados-058-material-rodante.jpg","width":709,"height":975,"caption":"Portada Material rodante"},{"@type":"BreadcrumbList","@id":"https:\/\/www.editorialminuscula.com\/libro\/material-rodante\/#breadcrumb","itemListElement":[{"@type":"ListItem","position":1,"name":"Portada","item":"https:\/\/www.editorialminuscula.com\/ca\/"},{"@type":"ListItem","position":2,"name":"Cat\u00e0leg","item":"https:\/\/www.editorialminuscula.com\/ca\/cataleg\/"},{"@type":"ListItem","position":3,"name":"Material rodante"}]},{"@type":"WebSite","@id":"https:\/\/www.editorialminuscula.com\/#website","url":"https:\/\/www.editorialminuscula.com\/","name":"editorial min\u00fascula","description":"","publisher":{"@id":"https:\/\/www.editorialminuscula.com\/#organization"},"alternateName":"Velas naturales","potentialAction":[{"@type":"SearchAction","target":{"@type":"EntryPoint","urlTemplate":"https:\/\/www.editorialminuscula.com\/?s={search_term_string}"},"query-input":{"@type":"PropertyValueSpecification","valueRequired":true,"valueName":"search_term_string"}}],"inLanguage":"ca"},{"@type":"Organization","@id":"https:\/\/www.editorialminuscula.com\/#organization","name":"Editorial min\u00fascula","alternateName":"Editorial min\u00fascula","url":"https:\/\/www.editorialminuscula.com\/","logo":{"@type":"ImageObject","inLanguage":"ca","@id":"https:\/\/www.editorialminuscula.com\/#\/schema\/logo\/image\/","url":"","contentUrl":"","caption":"Editorial min\u00fascula"},"image":{"@id":"https:\/\/www.editorialminuscula.com\/#\/schema\/logo\/image\/"},"sameAs":["https:\/\/www.instagram.com\/reemocioart\/"]}]}},"_links":{"self":[{"href":"https:\/\/www.editorialminuscula.com\/ca\/wp-json\/wp\/v2\/product\/3157","targetHints":{"allow":["GET"]}}],"collection":[{"href":"https:\/\/www.editorialminuscula.com\/ca\/wp-json\/wp\/v2\/product"}],"about":[{"href":"https:\/\/www.editorialminuscula.com\/ca\/wp-json\/wp\/v2\/types\/product"}],"acf:post":[{"embeddable":true,"href":"https:\/\/www.editorialminuscula.com\/ca\/wp-json\/wp\/v2\/autor\/2226"}],"wp:featuredmedia":[{"embeddable":true,"href":"https:\/\/www.editorialminuscula.com\/ca\/wp-json\/wp\/v2\/media\/2683"}],"wp:attachment":[{"href":"https:\/\/www.editorialminuscula.com\/ca\/wp-json\/wp\/v2\/media?parent=3157"}],"wp:term":[{"taxonomy":"product_brand","embeddable":true,"href":"https:\/\/www.editorialminuscula.com\/ca\/wp-json\/wp\/v2\/product_brand?post=3157"},{"taxonomy":"product_cat","embeddable":true,"href":"https:\/\/www.editorialminuscula.com\/ca\/wp-json\/wp\/v2\/product_cat?post=3157"},{"taxonomy":"product_tag","embeddable":true,"href":"https:\/\/www.editorialminuscula.com\/ca\/wp-json\/wp\/v2\/product_tag?post=3157"}],"curies":[{"name":"wp","href":"https:\/\/api.w.org\/{rel}","templated":true}]}}