{"id":3120,"date":"2024-07-18T18:50:56","date_gmt":"2024-07-18T16:50:56","guid":{"rendered":"http:\/\/editorialminuscula.com.mialias.net\/book\/viaje-a-rusia\/"},"modified":"2024-09-20T18:31:02","modified_gmt":"2024-09-20T16:31:02","slug":"viaje-a-rusia","status":"publish","type":"product","link":"https:\/\/www.editorialminuscula.com\/ca\/libro\/viaje-a-rusia\/","title":{"rendered":"Viaje a Rusia"},"content":{"rendered":"<p>En 1926 el\u00a0<em>Frankfurter Zeitung<\/em> propuso a Joseph Roth ir a la Uni\u00f3n Sovi\u00e9tica y relatar su experiencia. Roth acept\u00f3 de buen grado el encargo puesto que el periplo que estaba a punto de emprender representaba la ocasi\u00f3n para conocer de cerca un pa\u00eds por el que siempre se hab\u00eda sentido atra\u00eddo y que, tras la revoluci\u00f3n, suscitaba tambi\u00e9n el inter\u00e9s de la mayor\u00eda de intelectuales europeos. Tras prepararse intensamente para el m\u00e1s largo de sus viajes como reportero, Roth parti\u00f3 al t\u00e9rmino del verano. Curioso, atento, avisado testimonio, visit\u00f3 las grandes ciudades, sigui\u00f3 el curso del Volga y lleg\u00f3 hasta el mar Caspio. Los textos aqu\u00ed reunidos son sagaces y apasionados, reflejo fiel de sus impresiones. Este libro, adem\u00e1s, marca un momento importante en la evoluci\u00f3n personal y pol\u00edtica de Roth. Tal como \u00e9l mismo afirm\u00f3 en una carta que envi\u00f3 desde Odesa: \u00abEs una suerte que haya emprendido este viaje, de otra forma no me habr\u00eda conocido jam\u00e1s.\u00bb<\/p>\n","protected":false},"excerpt":{"rendered":"<p>Joseph Roth<br \/>978-84-95587-37-4<br \/>9788495587374<\/p>\n","protected":false},"featured_media":2569,"template":"","meta":{"_acf_changed":false,"_monsterinsights_skip_tracking":false,"_monsterinsights_sitenote_active":false,"_monsterinsights_sitenote_note":"","_monsterinsights_sitenote_category":0},"product_brand":[],"product_cat":[15],"product_tag":[],"class_list":{"0":"post-3120","1":"product","2":"type-product","3":"status-publish","4":"has-post-thumbnail","6":"coleccion-paisajes-narrados","7":"product_cat-sin-categorizar","9":"first","10":"instock","11":"taxable","12":"shipping-taxable","13":"purchasable","14":"product-type-simple"},"acf":{"subtitulo":"","isbn":"978-84-95587-37-4","paginas":235,"coleccion-num":21,"idioma":["de"],"primera_edicion":2008,"reimpresion_texto":1,"reimpresion_ano":2017,"ultima_edicion_es":"","ultima_edicion_ca":"","ultima_edicion_en":"","ultima_edicion_ano":"","agotado":false,"descatalogado":false,"encuadernacion":"rsl","formato":"12 x 16,5 cm","premios":"","aparador":false,"destacado":false,"aparador_orden":"","destacado_orden":"","autor":[2255],"traductor":[3032],"editor":[3006],"presentador":"","prologuista":"","posfacio":[3006],"notas":"","fragmento":"","resenas":"","tienda_compra_1":"Todos tus libros","enlace_compra_1":"https:\/\/www.todostuslibros.com\/isbn\/9788495587374","tienda_compra_2":"","enlace_compra_2":"","tienda_compra_3":"","enlace_compra_3":"","tienda_compra_4":"","enlace_compra_4":"","tienda_compra_5":"","enlace_compra_5":""},"yoast_head":"<!-- This site is optimized with the Yoast SEO plugin v27.5 - https:\/\/yoast.com\/product\/yoast-seo-wordpress\/ -->\n<title>Viaje a Rusia - editorial min\u00fascula<\/title>\n<meta name=\"robots\" content=\"index, follow, max-snippet:-1, max-image-preview:large, max-video-preview:-1\" \/>\n<link rel=\"canonical\" href=\"https:\/\/www.editorialminuscula.com\/libro\/viaje-a-rusia\/\" \/>\n<meta property=\"og:locale\" content=\"ca_ES\" \/>\n<meta property=\"og:type\" content=\"article\" \/>\n<meta property=\"og:title\" content=\"Viaje a Rusia - editorial min\u00fascula\" \/>\n<meta property=\"og:description\" content=\"Joseph Roth978-84-95587-37-49788495587374\" \/>\n<meta property=\"og:url\" content=\"https:\/\/www.editorialminuscula.com\/libro\/viaje-a-rusia\/\" \/>\n<meta property=\"og:site_name\" content=\"editorial min\u00fascula\" \/>\n<meta property=\"article:modified_time\" content=\"2024-09-20T16:31:02+00:00\" \/>\n<meta property=\"og:image\" content=\"https:\/\/www.editorialminuscula.com\/wp-content\/uploads\/paisajes-narrados-021-viaje-a-rusia.jpg\" \/>\n\t<meta property=\"og:image:width\" content=\"727\" \/>\n\t<meta property=\"og:image:height\" content=\"1000\" \/>\n\t<meta property=\"og:image:type\" content=\"image\/jpeg\" \/>\n<meta name=\"twitter:card\" content=\"summary_large_image\" \/>\n<meta name=\"twitter:label1\" content=\"Temps estimat de lectura\" \/>\n\t<meta name=\"twitter:data1\" content=\"2 minuts\" \/>\n<script type=\"application\/ld+json\" class=\"yoast-schema-graph\">{\"@context\":\"https:\\\/\\\/schema.org\",\"@graph\":[{\"@type\":\"WebPage\",\"@id\":\"https:\\\/\\\/www.editorialminuscula.com\\\/libro\\\/viaje-a-rusia\\\/\",\"url\":\"https:\\\/\\\/www.editorialminuscula.com\\\/libro\\\/viaje-a-rusia\\\/\",\"name\":\"Viaje a Rusia - editorial min\u00fascula\",\"isPartOf\":{\"@id\":\"https:\\\/\\\/www.editorialminuscula.com\\\/#website\"},\"primaryImageOfPage\":{\"@id\":\"https:\\\/\\\/www.editorialminuscula.com\\\/libro\\\/viaje-a-rusia\\\/#primaryimage\"},\"image\":{\"@id\":\"https:\\\/\\\/www.editorialminuscula.com\\\/libro\\\/viaje-a-rusia\\\/#primaryimage\"},\"thumbnailUrl\":\"https:\\\/\\\/www.editorialminuscula.com\\\/wp-content\\\/uploads\\\/paisajes-narrados-021-viaje-a-rusia.jpg\",\"datePublished\":\"2024-07-18T16:50:56+00:00\",\"dateModified\":\"2024-09-20T16:31:02+00:00\",\"breadcrumb\":{\"@id\":\"https:\\\/\\\/www.editorialminuscula.com\\\/libro\\\/viaje-a-rusia\\\/#breadcrumb\"},\"inLanguage\":\"ca\",\"potentialAction\":[{\"@type\":\"ReadAction\",\"target\":[\"https:\\\/\\\/www.editorialminuscula.com\\\/libro\\\/viaje-a-rusia\\\/\"]}]},{\"@type\":\"ImageObject\",\"inLanguage\":\"ca\",\"@id\":\"https:\\\/\\\/www.editorialminuscula.com\\\/libro\\\/viaje-a-rusia\\\/#primaryimage\",\"url\":\"https:\\\/\\\/www.editorialminuscula.com\\\/wp-content\\\/uploads\\\/paisajes-narrados-021-viaje-a-rusia.jpg\",\"contentUrl\":\"https:\\\/\\\/www.editorialminuscula.com\\\/wp-content\\\/uploads\\\/paisajes-narrados-021-viaje-a-rusia.jpg\",\"width\":727,\"height\":1000,\"caption\":\"Portada Viaje a Rusia\"},{\"@type\":\"BreadcrumbList\",\"@id\":\"https:\\\/\\\/www.editorialminuscula.com\\\/libro\\\/viaje-a-rusia\\\/#breadcrumb\",\"itemListElement\":[{\"@type\":\"ListItem\",\"position\":1,\"name\":\"Portada\",\"item\":\"https:\\\/\\\/www.editorialminuscula.com\\\/ca\\\/\"},{\"@type\":\"ListItem\",\"position\":2,\"name\":\"Cat\u00e0leg\",\"item\":\"https:\\\/\\\/www.editorialminuscula.com\\\/ca\\\/cataleg\\\/\"},{\"@type\":\"ListItem\",\"position\":3,\"name\":\"Viaje a Rusia\"}]},{\"@type\":\"WebSite\",\"@id\":\"https:\\\/\\\/www.editorialminuscula.com\\\/#website\",\"url\":\"https:\\\/\\\/www.editorialminuscula.com\\\/\",\"name\":\"editorial min\u00fascula\",\"description\":\"\",\"publisher\":{\"@id\":\"https:\\\/\\\/www.editorialminuscula.com\\\/#organization\"},\"alternateName\":\"Velas naturales\",\"potentialAction\":[{\"@type\":\"SearchAction\",\"target\":{\"@type\":\"EntryPoint\",\"urlTemplate\":\"https:\\\/\\\/www.editorialminuscula.com\\\/?s={search_term_string}\"},\"query-input\":{\"@type\":\"PropertyValueSpecification\",\"valueRequired\":true,\"valueName\":\"search_term_string\"}}],\"inLanguage\":\"ca\"},{\"@type\":\"Organization\",\"@id\":\"https:\\\/\\\/www.editorialminuscula.com\\\/#organization\",\"name\":\"Editorial min\u00fascula\",\"alternateName\":\"Editorial min\u00fascula\",\"url\":\"https:\\\/\\\/www.editorialminuscula.com\\\/\",\"logo\":{\"@type\":\"ImageObject\",\"inLanguage\":\"ca\",\"@id\":\"https:\\\/\\\/www.editorialminuscula.com\\\/#\\\/schema\\\/logo\\\/image\\\/\",\"url\":\"\",\"contentUrl\":\"\",\"caption\":\"Editorial min\u00fascula\"},\"image\":{\"@id\":\"https:\\\/\\\/www.editorialminuscula.com\\\/#\\\/schema\\\/logo\\\/image\\\/\"},\"sameAs\":[\"https:\\\/\\\/www.instagram.com\\\/reemocioart\\\/\"]}]}<\/script>\n<!-- \/ Yoast SEO plugin. -->","yoast_head_json":{"title":"Viaje a Rusia - editorial min\u00fascula","robots":{"index":"index","follow":"follow","max-snippet":"max-snippet:-1","max-image-preview":"max-image-preview:large","max-video-preview":"max-video-preview:-1"},"canonical":"https:\/\/www.editorialminuscula.com\/libro\/viaje-a-rusia\/","og_locale":"ca_ES","og_type":"article","og_title":"Viaje a Rusia - editorial min\u00fascula","og_description":"Joseph Roth978-84-95587-37-49788495587374","og_url":"https:\/\/www.editorialminuscula.com\/libro\/viaje-a-rusia\/","og_site_name":"editorial min\u00fascula","article_modified_time":"2024-09-20T16:31:02+00:00","og_image":[{"width":727,"height":1000,"url":"https:\/\/www.editorialminuscula.com\/wp-content\/uploads\/paisajes-narrados-021-viaje-a-rusia.jpg","type":"image\/jpeg"}],"twitter_card":"summary_large_image","twitter_misc":{"Temps estimat de lectura":"2 minuts"},"schema":{"@context":"https:\/\/schema.org","@graph":[{"@type":"WebPage","@id":"https:\/\/www.editorialminuscula.com\/libro\/viaje-a-rusia\/","url":"https:\/\/www.editorialminuscula.com\/libro\/viaje-a-rusia\/","name":"Viaje a Rusia - editorial min\u00fascula","isPartOf":{"@id":"https:\/\/www.editorialminuscula.com\/#website"},"primaryImageOfPage":{"@id":"https:\/\/www.editorialminuscula.com\/libro\/viaje-a-rusia\/#primaryimage"},"image":{"@id":"https:\/\/www.editorialminuscula.com\/libro\/viaje-a-rusia\/#primaryimage"},"thumbnailUrl":"https:\/\/www.editorialminuscula.com\/wp-content\/uploads\/paisajes-narrados-021-viaje-a-rusia.jpg","datePublished":"2024-07-18T16:50:56+00:00","dateModified":"2024-09-20T16:31:02+00:00","breadcrumb":{"@id":"https:\/\/www.editorialminuscula.com\/libro\/viaje-a-rusia\/#breadcrumb"},"inLanguage":"ca","potentialAction":[{"@type":"ReadAction","target":["https:\/\/www.editorialminuscula.com\/libro\/viaje-a-rusia\/"]}]},{"@type":"ImageObject","inLanguage":"ca","@id":"https:\/\/www.editorialminuscula.com\/libro\/viaje-a-rusia\/#primaryimage","url":"https:\/\/www.editorialminuscula.com\/wp-content\/uploads\/paisajes-narrados-021-viaje-a-rusia.jpg","contentUrl":"https:\/\/www.editorialminuscula.com\/wp-content\/uploads\/paisajes-narrados-021-viaje-a-rusia.jpg","width":727,"height":1000,"caption":"Portada Viaje a Rusia"},{"@type":"BreadcrumbList","@id":"https:\/\/www.editorialminuscula.com\/libro\/viaje-a-rusia\/#breadcrumb","itemListElement":[{"@type":"ListItem","position":1,"name":"Portada","item":"https:\/\/www.editorialminuscula.com\/ca\/"},{"@type":"ListItem","position":2,"name":"Cat\u00e0leg","item":"https:\/\/www.editorialminuscula.com\/ca\/cataleg\/"},{"@type":"ListItem","position":3,"name":"Viaje a Rusia"}]},{"@type":"WebSite","@id":"https:\/\/www.editorialminuscula.com\/#website","url":"https:\/\/www.editorialminuscula.com\/","name":"editorial min\u00fascula","description":"","publisher":{"@id":"https:\/\/www.editorialminuscula.com\/#organization"},"alternateName":"Velas naturales","potentialAction":[{"@type":"SearchAction","target":{"@type":"EntryPoint","urlTemplate":"https:\/\/www.editorialminuscula.com\/?s={search_term_string}"},"query-input":{"@type":"PropertyValueSpecification","valueRequired":true,"valueName":"search_term_string"}}],"inLanguage":"ca"},{"@type":"Organization","@id":"https:\/\/www.editorialminuscula.com\/#organization","name":"Editorial min\u00fascula","alternateName":"Editorial min\u00fascula","url":"https:\/\/www.editorialminuscula.com\/","logo":{"@type":"ImageObject","inLanguage":"ca","@id":"https:\/\/www.editorialminuscula.com\/#\/schema\/logo\/image\/","url":"","contentUrl":"","caption":"Editorial min\u00fascula"},"image":{"@id":"https:\/\/www.editorialminuscula.com\/#\/schema\/logo\/image\/"},"sameAs":["https:\/\/www.instagram.com\/reemocioart\/"]}]}},"_links":{"self":[{"href":"https:\/\/www.editorialminuscula.com\/ca\/wp-json\/wp\/v2\/product\/3120","targetHints":{"allow":["GET"]}}],"collection":[{"href":"https:\/\/www.editorialminuscula.com\/ca\/wp-json\/wp\/v2\/product"}],"about":[{"href":"https:\/\/www.editorialminuscula.com\/ca\/wp-json\/wp\/v2\/types\/product"}],"acf:post":[{"embeddable":true,"href":"https:\/\/www.editorialminuscula.com\/ca\/wp-json\/wp\/v2\/autor\/3006"},{"embeddable":true,"href":"https:\/\/www.editorialminuscula.com\/ca\/wp-json\/wp\/v2\/autor\/3032"},{"embeddable":true,"href":"https:\/\/www.editorialminuscula.com\/ca\/wp-json\/wp\/v2\/autor\/2255"}],"wp:featuredmedia":[{"embeddable":true,"href":"https:\/\/www.editorialminuscula.com\/ca\/wp-json\/wp\/v2\/media\/2569"}],"wp:attachment":[{"href":"https:\/\/www.editorialminuscula.com\/ca\/wp-json\/wp\/v2\/media?parent=3120"}],"wp:term":[{"taxonomy":"product_brand","embeddable":true,"href":"https:\/\/www.editorialminuscula.com\/ca\/wp-json\/wp\/v2\/product_brand?post=3120"},{"taxonomy":"product_cat","embeddable":true,"href":"https:\/\/www.editorialminuscula.com\/ca\/wp-json\/wp\/v2\/product_cat?post=3120"},{"taxonomy":"product_tag","embeddable":true,"href":"https:\/\/www.editorialminuscula.com\/ca\/wp-json\/wp\/v2\/product_tag?post=3120"}],"curies":[{"name":"wp","href":"https:\/\/api.w.org\/{rel}","templated":true}]}}