{"id":3115,"date":"2024-07-18T18:50:50","date_gmt":"2024-07-18T16:50:50","guid":{"rendered":"http:\/\/editorialminuscula.com.mialias.net\/book\/cronicas-berlinesas\/"},"modified":"2025-10-30T14:29:00","modified_gmt":"2025-10-30T13:29:00","slug":"cronicas-berlinesas","status":"publish","type":"product","link":"https:\/\/www.editorialminuscula.com\/ca\/libro\/cronicas-berlinesas\/","title":{"rendered":"Cr\u00f3nicas berlinesas"},"content":{"rendered":"<p>Este volumen re\u00fane una selecci\u00f3n de los art\u00edculos que Joseph Roth dedic\u00f3 al Berl\u00edn de los a\u00f1os veinte. En ellos el novelista y periodista recrea con mano maestra la peculiar atm\u00f3sfera que reinaba en la capital alemana durante la Rep\u00fablica de Weimar. Ning\u00fan ambiente de la ciudad le es ajeno, se interesa tanto por los grandes almacenes, los parques p\u00fablicos y la naciente industria del espect\u00e1culo como por los medios de transporte, los barrios pobres en los que viv\u00edan los inmigrantes jud\u00edos, los ba\u00f1os turcos y los garitos frecuentados por delincuentes de medio pelo. \u00abYo dibujo el rostro del tiempo\u00bb, afirm\u00f3 en una ocasi\u00f3n refiri\u00e9ndose a su cometido como reportero. Nada m\u00e1s cierto: de la lectura de estos textos, en su gran mayor\u00eda in\u00e9ditos en castellano, escritos entre 1920 y 1933 y publicados en distintos peri\u00f3dicos, emerge el poderoso retrato de una metr\u00f3poli inquieta y deslumbrante en uno de los momentos m\u00e1s cr\u00edticos de su historia.<\/p>\n","protected":false},"excerpt":{"rendered":"<p>Joseph Roth<br \/>978-84-95587-29-9<br \/>9788495587299<\/p>\n","protected":false},"featured_media":2554,"template":"","meta":{"_acf_changed":false,"_monsterinsights_skip_tracking":false,"_monsterinsights_sitenote_active":false,"_monsterinsights_sitenote_note":"","_monsterinsights_sitenote_category":0},"product_brand":[],"product_cat":[15],"product_tag":[],"class_list":{"0":"post-3115","1":"product","2":"type-product","3":"status-publish","4":"has-post-thumbnail","6":"coleccion-paisajes-narrados","7":"product_cat-sin-categorizar","9":"first","10":"instock","11":"taxable","12":"shipping-taxable","13":"purchasable","14":"product-type-simple"},"acf":{"subtitulo":"","isbn":"978-84-95587-29-9","paginas":291,"coleccion-num":16,"idioma":["de"],"primera_edicion":2006,"reimpresion_texto":3,"reimpresion_ano":2017,"ultima_edicion_es":"","ultima_edicion_ca":"","ultima_edicion_en":"","ultima_edicion_ano":"","agotado":false,"descatalogado":false,"encuadernacion":"rsl","formato":"12 x 16,5 cm","premios":"","aparador":false,"destacado":true,"aparador_orden":"","destacado_orden":-2,"autor":[2255],"traductor":[3004],"editor":[3022],"presentador":"","prologuista":"","posfacio":[3022],"notas":[3022],"fragmento":"","resenas":"\u00abUn libro exquisito.\u00bb\r\nRobert Saladrigas, <em>La Vanguardia<\/em>\r\n\r\n\u00abUn Roth sat\u00edrico de letra menuda, mirada afilada y sobrada retranca. Espl\u00e9ndido.\u00bb\r\nJavier Aparicio, <em>Letras Libres<\/em>\r\n\r\n\u00abUn delicioso atisbo de la producci\u00f3n del genial reportero del asfalto.\u00bb\r\nL. F. Moreno Claros,<em> Babelia<\/em>,<em> El Pa\u00eds<\/em>","tienda_compra_1":"Todos tus libros","enlace_compra_1":"https:\/\/www.todostuslibros.com\/isbn\/9788495587299","tienda_compra_2":"","enlace_compra_2":"","tienda_compra_3":"","enlace_compra_3":"","tienda_compra_4":"","enlace_compra_4":"","tienda_compra_5":"","enlace_compra_5":""},"yoast_head":"<!-- This site is optimized with the Yoast SEO plugin v27.5 - https:\/\/yoast.com\/product\/yoast-seo-wordpress\/ -->\n<title>Cr\u00f3nicas berlinesas - editorial min\u00fascula<\/title>\n<meta name=\"robots\" content=\"index, follow, max-snippet:-1, max-image-preview:large, max-video-preview:-1\" \/>\n<link rel=\"canonical\" href=\"https:\/\/www.editorialminuscula.com\/libro\/cronicas-berlinesas\/\" \/>\n<meta property=\"og:locale\" content=\"ca_ES\" \/>\n<meta property=\"og:type\" content=\"article\" \/>\n<meta property=\"og:title\" content=\"Cr\u00f3nicas berlinesas - editorial min\u00fascula\" \/>\n<meta property=\"og:description\" content=\"Joseph Roth978-84-95587-29-99788495587299\" \/>\n<meta property=\"og:url\" content=\"https:\/\/www.editorialminuscula.com\/libro\/cronicas-berlinesas\/\" \/>\n<meta property=\"og:site_name\" content=\"editorial min\u00fascula\" \/>\n<meta property=\"article:modified_time\" content=\"2025-10-30T13:29:00+00:00\" \/>\n<meta property=\"og:image\" content=\"https:\/\/www.editorialminuscula.com\/wp-content\/uploads\/paisajes-narrados-016-cronicas-berlinesas.jpg\" \/>\n\t<meta property=\"og:image:width\" content=\"727\" \/>\n\t<meta property=\"og:image:height\" content=\"1000\" \/>\n\t<meta property=\"og:image:type\" content=\"image\/jpeg\" \/>\n<meta name=\"twitter:card\" content=\"summary_large_image\" \/>\n<meta name=\"twitter:label1\" content=\"Temps estimat de lectura\" \/>\n\t<meta name=\"twitter:data1\" content=\"2 minuts\" \/>\n<script type=\"application\/ld+json\" class=\"yoast-schema-graph\">{\"@context\":\"https:\\\/\\\/schema.org\",\"@graph\":[{\"@type\":\"WebPage\",\"@id\":\"https:\\\/\\\/www.editorialminuscula.com\\\/libro\\\/cronicas-berlinesas\\\/\",\"url\":\"https:\\\/\\\/www.editorialminuscula.com\\\/libro\\\/cronicas-berlinesas\\\/\",\"name\":\"Cr\u00f3nicas berlinesas - editorial min\u00fascula\",\"isPartOf\":{\"@id\":\"https:\\\/\\\/www.editorialminuscula.com\\\/#website\"},\"primaryImageOfPage\":{\"@id\":\"https:\\\/\\\/www.editorialminuscula.com\\\/libro\\\/cronicas-berlinesas\\\/#primaryimage\"},\"image\":{\"@id\":\"https:\\\/\\\/www.editorialminuscula.com\\\/libro\\\/cronicas-berlinesas\\\/#primaryimage\"},\"thumbnailUrl\":\"https:\\\/\\\/www.editorialminuscula.com\\\/wp-content\\\/uploads\\\/paisajes-narrados-016-cronicas-berlinesas.jpg\",\"datePublished\":\"2024-07-18T16:50:50+00:00\",\"dateModified\":\"2025-10-30T13:29:00+00:00\",\"breadcrumb\":{\"@id\":\"https:\\\/\\\/www.editorialminuscula.com\\\/libro\\\/cronicas-berlinesas\\\/#breadcrumb\"},\"inLanguage\":\"ca\",\"potentialAction\":[{\"@type\":\"ReadAction\",\"target\":[\"https:\\\/\\\/www.editorialminuscula.com\\\/libro\\\/cronicas-berlinesas\\\/\"]}]},{\"@type\":\"ImageObject\",\"inLanguage\":\"ca\",\"@id\":\"https:\\\/\\\/www.editorialminuscula.com\\\/libro\\\/cronicas-berlinesas\\\/#primaryimage\",\"url\":\"https:\\\/\\\/www.editorialminuscula.com\\\/wp-content\\\/uploads\\\/paisajes-narrados-016-cronicas-berlinesas.jpg\",\"contentUrl\":\"https:\\\/\\\/www.editorialminuscula.com\\\/wp-content\\\/uploads\\\/paisajes-narrados-016-cronicas-berlinesas.jpg\",\"width\":727,\"height\":1000,\"caption\":\"Portada Cr\u00f3nicas berlinesas\"},{\"@type\":\"BreadcrumbList\",\"@id\":\"https:\\\/\\\/www.editorialminuscula.com\\\/libro\\\/cronicas-berlinesas\\\/#breadcrumb\",\"itemListElement\":[{\"@type\":\"ListItem\",\"position\":1,\"name\":\"Portada\",\"item\":\"https:\\\/\\\/www.editorialminuscula.com\\\/ca\\\/\"},{\"@type\":\"ListItem\",\"position\":2,\"name\":\"Cat\u00e0leg\",\"item\":\"https:\\\/\\\/www.editorialminuscula.com\\\/ca\\\/cataleg\\\/\"},{\"@type\":\"ListItem\",\"position\":3,\"name\":\"Cr\u00f3nicas berlinesas\"}]},{\"@type\":\"WebSite\",\"@id\":\"https:\\\/\\\/www.editorialminuscula.com\\\/#website\",\"url\":\"https:\\\/\\\/www.editorialminuscula.com\\\/\",\"name\":\"editorial min\u00fascula\",\"description\":\"\",\"publisher\":{\"@id\":\"https:\\\/\\\/www.editorialminuscula.com\\\/#organization\"},\"alternateName\":\"Velas naturales\",\"potentialAction\":[{\"@type\":\"SearchAction\",\"target\":{\"@type\":\"EntryPoint\",\"urlTemplate\":\"https:\\\/\\\/www.editorialminuscula.com\\\/?s={search_term_string}\"},\"query-input\":{\"@type\":\"PropertyValueSpecification\",\"valueRequired\":true,\"valueName\":\"search_term_string\"}}],\"inLanguage\":\"ca\"},{\"@type\":\"Organization\",\"@id\":\"https:\\\/\\\/www.editorialminuscula.com\\\/#organization\",\"name\":\"Editorial min\u00fascula\",\"alternateName\":\"Editorial min\u00fascula\",\"url\":\"https:\\\/\\\/www.editorialminuscula.com\\\/\",\"logo\":{\"@type\":\"ImageObject\",\"inLanguage\":\"ca\",\"@id\":\"https:\\\/\\\/www.editorialminuscula.com\\\/#\\\/schema\\\/logo\\\/image\\\/\",\"url\":\"\",\"contentUrl\":\"\",\"caption\":\"Editorial min\u00fascula\"},\"image\":{\"@id\":\"https:\\\/\\\/www.editorialminuscula.com\\\/#\\\/schema\\\/logo\\\/image\\\/\"},\"sameAs\":[\"https:\\\/\\\/www.instagram.com\\\/reemocioart\\\/\"]}]}<\/script>\n<!-- \/ Yoast SEO plugin. -->","yoast_head_json":{"title":"Cr\u00f3nicas berlinesas - editorial min\u00fascula","robots":{"index":"index","follow":"follow","max-snippet":"max-snippet:-1","max-image-preview":"max-image-preview:large","max-video-preview":"max-video-preview:-1"},"canonical":"https:\/\/www.editorialminuscula.com\/libro\/cronicas-berlinesas\/","og_locale":"ca_ES","og_type":"article","og_title":"Cr\u00f3nicas berlinesas - editorial min\u00fascula","og_description":"Joseph Roth978-84-95587-29-99788495587299","og_url":"https:\/\/www.editorialminuscula.com\/libro\/cronicas-berlinesas\/","og_site_name":"editorial min\u00fascula","article_modified_time":"2025-10-30T13:29:00+00:00","og_image":[{"width":727,"height":1000,"url":"https:\/\/www.editorialminuscula.com\/wp-content\/uploads\/paisajes-narrados-016-cronicas-berlinesas.jpg","type":"image\/jpeg"}],"twitter_card":"summary_large_image","twitter_misc":{"Temps estimat de lectura":"2 minuts"},"schema":{"@context":"https:\/\/schema.org","@graph":[{"@type":"WebPage","@id":"https:\/\/www.editorialminuscula.com\/libro\/cronicas-berlinesas\/","url":"https:\/\/www.editorialminuscula.com\/libro\/cronicas-berlinesas\/","name":"Cr\u00f3nicas berlinesas - editorial min\u00fascula","isPartOf":{"@id":"https:\/\/www.editorialminuscula.com\/#website"},"primaryImageOfPage":{"@id":"https:\/\/www.editorialminuscula.com\/libro\/cronicas-berlinesas\/#primaryimage"},"image":{"@id":"https:\/\/www.editorialminuscula.com\/libro\/cronicas-berlinesas\/#primaryimage"},"thumbnailUrl":"https:\/\/www.editorialminuscula.com\/wp-content\/uploads\/paisajes-narrados-016-cronicas-berlinesas.jpg","datePublished":"2024-07-18T16:50:50+00:00","dateModified":"2025-10-30T13:29:00+00:00","breadcrumb":{"@id":"https:\/\/www.editorialminuscula.com\/libro\/cronicas-berlinesas\/#breadcrumb"},"inLanguage":"ca","potentialAction":[{"@type":"ReadAction","target":["https:\/\/www.editorialminuscula.com\/libro\/cronicas-berlinesas\/"]}]},{"@type":"ImageObject","inLanguage":"ca","@id":"https:\/\/www.editorialminuscula.com\/libro\/cronicas-berlinesas\/#primaryimage","url":"https:\/\/www.editorialminuscula.com\/wp-content\/uploads\/paisajes-narrados-016-cronicas-berlinesas.jpg","contentUrl":"https:\/\/www.editorialminuscula.com\/wp-content\/uploads\/paisajes-narrados-016-cronicas-berlinesas.jpg","width":727,"height":1000,"caption":"Portada Cr\u00f3nicas berlinesas"},{"@type":"BreadcrumbList","@id":"https:\/\/www.editorialminuscula.com\/libro\/cronicas-berlinesas\/#breadcrumb","itemListElement":[{"@type":"ListItem","position":1,"name":"Portada","item":"https:\/\/www.editorialminuscula.com\/ca\/"},{"@type":"ListItem","position":2,"name":"Cat\u00e0leg","item":"https:\/\/www.editorialminuscula.com\/ca\/cataleg\/"},{"@type":"ListItem","position":3,"name":"Cr\u00f3nicas berlinesas"}]},{"@type":"WebSite","@id":"https:\/\/www.editorialminuscula.com\/#website","url":"https:\/\/www.editorialminuscula.com\/","name":"editorial min\u00fascula","description":"","publisher":{"@id":"https:\/\/www.editorialminuscula.com\/#organization"},"alternateName":"Velas naturales","potentialAction":[{"@type":"SearchAction","target":{"@type":"EntryPoint","urlTemplate":"https:\/\/www.editorialminuscula.com\/?s={search_term_string}"},"query-input":{"@type":"PropertyValueSpecification","valueRequired":true,"valueName":"search_term_string"}}],"inLanguage":"ca"},{"@type":"Organization","@id":"https:\/\/www.editorialminuscula.com\/#organization","name":"Editorial min\u00fascula","alternateName":"Editorial min\u00fascula","url":"https:\/\/www.editorialminuscula.com\/","logo":{"@type":"ImageObject","inLanguage":"ca","@id":"https:\/\/www.editorialminuscula.com\/#\/schema\/logo\/image\/","url":"","contentUrl":"","caption":"Editorial min\u00fascula"},"image":{"@id":"https:\/\/www.editorialminuscula.com\/#\/schema\/logo\/image\/"},"sameAs":["https:\/\/www.instagram.com\/reemocioart\/"]}]}},"_links":{"self":[{"href":"https:\/\/www.editorialminuscula.com\/ca\/wp-json\/wp\/v2\/product\/3115","targetHints":{"allow":["GET"]}}],"collection":[{"href":"https:\/\/www.editorialminuscula.com\/ca\/wp-json\/wp\/v2\/product"}],"about":[{"href":"https:\/\/www.editorialminuscula.com\/ca\/wp-json\/wp\/v2\/types\/product"}],"acf:post":[{"embeddable":true,"href":"https:\/\/www.editorialminuscula.com\/ca\/wp-json\/wp\/v2\/autor\/3022"},{"embeddable":true,"href":"https:\/\/www.editorialminuscula.com\/ca\/wp-json\/wp\/v2\/autor\/3004"},{"embeddable":true,"href":"https:\/\/www.editorialminuscula.com\/ca\/wp-json\/wp\/v2\/autor\/2255"}],"wp:featuredmedia":[{"embeddable":true,"href":"https:\/\/www.editorialminuscula.com\/ca\/wp-json\/wp\/v2\/media\/2554"}],"wp:attachment":[{"href":"https:\/\/www.editorialminuscula.com\/ca\/wp-json\/wp\/v2\/media?parent=3115"}],"wp:term":[{"taxonomy":"product_brand","embeddable":true,"href":"https:\/\/www.editorialminuscula.com\/ca\/wp-json\/wp\/v2\/product_brand?post=3115"},{"taxonomy":"product_cat","embeddable":true,"href":"https:\/\/www.editorialminuscula.com\/ca\/wp-json\/wp\/v2\/product_cat?post=3115"},{"taxonomy":"product_tag","embeddable":true,"href":"https:\/\/www.editorialminuscula.com\/ca\/wp-json\/wp\/v2\/product_tag?post=3115"}],"curies":[{"name":"wp","href":"https:\/\/api.w.org\/{rel}","templated":true}]}}