{"id":3100,"date":"2024-07-18T18:50:50","date_gmt":"2024-07-18T16:50:50","guid":{"rendered":"http:\/\/editorialminuscula.com.mialias.net\/book\/las-ciudades-blancas\/"},"modified":"2024-09-23T10:02:01","modified_gmt":"2024-09-23T08:02:01","slug":"las-ciudades-blancas","status":"publish","type":"product","link":"https:\/\/www.editorialminuscula.com\/ca\/libro\/las-ciudades-blancas\/","title":{"rendered":"Las ciudades blancas"},"content":{"rendered":"<p>Lyon, Vienne, Tournon, Avi\u00f1\u00f3n, Les Baux, Nimes, Arles, Tarasc\u00f3n, Beaucaire y Marsella son las ciudades blancas de Joseph Roth. El libro es la cr\u00f3nica de la realizaci\u00f3n de un sue\u00f1o largamente acariciado, \u00aba los treinta a\u00f1os \u2014escribe el autor\u2014 pude ver por fin las ciudades blancas con las que so\u00f1ara de ni\u00f1o\u00bb. Pero es tambi\u00e9n mucho m\u00e1s que eso. Trat\u00e1ndose de Roth,\u00a0<em>Las ciudades blancas<\/em>\u00a0es un texto extra\u00f1amente optimista. Aunque la experiencia de la Gran Guerra extiende un velo de melancol\u00eda y desencanto sobre estas p\u00e1ginas, en ellas se nos ofrece una visi\u00f3n ut\u00f3pica del futuro de Europa. Viajando hacia atr\u00e1s en el tiempo, remont\u00e1ndose a los d\u00edas de esplendor de estas ciudades, Roth encontr\u00f3 la inspiraci\u00f3n para imaginar una convivencia integradora y pac\u00edfica entre los pueblos, las creencias y las personas.<\/p>\n","protected":false},"excerpt":{"rendered":"<p>Joseph Roth<br \/>978-84-941457-8-0<br \/>9788494145780<\/p>\n","protected":false},"featured_media":2509,"template":"","meta":{"_acf_changed":false,"_monsterinsights_skip_tracking":false,"_monsterinsights_sitenote_active":false,"_monsterinsights_sitenote_note":"","_monsterinsights_sitenote_category":0},"product_brand":[],"product_cat":[15],"product_tag":[],"class_list":{"0":"post-3100","1":"product","2":"type-product","3":"status-publish","4":"has-post-thumbnail","6":"coleccion-paisajes-narrados","7":"product_cat-sin-categorizar","9":"first","10":"instock","11":"taxable","12":"shipping-taxable","13":"purchasable","14":"product-type-simple"},"acf":{"subtitulo":"","isbn":"978-84-941457-8-0","paginas":103,"coleccion-num":1,"idioma":["de"],"primera_edicion":2000,"reimpresion_texto":3,"reimpresion_ano":2014,"ultima_edicion_es":"","ultima_edicion_ca":"","ultima_edicion_en":"","ultima_edicion_ano":"","agotado":false,"descatalogado":false,"encuadernacion":"rsl","formato":"12 x 16,5 cm","premios":"","aparador":false,"destacado":false,"aparador_orden":"","destacado_orden":"","autor":[2255],"traductor":[2942],"editor":"","presentador":"","prologuista":"","posfacio":"","notas":"","fragmento":"","resenas":"","tienda_compra_1":"Todos tus libros","enlace_compra_1":"https:\/\/www.todostuslibros.com\/isbn\/9788494145780","tienda_compra_2":"","enlace_compra_2":"","tienda_compra_3":"","enlace_compra_3":"","tienda_compra_4":"","enlace_compra_4":"","tienda_compra_5":"","enlace_compra_5":""},"yoast_head":"<!-- This site is optimized with the Yoast SEO plugin v27.5 - https:\/\/yoast.com\/product\/yoast-seo-wordpress\/ -->\n<title>Las ciudades blancas - editorial min\u00fascula<\/title>\n<meta name=\"robots\" content=\"index, follow, max-snippet:-1, max-image-preview:large, max-video-preview:-1\" \/>\n<link rel=\"canonical\" href=\"https:\/\/www.editorialminuscula.com\/libro\/las-ciudades-blancas\/\" \/>\n<meta property=\"og:locale\" content=\"ca_ES\" \/>\n<meta property=\"og:type\" content=\"article\" \/>\n<meta property=\"og:title\" content=\"Las ciudades blancas - editorial min\u00fascula\" \/>\n<meta property=\"og:description\" content=\"Joseph Roth978-84-941457-8-09788494145780\" \/>\n<meta property=\"og:url\" content=\"https:\/\/www.editorialminuscula.com\/libro\/las-ciudades-blancas\/\" \/>\n<meta property=\"og:site_name\" content=\"editorial min\u00fascula\" \/>\n<meta property=\"article:modified_time\" content=\"2024-09-23T08:02:01+00:00\" \/>\n<meta property=\"og:image\" content=\"https:\/\/www.editorialminuscula.com\/wp-content\/uploads\/paisajes-narrados-001-las-ciudades-blancas.jpg\" \/>\n\t<meta property=\"og:image:width\" content=\"727\" \/>\n\t<meta property=\"og:image:height\" content=\"1000\" \/>\n\t<meta property=\"og:image:type\" content=\"image\/jpeg\" \/>\n<meta name=\"twitter:card\" content=\"summary_large_image\" \/>\n<meta name=\"twitter:label1\" content=\"Temps estimat de lectura\" \/>\n\t<meta name=\"twitter:data1\" content=\"1 minut\" \/>\n<script type=\"application\/ld+json\" class=\"yoast-schema-graph\">{\"@context\":\"https:\\\/\\\/schema.org\",\"@graph\":[{\"@type\":\"WebPage\",\"@id\":\"https:\\\/\\\/www.editorialminuscula.com\\\/libro\\\/las-ciudades-blancas\\\/\",\"url\":\"https:\\\/\\\/www.editorialminuscula.com\\\/libro\\\/las-ciudades-blancas\\\/\",\"name\":\"Las ciudades blancas - editorial min\u00fascula\",\"isPartOf\":{\"@id\":\"https:\\\/\\\/www.editorialminuscula.com\\\/#website\"},\"primaryImageOfPage\":{\"@id\":\"https:\\\/\\\/www.editorialminuscula.com\\\/libro\\\/las-ciudades-blancas\\\/#primaryimage\"},\"image\":{\"@id\":\"https:\\\/\\\/www.editorialminuscula.com\\\/libro\\\/las-ciudades-blancas\\\/#primaryimage\"},\"thumbnailUrl\":\"https:\\\/\\\/www.editorialminuscula.com\\\/wp-content\\\/uploads\\\/paisajes-narrados-001-las-ciudades-blancas.jpg\",\"datePublished\":\"2024-07-18T16:50:50+00:00\",\"dateModified\":\"2024-09-23T08:02:01+00:00\",\"breadcrumb\":{\"@id\":\"https:\\\/\\\/www.editorialminuscula.com\\\/libro\\\/las-ciudades-blancas\\\/#breadcrumb\"},\"inLanguage\":\"ca\",\"potentialAction\":[{\"@type\":\"ReadAction\",\"target\":[\"https:\\\/\\\/www.editorialminuscula.com\\\/libro\\\/las-ciudades-blancas\\\/\"]}]},{\"@type\":\"ImageObject\",\"inLanguage\":\"ca\",\"@id\":\"https:\\\/\\\/www.editorialminuscula.com\\\/libro\\\/las-ciudades-blancas\\\/#primaryimage\",\"url\":\"https:\\\/\\\/www.editorialminuscula.com\\\/wp-content\\\/uploads\\\/paisajes-narrados-001-las-ciudades-blancas.jpg\",\"contentUrl\":\"https:\\\/\\\/www.editorialminuscula.com\\\/wp-content\\\/uploads\\\/paisajes-narrados-001-las-ciudades-blancas.jpg\",\"width\":727,\"height\":1000,\"caption\":\"Portada Las ciudades blancas\"},{\"@type\":\"BreadcrumbList\",\"@id\":\"https:\\\/\\\/www.editorialminuscula.com\\\/libro\\\/las-ciudades-blancas\\\/#breadcrumb\",\"itemListElement\":[{\"@type\":\"ListItem\",\"position\":1,\"name\":\"Portada\",\"item\":\"https:\\\/\\\/www.editorialminuscula.com\\\/ca\\\/\"},{\"@type\":\"ListItem\",\"position\":2,\"name\":\"Cat\u00e0leg\",\"item\":\"https:\\\/\\\/www.editorialminuscula.com\\\/ca\\\/cataleg\\\/\"},{\"@type\":\"ListItem\",\"position\":3,\"name\":\"Las ciudades blancas\"}]},{\"@type\":\"WebSite\",\"@id\":\"https:\\\/\\\/www.editorialminuscula.com\\\/#website\",\"url\":\"https:\\\/\\\/www.editorialminuscula.com\\\/\",\"name\":\"editorial min\u00fascula\",\"description\":\"\",\"publisher\":{\"@id\":\"https:\\\/\\\/www.editorialminuscula.com\\\/#organization\"},\"alternateName\":\"Velas naturales\",\"potentialAction\":[{\"@type\":\"SearchAction\",\"target\":{\"@type\":\"EntryPoint\",\"urlTemplate\":\"https:\\\/\\\/www.editorialminuscula.com\\\/?s={search_term_string}\"},\"query-input\":{\"@type\":\"PropertyValueSpecification\",\"valueRequired\":true,\"valueName\":\"search_term_string\"}}],\"inLanguage\":\"ca\"},{\"@type\":\"Organization\",\"@id\":\"https:\\\/\\\/www.editorialminuscula.com\\\/#organization\",\"name\":\"Editorial min\u00fascula\",\"alternateName\":\"Editorial min\u00fascula\",\"url\":\"https:\\\/\\\/www.editorialminuscula.com\\\/\",\"logo\":{\"@type\":\"ImageObject\",\"inLanguage\":\"ca\",\"@id\":\"https:\\\/\\\/www.editorialminuscula.com\\\/#\\\/schema\\\/logo\\\/image\\\/\",\"url\":\"\",\"contentUrl\":\"\",\"caption\":\"Editorial min\u00fascula\"},\"image\":{\"@id\":\"https:\\\/\\\/www.editorialminuscula.com\\\/#\\\/schema\\\/logo\\\/image\\\/\"},\"sameAs\":[\"https:\\\/\\\/www.instagram.com\\\/reemocioart\\\/\"]}]}<\/script>\n<!-- \/ Yoast SEO plugin. -->","yoast_head_json":{"title":"Las ciudades blancas - editorial min\u00fascula","robots":{"index":"index","follow":"follow","max-snippet":"max-snippet:-1","max-image-preview":"max-image-preview:large","max-video-preview":"max-video-preview:-1"},"canonical":"https:\/\/www.editorialminuscula.com\/libro\/las-ciudades-blancas\/","og_locale":"ca_ES","og_type":"article","og_title":"Las ciudades blancas - editorial min\u00fascula","og_description":"Joseph Roth978-84-941457-8-09788494145780","og_url":"https:\/\/www.editorialminuscula.com\/libro\/las-ciudades-blancas\/","og_site_name":"editorial min\u00fascula","article_modified_time":"2024-09-23T08:02:01+00:00","og_image":[{"width":727,"height":1000,"url":"https:\/\/www.editorialminuscula.com\/wp-content\/uploads\/paisajes-narrados-001-las-ciudades-blancas.jpg","type":"image\/jpeg"}],"twitter_card":"summary_large_image","twitter_misc":{"Temps estimat de lectura":"1 minut"},"schema":{"@context":"https:\/\/schema.org","@graph":[{"@type":"WebPage","@id":"https:\/\/www.editorialminuscula.com\/libro\/las-ciudades-blancas\/","url":"https:\/\/www.editorialminuscula.com\/libro\/las-ciudades-blancas\/","name":"Las ciudades blancas - editorial min\u00fascula","isPartOf":{"@id":"https:\/\/www.editorialminuscula.com\/#website"},"primaryImageOfPage":{"@id":"https:\/\/www.editorialminuscula.com\/libro\/las-ciudades-blancas\/#primaryimage"},"image":{"@id":"https:\/\/www.editorialminuscula.com\/libro\/las-ciudades-blancas\/#primaryimage"},"thumbnailUrl":"https:\/\/www.editorialminuscula.com\/wp-content\/uploads\/paisajes-narrados-001-las-ciudades-blancas.jpg","datePublished":"2024-07-18T16:50:50+00:00","dateModified":"2024-09-23T08:02:01+00:00","breadcrumb":{"@id":"https:\/\/www.editorialminuscula.com\/libro\/las-ciudades-blancas\/#breadcrumb"},"inLanguage":"ca","potentialAction":[{"@type":"ReadAction","target":["https:\/\/www.editorialminuscula.com\/libro\/las-ciudades-blancas\/"]}]},{"@type":"ImageObject","inLanguage":"ca","@id":"https:\/\/www.editorialminuscula.com\/libro\/las-ciudades-blancas\/#primaryimage","url":"https:\/\/www.editorialminuscula.com\/wp-content\/uploads\/paisajes-narrados-001-las-ciudades-blancas.jpg","contentUrl":"https:\/\/www.editorialminuscula.com\/wp-content\/uploads\/paisajes-narrados-001-las-ciudades-blancas.jpg","width":727,"height":1000,"caption":"Portada Las ciudades blancas"},{"@type":"BreadcrumbList","@id":"https:\/\/www.editorialminuscula.com\/libro\/las-ciudades-blancas\/#breadcrumb","itemListElement":[{"@type":"ListItem","position":1,"name":"Portada","item":"https:\/\/www.editorialminuscula.com\/ca\/"},{"@type":"ListItem","position":2,"name":"Cat\u00e0leg","item":"https:\/\/www.editorialminuscula.com\/ca\/cataleg\/"},{"@type":"ListItem","position":3,"name":"Las ciudades blancas"}]},{"@type":"WebSite","@id":"https:\/\/www.editorialminuscula.com\/#website","url":"https:\/\/www.editorialminuscula.com\/","name":"editorial min\u00fascula","description":"","publisher":{"@id":"https:\/\/www.editorialminuscula.com\/#organization"},"alternateName":"Velas naturales","potentialAction":[{"@type":"SearchAction","target":{"@type":"EntryPoint","urlTemplate":"https:\/\/www.editorialminuscula.com\/?s={search_term_string}"},"query-input":{"@type":"PropertyValueSpecification","valueRequired":true,"valueName":"search_term_string"}}],"inLanguage":"ca"},{"@type":"Organization","@id":"https:\/\/www.editorialminuscula.com\/#organization","name":"Editorial min\u00fascula","alternateName":"Editorial min\u00fascula","url":"https:\/\/www.editorialminuscula.com\/","logo":{"@type":"ImageObject","inLanguage":"ca","@id":"https:\/\/www.editorialminuscula.com\/#\/schema\/logo\/image\/","url":"","contentUrl":"","caption":"Editorial min\u00fascula"},"image":{"@id":"https:\/\/www.editorialminuscula.com\/#\/schema\/logo\/image\/"},"sameAs":["https:\/\/www.instagram.com\/reemocioart\/"]}]}},"_links":{"self":[{"href":"https:\/\/www.editorialminuscula.com\/ca\/wp-json\/wp\/v2\/product\/3100","targetHints":{"allow":["GET"]}}],"collection":[{"href":"https:\/\/www.editorialminuscula.com\/ca\/wp-json\/wp\/v2\/product"}],"about":[{"href":"https:\/\/www.editorialminuscula.com\/ca\/wp-json\/wp\/v2\/types\/product"}],"acf:post":[{"embeddable":true,"href":"https:\/\/www.editorialminuscula.com\/ca\/wp-json\/wp\/v2\/autor\/2942"},{"embeddable":true,"href":"https:\/\/www.editorialminuscula.com\/ca\/wp-json\/wp\/v2\/autor\/2255"}],"wp:featuredmedia":[{"embeddable":true,"href":"https:\/\/www.editorialminuscula.com\/ca\/wp-json\/wp\/v2\/media\/2509"}],"wp:attachment":[{"href":"https:\/\/www.editorialminuscula.com\/ca\/wp-json\/wp\/v2\/media?parent=3100"}],"wp:term":[{"taxonomy":"product_brand","embeddable":true,"href":"https:\/\/www.editorialminuscula.com\/ca\/wp-json\/wp\/v2\/product_brand?post=3100"},{"taxonomy":"product_cat","embeddable":true,"href":"https:\/\/www.editorialminuscula.com\/ca\/wp-json\/wp\/v2\/product_cat?post=3100"},{"taxonomy":"product_tag","embeddable":true,"href":"https:\/\/www.editorialminuscula.com\/ca\/wp-json\/wp\/v2\/product_tag?post=3100"}],"curies":[{"name":"wp","href":"https:\/\/api.w.org\/{rel}","templated":true}]}}